{"id":10554,"date":"2025-06-04T16:20:34","date_gmt":"2025-06-04T21:20:34","guid":{"rendered":"https:\/\/www.proamazonia.org\/ppr\/?page_id=10554"},"modified":"2025-06-04T17:19:10","modified_gmt":"2025-06-04T22:19:10","slug":"pdi-confeniae","status":"publish","type":"page","link":"https:\/\/www.proamazonia.org\/ppr\/pdi-confeniae\/","title":{"rendered":"PDI Confeniae"},"content":{"rendered":"<div class=\"wpb-content-wrapper\"><p>[vc_row][vc_column width=\u00bb1\/1&#8243;]<div class=\"ult-spacer spacer-69e9da393797a\" data-id=\"69e9da393797a\" data-height=\"20\" data-height-mobile=\"0\" data-height-tab=\"20\" data-height-tab-portrait=\"20\" data-height-mobile-landscape=\"0\" style=\"clear:both;display:block;\"><\/div>[\/vc_column][\/vc_row][vc_row bg_type=\u00bbbg_color\u00bb ult_hide_row=\u00bbult_hide_row_value\u00bb ult_hide_row_tablet_small=\u00bbxs_tablet\u00bb ult_hide_row_mobile=\u00bbmobile\u00bb ult_hide_row_mobile_large=\u00bbxl_mobile\u00bb bg_color_value=\u00bb#FFFFFF\u00bb][vc_column column_center=\u00bbtrue\u00bb width=\u00bb1\/3&#8243;]<div class=\"gallery-style-2\">\n\t\t<style type=\"text\/css\">\n\t\t\t#gallery-1 {\n\t\t\t\tmargin: auto;\n\t\t\t}\n\t\t\t#gallery-1 .gallery-item {\n\t\t\t\tfloat: left;\n\t\t\t\tmargin-top: 10px;\n\t\t\t\ttext-align: center;\n\t\t\t\twidth: 50%;\n\t\t\t}\n\t\t\t#gallery-1 img {\n\t\t\t\tborder: 2px solid #cfcfcf;\n\t\t\t}\n\t\t\t#gallery-1 .gallery-caption {\n\t\t\t\tmargin-left: 0;\n\t\t\t}\n\t\t\t\/* see gallery_shortcode() in wp-includes\/media.php *\/\n\t\t<\/style>\n\t\t<div id='gallery-1' class='gallery galleryid-10554 gallery-columns-2 gallery-size-thumbnail'><dl class='gallery-item'>\n\t\t\t<dt class='gallery-icon landscape'>\n\t\t\t\t<a rel=\"prettyPhoto[pp_gal]\" href='https:\/\/www.proamazonia.org\/ppr\/wp-content\/uploads\/2025\/06\/PDI-01.jpg'><img loading=\"lazy\" decoding=\"async\" width=\"150\" height=\"150\" src=\"https:\/\/www.proamazonia.org\/ppr\/wp-content\/uploads\/2025\/06\/PDI-01-150x150.jpg\" class=\"attachment-thumbnail size-thumbnail\" alt=\"\" srcset=\"https:\/\/www.proamazonia.org\/ppr\/wp-content\/uploads\/2025\/06\/PDI-01-150x150.jpg 150w, https:\/\/www.proamazonia.org\/ppr\/wp-content\/uploads\/2025\/06\/PDI-01-80x80.jpg 80w, https:\/\/www.proamazonia.org\/ppr\/wp-content\/uploads\/2025\/06\/PDI-01-500x500.jpg 500w, https:\/\/www.proamazonia.org\/ppr\/wp-content\/uploads\/2025\/06\/PDI-01-75x75.jpg 75w\" sizes=\"auto, (max-width: 150px) 100vw, 150px\" \/><\/a>\n\t\t\t<\/dt><\/dl><dl class='gallery-item'>\n\t\t\t<dt class='gallery-icon landscape'>\n\t\t\t\t<a rel=\"prettyPhoto[pp_gal]\" href='https:\/\/www.proamazonia.org\/ppr\/wp-content\/uploads\/2025\/06\/PDI-08.jpg'><img loading=\"lazy\" decoding=\"async\" width=\"150\" height=\"150\" src=\"https:\/\/www.proamazonia.org\/ppr\/wp-content\/uploads\/2025\/06\/PDI-08-150x150.jpg\" class=\"attachment-thumbnail size-thumbnail\" alt=\"\" srcset=\"https:\/\/www.proamazonia.org\/ppr\/wp-content\/uploads\/2025\/06\/PDI-08-150x150.jpg 150w, https:\/\/www.proamazonia.org\/ppr\/wp-content\/uploads\/2025\/06\/PDI-08-80x80.jpg 80w, https:\/\/www.proamazonia.org\/ppr\/wp-content\/uploads\/2025\/06\/PDI-08-500x500.jpg 500w, https:\/\/www.proamazonia.org\/ppr\/wp-content\/uploads\/2025\/06\/PDI-08-75x75.jpg 75w\" sizes=\"auto, (max-width: 150px) 100vw, 150px\" \/><\/a>\n\t\t\t<\/dt><\/dl><br style=\"clear: both\" \/><dl class='gallery-item'>\n\t\t\t<dt class='gallery-icon landscape'>\n\t\t\t\t<a rel=\"prettyPhoto[pp_gal]\" href='https:\/\/www.proamazonia.org\/ppr\/wp-content\/uploads\/2025\/06\/PDI-07.jpg'><img loading=\"lazy\" decoding=\"async\" width=\"150\" height=\"150\" src=\"https:\/\/www.proamazonia.org\/ppr\/wp-content\/uploads\/2025\/06\/PDI-07-150x150.jpg\" class=\"attachment-thumbnail size-thumbnail\" alt=\"\" srcset=\"https:\/\/www.proamazonia.org\/ppr\/wp-content\/uploads\/2025\/06\/PDI-07-150x150.jpg 150w, https:\/\/www.proamazonia.org\/ppr\/wp-content\/uploads\/2025\/06\/PDI-07-80x80.jpg 80w, https:\/\/www.proamazonia.org\/ppr\/wp-content\/uploads\/2025\/06\/PDI-07-500x500.jpg 500w, https:\/\/www.proamazonia.org\/ppr\/wp-content\/uploads\/2025\/06\/PDI-07-75x75.jpg 75w\" sizes=\"auto, (max-width: 150px) 100vw, 150px\" \/><\/a>\n\t\t\t<\/dt><\/dl><dl class='gallery-item'>\n\t\t\t<dt class='gallery-icon landscape'>\n\t\t\t\t<a rel=\"prettyPhoto[pp_gal]\" href='https:\/\/www.proamazonia.org\/ppr\/wp-content\/uploads\/2025\/06\/PDI-05.jpg'><img loading=\"lazy\" decoding=\"async\" width=\"150\" height=\"150\" src=\"https:\/\/www.proamazonia.org\/ppr\/wp-content\/uploads\/2025\/06\/PDI-05-150x150.jpg\" class=\"attachment-thumbnail size-thumbnail\" alt=\"\" srcset=\"https:\/\/www.proamazonia.org\/ppr\/wp-content\/uploads\/2025\/06\/PDI-05-150x150.jpg 150w, https:\/\/www.proamazonia.org\/ppr\/wp-content\/uploads\/2025\/06\/PDI-05-80x80.jpg 80w, https:\/\/www.proamazonia.org\/ppr\/wp-content\/uploads\/2025\/06\/PDI-05-500x500.jpg 500w, https:\/\/www.proamazonia.org\/ppr\/wp-content\/uploads\/2025\/06\/PDI-05-75x75.jpg 75w\" sizes=\"auto, (max-width: 150px) 100vw, 150px\" \/><\/a>\n\t\t\t<\/dt><\/dl><br style=\"clear: both\" \/><dl class='gallery-item'>\n\t\t\t<dt class='gallery-icon landscape'>\n\t\t\t\t<a rel=\"prettyPhoto[pp_gal]\" href='https:\/\/www.proamazonia.org\/ppr\/wp-content\/uploads\/2025\/06\/PDI-06.jpg'><img loading=\"lazy\" decoding=\"async\" width=\"150\" height=\"150\" src=\"https:\/\/www.proamazonia.org\/ppr\/wp-content\/uploads\/2025\/06\/PDI-06-150x150.jpg\" class=\"attachment-thumbnail size-thumbnail\" alt=\"\" srcset=\"https:\/\/www.proamazonia.org\/ppr\/wp-content\/uploads\/2025\/06\/PDI-06-150x150.jpg 150w, https:\/\/www.proamazonia.org\/ppr\/wp-content\/uploads\/2025\/06\/PDI-06-80x80.jpg 80w, https:\/\/www.proamazonia.org\/ppr\/wp-content\/uploads\/2025\/06\/PDI-06-500x500.jpg 500w, https:\/\/www.proamazonia.org\/ppr\/wp-content\/uploads\/2025\/06\/PDI-06-75x75.jpg 75w\" sizes=\"auto, (max-width: 150px) 100vw, 150px\" \/><\/a>\n\t\t\t<\/dt><\/dl><dl class='gallery-item'>\n\t\t\t<dt class='gallery-icon landscape'>\n\t\t\t\t<a rel=\"prettyPhoto[pp_gal]\" href='https:\/\/www.proamazonia.org\/ppr\/wp-content\/uploads\/2025\/06\/PDI-04.jpg'><img loading=\"lazy\" decoding=\"async\" width=\"150\" height=\"150\" src=\"https:\/\/www.proamazonia.org\/ppr\/wp-content\/uploads\/2025\/06\/PDI-04-150x150.jpg\" class=\"attachment-thumbnail size-thumbnail\" alt=\"\" srcset=\"https:\/\/www.proamazonia.org\/ppr\/wp-content\/uploads\/2025\/06\/PDI-04-150x150.jpg 150w, https:\/\/www.proamazonia.org\/ppr\/wp-content\/uploads\/2025\/06\/PDI-04-80x80.jpg 80w, https:\/\/www.proamazonia.org\/ppr\/wp-content\/uploads\/2025\/06\/PDI-04-500x500.jpg 500w, https:\/\/www.proamazonia.org\/ppr\/wp-content\/uploads\/2025\/06\/PDI-04-75x75.jpg 75w\" sizes=\"auto, (max-width: 150px) 100vw, 150px\" \/><\/a>\n\t\t\t<\/dt><\/dl><br style=\"clear: both\" \/><dl class='gallery-item'>\n\t\t\t<dt class='gallery-icon landscape'>\n\t\t\t\t<a rel=\"prettyPhoto[pp_gal]\" href='https:\/\/www.proamazonia.org\/ppr\/wp-content\/uploads\/2025\/06\/PDI-02.jpg'><img loading=\"lazy\" decoding=\"async\" width=\"150\" height=\"150\" src=\"https:\/\/www.proamazonia.org\/ppr\/wp-content\/uploads\/2025\/06\/PDI-02-150x150.jpg\" class=\"attachment-thumbnail size-thumbnail\" alt=\"\" srcset=\"https:\/\/www.proamazonia.org\/ppr\/wp-content\/uploads\/2025\/06\/PDI-02-150x150.jpg 150w, https:\/\/www.proamazonia.org\/ppr\/wp-content\/uploads\/2025\/06\/PDI-02-80x80.jpg 80w, https:\/\/www.proamazonia.org\/ppr\/wp-content\/uploads\/2025\/06\/PDI-02-500x500.jpg 500w, https:\/\/www.proamazonia.org\/ppr\/wp-content\/uploads\/2025\/06\/PDI-02-75x75.jpg 75w\" sizes=\"auto, (max-width: 150px) 100vw, 150px\" \/><\/a>\n\t\t\t<\/dt><\/dl><dl class='gallery-item'>\n\t\t\t<dt class='gallery-icon landscape'>\n\t\t\t\t<a rel=\"prettyPhoto[pp_gal]\" href='https:\/\/www.proamazonia.org\/ppr\/wp-content\/uploads\/2025\/06\/PDI-03.jpg'><img loading=\"lazy\" decoding=\"async\" width=\"150\" height=\"150\" src=\"https:\/\/www.proamazonia.org\/ppr\/wp-content\/uploads\/2025\/06\/PDI-03-150x150.jpg\" class=\"attachment-thumbnail size-thumbnail\" alt=\"\" srcset=\"https:\/\/www.proamazonia.org\/ppr\/wp-content\/uploads\/2025\/06\/PDI-03-150x150.jpg 150w, https:\/\/www.proamazonia.org\/ppr\/wp-content\/uploads\/2025\/06\/PDI-03-80x80.jpg 80w, https:\/\/www.proamazonia.org\/ppr\/wp-content\/uploads\/2025\/06\/PDI-03-500x500.jpg 500w, https:\/\/www.proamazonia.org\/ppr\/wp-content\/uploads\/2025\/06\/PDI-03-75x75.jpg 75w\" sizes=\"auto, (max-width: 150px) 100vw, 150px\" \/><\/a>\n\t\t\t<\/dt><\/dl><br style=\"clear: both\" \/>\n\t\t<\/div>\n<\/div>[vc_column_text]<\/p>\n<p style=\"text-align: center;\"><em>Cr\u00e9ditos: Confeniae<\/em><\/p>\n<p>[\/vc_column_text][\/vc_column][vc_column column_center=\u00bbtrue\u00bb width=\u00bb2\/3&#8243;]<div class=\"single_image wpb_content_element align-center   \" data-animation=\"none\" data-delay=\"0\"><img loading=\"lazy\" decoding=\"async\" width=\"815\" height=\"38\" src=\"https:\/\/www.proamazonia.org\/ppr\/wp-content\/uploads\/2025\/06\/tiras.png\" class=\"attachment-full\" alt=\"\" title=\"tiras\" srcset=\"https:\/\/www.proamazonia.org\/ppr\/wp-content\/uploads\/2025\/06\/tiras.png 815w, https:\/\/www.proamazonia.org\/ppr\/wp-content\/uploads\/2025\/06\/tiras-300x14.png 300w, https:\/\/www.proamazonia.org\/ppr\/wp-content\/uploads\/2025\/06\/tiras-768x36.png 768w, https:\/\/www.proamazonia.org\/ppr\/wp-content\/uploads\/2025\/06\/tiras-800x38.png 800w\" sizes=\"auto, (max-width: 815px) 100vw, 815px\" \/><\/div><div id=\"ultimate-heading-294269e9da3939199\" class=\"uvc-heading ult-adjust-bottom-margin ultimate-heading-294269e9da3939199 uvc-6888 \" data-hspacer=\"line_with_icon\" data-hline_width=\"auto\" data-hicon_type=\"selector\" data-hborder_style=\"dashed\" data-hborder_height=\"2\" data-hborder_color=\"#E30613\" data-icon_width=\"32\" data-hfixer=\"10\"  data-halign=\"left\" style=\"text-align:left\"><div class=\"uvc-main-heading ult-responsive\"  data-ultimate-target='.uvc-heading.ultimate-heading-294269e9da3939199 h2'  data-responsive-json-new='{\"font-size\":\"desktop:30px;\",\"line-height\":\"\"}' ><h2 style=\"font-weight:normal;color:#E30613;margin-top:10px;margin-bottom:30px;\">\u00a1Te invitamos a conocer el sitio web del Plan de Implementaci\u00f3n de Medidas y Acciones REDD+ de la CONFENIAE \u2013 PdI!<\/h2><\/div><div class=\"uvc-heading-spacer line_with_icon\" style=\"margin-top:10px;margin-bottom:30px;height:32px;\"><div class=\"ult-just-icon-wrapper  \"><div class=\"align-icon\" style=\"text-align:left;\">\n<div class=\"aio-icon none \"  style=\"color:#E30613;font-size:32px;\">\n\t<i class=\"Defaults-location-arrow\"><\/i>\n<\/div><\/div><\/div><\/div><div class=\"uvc-sub-heading ult-responsive\"  data-ultimate-target='.uvc-heading.ultimate-heading-294269e9da3939199 .uvc-sub-heading '  data-responsive-json-new='{\"font-size\":\"\",\"line-height\":\"\"}'  style=\"font-weight:normal;margin-top:10px;margin-bottom:50px;\"><span lang=\"es\" data-olk-copy-source=\"MessageBody\">Este espacio recoge algunos de los resultados del compromiso y liderazgo de los pueblos y nacionalidades amaz\u00f3nicas en la lucha contra el cambio clim\u00e1tico, desde una perspectiva propia, respetado su cosmovisi\u00f3n, con enfoque de g\u00e9nero e interculturalidad. El Plan representa una hoja de ruta construida colectivamente, que articula saberes ancestrales y soluciones innovadoras para la conservaci\u00f3n de los bosques y el desarrollo sostenible de los territorios.<\/span><\/p>\n<p><span lang=\"es\">En un contexto global donde la acci\u00f3n clim\u00e1tica exige soluciones justas y efectivas, este esfuerzo impulsado por, el Ministerio del Ambiente, Agua y Transici\u00f3n Ecol\u00f3gica, la CONFENIAE, el PNUD y WWF; destaca el valor de la colaboraci\u00f3n entre pueblos y nacionalidades ind\u00edgenas, Estado, cooperaci\u00f3n internacional y ONGs.<\/span><\/p>\n<p><span lang=\"es\">A trav\u00e9s del fortalecimiento de capacidades, la promoci\u00f3n de econom\u00edas sostenibles, la sensibilizaci\u00f3n, y el reconocimiento de los derechos colectivos; el PdI potencia la participaci\u00f3n de mujeres, j\u00f3venes y comunidades amaz\u00f3nicas en la mitigaci\u00f3n del cambio clim\u00e1tico. Explora m\u00e1s sobre esta iniciativa transformadora ingresando a:<\/span><\/div><\/div><a href=\"https:\/\/confeniae.net\/programas\/plan-de-implementacion\/\" target=\"_blank\" class=\"button button-appear custom full \" style=\"background-color: #E30613; border-color: #E30613;border-radius: 3;\"><span>Ver el plan de Implementaci\u00f3n<\/span><\/a>[\/vc_column][\/vc_row][vc_row top_padding=\u00bb0&#8243; bg_type=\u00bbbg_color\u00bb ult_hide_row=\u00bbult_hide_row_value\u00bb ult_hide_row_large_screen=\u00bblarge_screen\u00bb ult_hide_row_desktop=\u00bbdesktop\u00bb ult_hide_row_tablet=\u00bbtablet\u00bb bg_color_value=\u00bb#FFFFFF\u00bb][vc_column column_center=\u00bbtrue\u00bb width=\u00bb1\/1&#8243;]<div class=\"single_image wpb_content_element align-center   \" data-animation=\"none\" data-delay=\"0\"><img loading=\"lazy\" decoding=\"async\" width=\"815\" height=\"38\" src=\"https:\/\/www.proamazonia.org\/ppr\/wp-content\/uploads\/2025\/06\/tiras.png\" class=\"attachment-full\" alt=\"\" title=\"tiras\" srcset=\"https:\/\/www.proamazonia.org\/ppr\/wp-content\/uploads\/2025\/06\/tiras.png 815w, https:\/\/www.proamazonia.org\/ppr\/wp-content\/uploads\/2025\/06\/tiras-300x14.png 300w, https:\/\/www.proamazonia.org\/ppr\/wp-content\/uploads\/2025\/06\/tiras-768x36.png 768w, https:\/\/www.proamazonia.org\/ppr\/wp-content\/uploads\/2025\/06\/tiras-800x38.png 800w\" sizes=\"auto, (max-width: 815px) 100vw, 815px\" \/><\/div><div id=\"ultimate-heading-324369e9da3939330\" class=\"uvc-heading ult-adjust-bottom-margin ultimate-heading-324369e9da3939330 uvc-1034 \" data-hspacer=\"line_with_icon\" data-hline_width=\"auto\" data-hicon_type=\"selector\" data-hborder_style=\"dashed\" data-hborder_height=\"2\" data-hborder_color=\"#E30613\" data-icon_width=\"32\" data-hfixer=\"10\"  data-halign=\"left\" style=\"text-align:left\"><div class=\"uvc-main-heading ult-responsive\"  data-ultimate-target='.uvc-heading.ultimate-heading-324369e9da3939330 h2'  data-responsive-json-new='{\"font-size\":\"desktop:30px;\",\"line-height\":\"\"}' ><h2 style=\"font-weight:normal;color:#E30613;margin-top:10px;margin-bottom:30px;\">\u00a1Te invitamos a conocer el sitio web del Plan de Implementaci\u00f3n de Medidas y Acciones REDD+ de la CONFENIAE \u2013 PdI!<\/h2><\/div><div class=\"uvc-heading-spacer line_with_icon\" style=\"margin-top:10px;margin-bottom:30px;height:32px;\"><div class=\"ult-just-icon-wrapper  \"><div class=\"align-icon\" style=\"text-align:left;\">\n<div class=\"aio-icon none \"  style=\"color:#E30613;font-size:32px;\">\n\t<i class=\"Defaults-location-arrow\"><\/i>\n<\/div><\/div><\/div><\/div><div class=\"uvc-sub-heading ult-responsive\"  data-ultimate-target='.uvc-heading.ultimate-heading-324369e9da3939330 .uvc-sub-heading '  data-responsive-json-new='{\"font-size\":\"\",\"line-height\":\"\"}'  style=\"font-weight:normal;margin-top:10px;margin-bottom:50px;\"><span lang=\"es\" data-olk-copy-source=\"MessageBody\">Este espacio recoge algunos de los resultados del compromiso y liderazgo de los pueblos y nacionalidades amaz\u00f3nicas en la lucha contra el cambio clim\u00e1tico, desde una perspectiva propia, respetado su cosmovisi\u00f3n, con enfoque de g\u00e9nero e interculturalidad. El Plan representa una hoja de ruta construida colectivamente, que articula saberes ancestrales y soluciones innovadoras para la conservaci\u00f3n de los bosques y el desarrollo sostenible de los territorios.<\/span><\/p>\n<p><span lang=\"es\">En un contexto global donde la acci\u00f3n clim\u00e1tica exige soluciones justas y efectivas, este esfuerzo impulsado por, el Ministerio del Ambiente, Agua y Transici\u00f3n Ecol\u00f3gica, la CONFENIAE, el PNUD y WWF; destaca el valor de la colaboraci\u00f3n entre pueblos y nacionalidades ind\u00edgenas, Estado, cooperaci\u00f3n internacional y ONGs.<\/span><\/p>\n<p><span lang=\"es\">A trav\u00e9s del fortalecimiento de capacidades, la promoci\u00f3n de econom\u00edas sostenibles, la sensibilizaci\u00f3n, y el reconocimiento de los derechos colectivos; el PdI potencia la participaci\u00f3n de mujeres, j\u00f3venes y comunidades amaz\u00f3nicas en la mitigaci\u00f3n del cambio clim\u00e1tico. Explora m\u00e1s sobre esta iniciativa transformadora ingresando a:<\/span><\/div><\/div><a href=\"https:\/\/confeniae.net\/programas\/plan-de-implementacion\/\" target=\"_blank\" class=\"button button-appear custom full \" style=\"background-color: #E30613; border-color: #E30613;border-radius: 3;\"><span>Ver el plan de Implementaci\u00f3n<\/span><\/a>[\/vc_column][\/vc_row][vc_row bg_type=\u00bbbg_color\u00bb ult_hide_row=\u00bbult_hide_row_value\u00bb ult_hide_row_large_screen=\u00bblarge_screen\u00bb ult_hide_row_desktop=\u00bbdesktop\u00bb ult_hide_row_tablet=\u00bbtablet\u00bb bg_color_value=\u00bb#FFFFFF\u00bb][vc_column column_center=\u00bbtrue\u00bb width=\u00bb1\/1&#8243;]<div class=\"gallery-style-2\">\n\t\t<style type=\"text\/css\">\n\t\t\t#gallery-2 {\n\t\t\t\tmargin: auto;\n\t\t\t}\n\t\t\t#gallery-2 .gallery-item {\n\t\t\t\tfloat: left;\n\t\t\t\tmargin-top: 10px;\n\t\t\t\ttext-align: center;\n\t\t\t\twidth: 50%;\n\t\t\t}\n\t\t\t#gallery-2 img {\n\t\t\t\tborder: 2px solid #cfcfcf;\n\t\t\t}\n\t\t\t#gallery-2 .gallery-caption {\n\t\t\t\tmargin-left: 0;\n\t\t\t}\n\t\t\t\/* see gallery_shortcode() in wp-includes\/media.php *\/\n\t\t<\/style>\n\t\t<div id='gallery-2' class='gallery galleryid-10554 gallery-columns-2 gallery-size-thumbnail'><dl class='gallery-item'>\n\t\t\t<dt class='gallery-icon landscape'>\n\t\t\t\t<a rel=\"prettyPhoto[pp_gal]\" href='https:\/\/www.proamazonia.org\/ppr\/wp-content\/uploads\/2025\/06\/PDI-01.jpg'><img loading=\"lazy\" decoding=\"async\" width=\"150\" height=\"150\" src=\"https:\/\/www.proamazonia.org\/ppr\/wp-content\/uploads\/2025\/06\/PDI-01-150x150.jpg\" class=\"attachment-thumbnail size-thumbnail\" alt=\"\" srcset=\"https:\/\/www.proamazonia.org\/ppr\/wp-content\/uploads\/2025\/06\/PDI-01-150x150.jpg 150w, https:\/\/www.proamazonia.org\/ppr\/wp-content\/uploads\/2025\/06\/PDI-01-80x80.jpg 80w, https:\/\/www.proamazonia.org\/ppr\/wp-content\/uploads\/2025\/06\/PDI-01-500x500.jpg 500w, https:\/\/www.proamazonia.org\/ppr\/wp-content\/uploads\/2025\/06\/PDI-01-75x75.jpg 75w\" sizes=\"auto, (max-width: 150px) 100vw, 150px\" \/><\/a>\n\t\t\t<\/dt><\/dl><dl class='gallery-item'>\n\t\t\t<dt class='gallery-icon landscape'>\n\t\t\t\t<a rel=\"prettyPhoto[pp_gal]\" href='https:\/\/www.proamazonia.org\/ppr\/wp-content\/uploads\/2025\/06\/PDI-08.jpg'><img loading=\"lazy\" decoding=\"async\" width=\"150\" height=\"150\" src=\"https:\/\/www.proamazonia.org\/ppr\/wp-content\/uploads\/2025\/06\/PDI-08-150x150.jpg\" class=\"attachment-thumbnail size-thumbnail\" alt=\"\" srcset=\"https:\/\/www.proamazonia.org\/ppr\/wp-content\/uploads\/2025\/06\/PDI-08-150x150.jpg 150w, https:\/\/www.proamazonia.org\/ppr\/wp-content\/uploads\/2025\/06\/PDI-08-80x80.jpg 80w, https:\/\/www.proamazonia.org\/ppr\/wp-content\/uploads\/2025\/06\/PDI-08-500x500.jpg 500w, https:\/\/www.proamazonia.org\/ppr\/wp-content\/uploads\/2025\/06\/PDI-08-75x75.jpg 75w\" sizes=\"auto, (max-width: 150px) 100vw, 150px\" \/><\/a>\n\t\t\t<\/dt><\/dl><br style=\"clear: both\" \/><dl class='gallery-item'>\n\t\t\t<dt class='gallery-icon landscape'>\n\t\t\t\t<a rel=\"prettyPhoto[pp_gal]\" href='https:\/\/www.proamazonia.org\/ppr\/wp-content\/uploads\/2025\/06\/PDI-07.jpg'><img loading=\"lazy\" decoding=\"async\" width=\"150\" height=\"150\" src=\"https:\/\/www.proamazonia.org\/ppr\/wp-content\/uploads\/2025\/06\/PDI-07-150x150.jpg\" class=\"attachment-thumbnail size-thumbnail\" alt=\"\" srcset=\"https:\/\/www.proamazonia.org\/ppr\/wp-content\/uploads\/2025\/06\/PDI-07-150x150.jpg 150w, https:\/\/www.proamazonia.org\/ppr\/wp-content\/uploads\/2025\/06\/PDI-07-80x80.jpg 80w, https:\/\/www.proamazonia.org\/ppr\/wp-content\/uploads\/2025\/06\/PDI-07-500x500.jpg 500w, https:\/\/www.proamazonia.org\/ppr\/wp-content\/uploads\/2025\/06\/PDI-07-75x75.jpg 75w\" sizes=\"auto, (max-width: 150px) 100vw, 150px\" \/><\/a>\n\t\t\t<\/dt><\/dl><dl class='gallery-item'>\n\t\t\t<dt class='gallery-icon landscape'>\n\t\t\t\t<a rel=\"prettyPhoto[pp_gal]\" href='https:\/\/www.proamazonia.org\/ppr\/wp-content\/uploads\/2025\/06\/PDI-05.jpg'><img loading=\"lazy\" decoding=\"async\" width=\"150\" height=\"150\" src=\"https:\/\/www.proamazonia.org\/ppr\/wp-content\/uploads\/2025\/06\/PDI-05-150x150.jpg\" class=\"attachment-thumbnail size-thumbnail\" alt=\"\" srcset=\"https:\/\/www.proamazonia.org\/ppr\/wp-content\/uploads\/2025\/06\/PDI-05-150x150.jpg 150w, https:\/\/www.proamazonia.org\/ppr\/wp-content\/uploads\/2025\/06\/PDI-05-80x80.jpg 80w, https:\/\/www.proamazonia.org\/ppr\/wp-content\/uploads\/2025\/06\/PDI-05-500x500.jpg 500w, https:\/\/www.proamazonia.org\/ppr\/wp-content\/uploads\/2025\/06\/PDI-05-75x75.jpg 75w\" sizes=\"auto, (max-width: 150px) 100vw, 150px\" \/><\/a>\n\t\t\t<\/dt><\/dl><br style=\"clear: both\" \/><dl class='gallery-item'>\n\t\t\t<dt class='gallery-icon landscape'>\n\t\t\t\t<a rel=\"prettyPhoto[pp_gal]\" href='https:\/\/www.proamazonia.org\/ppr\/wp-content\/uploads\/2025\/06\/PDI-06.jpg'><img loading=\"lazy\" decoding=\"async\" width=\"150\" height=\"150\" src=\"https:\/\/www.proamazonia.org\/ppr\/wp-content\/uploads\/2025\/06\/PDI-06-150x150.jpg\" class=\"attachment-thumbnail size-thumbnail\" alt=\"\" srcset=\"https:\/\/www.proamazonia.org\/ppr\/wp-content\/uploads\/2025\/06\/PDI-06-150x150.jpg 150w, https:\/\/www.proamazonia.org\/ppr\/wp-content\/uploads\/2025\/06\/PDI-06-80x80.jpg 80w, https:\/\/www.proamazonia.org\/ppr\/wp-content\/uploads\/2025\/06\/PDI-06-500x500.jpg 500w, https:\/\/www.proamazonia.org\/ppr\/wp-content\/uploads\/2025\/06\/PDI-06-75x75.jpg 75w\" sizes=\"auto, (max-width: 150px) 100vw, 150px\" \/><\/a>\n\t\t\t<\/dt><\/dl><dl class='gallery-item'>\n\t\t\t<dt class='gallery-icon landscape'>\n\t\t\t\t<a rel=\"prettyPhoto[pp_gal]\" href='https:\/\/www.proamazonia.org\/ppr\/wp-content\/uploads\/2025\/06\/PDI-04.jpg'><img loading=\"lazy\" decoding=\"async\" width=\"150\" height=\"150\" src=\"https:\/\/www.proamazonia.org\/ppr\/wp-content\/uploads\/2025\/06\/PDI-04-150x150.jpg\" class=\"attachment-thumbnail size-thumbnail\" alt=\"\" srcset=\"https:\/\/www.proamazonia.org\/ppr\/wp-content\/uploads\/2025\/06\/PDI-04-150x150.jpg 150w, https:\/\/www.proamazonia.org\/ppr\/wp-content\/uploads\/2025\/06\/PDI-04-80x80.jpg 80w, https:\/\/www.proamazonia.org\/ppr\/wp-content\/uploads\/2025\/06\/PDI-04-500x500.jpg 500w, https:\/\/www.proamazonia.org\/ppr\/wp-content\/uploads\/2025\/06\/PDI-04-75x75.jpg 75w\" sizes=\"auto, (max-width: 150px) 100vw, 150px\" \/><\/a>\n\t\t\t<\/dt><\/dl><br style=\"clear: both\" \/><dl class='gallery-item'>\n\t\t\t<dt class='gallery-icon landscape'>\n\t\t\t\t<a rel=\"prettyPhoto[pp_gal]\" href='https:\/\/www.proamazonia.org\/ppr\/wp-content\/uploads\/2025\/06\/PDI-02.jpg'><img loading=\"lazy\" decoding=\"async\" width=\"150\" height=\"150\" src=\"https:\/\/www.proamazonia.org\/ppr\/wp-content\/uploads\/2025\/06\/PDI-02-150x150.jpg\" class=\"attachment-thumbnail size-thumbnail\" alt=\"\" srcset=\"https:\/\/www.proamazonia.org\/ppr\/wp-content\/uploads\/2025\/06\/PDI-02-150x150.jpg 150w, https:\/\/www.proamazonia.org\/ppr\/wp-content\/uploads\/2025\/06\/PDI-02-80x80.jpg 80w, https:\/\/www.proamazonia.org\/ppr\/wp-content\/uploads\/2025\/06\/PDI-02-500x500.jpg 500w, https:\/\/www.proamazonia.org\/ppr\/wp-content\/uploads\/2025\/06\/PDI-02-75x75.jpg 75w\" sizes=\"auto, (max-width: 150px) 100vw, 150px\" \/><\/a>\n\t\t\t<\/dt><\/dl><dl class='gallery-item'>\n\t\t\t<dt class='gallery-icon landscape'>\n\t\t\t\t<a rel=\"prettyPhoto[pp_gal]\" href='https:\/\/www.proamazonia.org\/ppr\/wp-content\/uploads\/2025\/06\/PDI-03.jpg'><img loading=\"lazy\" decoding=\"async\" width=\"150\" height=\"150\" src=\"https:\/\/www.proamazonia.org\/ppr\/wp-content\/uploads\/2025\/06\/PDI-03-150x150.jpg\" class=\"attachment-thumbnail size-thumbnail\" alt=\"\" srcset=\"https:\/\/www.proamazonia.org\/ppr\/wp-content\/uploads\/2025\/06\/PDI-03-150x150.jpg 150w, https:\/\/www.proamazonia.org\/ppr\/wp-content\/uploads\/2025\/06\/PDI-03-80x80.jpg 80w, https:\/\/www.proamazonia.org\/ppr\/wp-content\/uploads\/2025\/06\/PDI-03-500x500.jpg 500w, https:\/\/www.proamazonia.org\/ppr\/wp-content\/uploads\/2025\/06\/PDI-03-75x75.jpg 75w\" sizes=\"auto, (max-width: 150px) 100vw, 150px\" \/><\/a>\n\t\t\t<\/dt><\/dl><br style=\"clear: both\" \/>\n\t\t<\/div>\n<\/div>[vc_column_text]<\/p>\n<p style=\"text-align: center;\"><em>Cr\u00e9ditos: Confeniae<\/em><\/p>\n<p>[\/vc_column_text][\/vc_column][\/vc_row][vc_row][vc_column width=\u00bb1\/1&#8243;][\/vc_column][\/vc_row]<\/p>\n<\/div>","protected":false},"excerpt":{"rendered":"<p>[vc_row][vc_column width=\u00bb1\/1&#8243;][\/vc_column][\/vc_row][vc_row bg_type=\u00bbbg_color\u00bb ult_hide_row=\u00bbult_hide_row_value\u00bb ult_hide_row_tablet_small=\u00bbxs_tablet\u00bb ult_hide_row_mobile=\u00bbmobile\u00bb ult_hide_row_mobile_large=\u00bbxl_mobile\u00bb bg_color_value=\u00bb#FFFFFF\u00bb][vc_column column_center=\u00bbtrue\u00bb width=\u00bb1\/3&#8243;][vc_column_text] Cr\u00e9ditos: Confeniae [\/vc_column_text][\/vc_column][vc_column column_center=\u00bbtrue\u00bb width=\u00bb2\/3&#8243;][\/vc_column][\/vc_row][vc_row top_padding=\u00bb0&#8243; bg_type=\u00bbbg_color\u00bb ult_hide_row=\u00bbult_hide_row_value\u00bb ult_hide_row_large_screen=\u00bblarge_screen\u00bb ult_hide_row_desktop=\u00bbdesktop\u00bb ult_hide_row_tablet=\u00bbtablet\u00bb bg_color_value=\u00bb#FFFFFF\u00bb][vc_column column_center=\u00bbtrue\u00bb width=\u00bb1\/1&#8243;][\/vc_column][\/vc_row][vc_row bg_type=\u00bbbg_color\u00bb ult_hide_row=\u00bbult_hide_row_value\u00bb ult_hide_row_large_screen=\u00bblarge_screen\u00bb ult_hide_row_desktop=\u00bbdesktop\u00bb ult_hide_row_tablet=\u00bbtablet\u00bb bg_color_value=\u00bb#FFFFFF\u00bb][vc_column column_center=\u00bbtrue\u00bb width=\u00bb1\/1&#8243;][vc_column_text] Cr\u00e9ditos: Confeniae [\/vc_column_text][\/vc_column][\/vc_row][vc_row][vc_column width=\u00bb1\/1&#8243;][\/vc_column][\/vc_row]<\/p>\n","protected":false},"author":2,"featured_media":0,"parent":0,"menu_order":0,"comment_status":"closed","ping_status":"closed","template":"","meta":{"_uf_show_specific_survey":0,"_uf_disable_surveys":false,"footnotes":""},"class_list":["post-10554","page","type-page","status-publish","hentry"],"aioseo_notices":[],"_links":{"self":[{"href":"https:\/\/www.proamazonia.org\/ppr\/wp-json\/wp\/v2\/pages\/10554","targetHints":{"allow":["GET"]}}],"collection":[{"href":"https:\/\/www.proamazonia.org\/ppr\/wp-json\/wp\/v2\/pages"}],"about":[{"href":"https:\/\/www.proamazonia.org\/ppr\/wp-json\/wp\/v2\/types\/page"}],"author":[{"embeddable":true,"href":"https:\/\/www.proamazonia.org\/ppr\/wp-json\/wp\/v2\/users\/2"}],"replies":[{"embeddable":true,"href":"https:\/\/www.proamazonia.org\/ppr\/wp-json\/wp\/v2\/comments?post=10554"}],"version-history":[{"count":25,"href":"https:\/\/www.proamazonia.org\/ppr\/wp-json\/wp\/v2\/pages\/10554\/revisions"}],"predecessor-version":[{"id":10590,"href":"https:\/\/www.proamazonia.org\/ppr\/wp-json\/wp\/v2\/pages\/10554\/revisions\/10590"}],"wp:attachment":[{"href":"https:\/\/www.proamazonia.org\/ppr\/wp-json\/wp\/v2\/media?parent=10554"}],"curies":[{"name":"wp","href":"https:\/\/api.w.org\/{rel}","templated":true}]}}