{"id":142,"date":"2019-09-25T04:51:53","date_gmt":"2019-09-25T02:51:53","guid":{"rendered":"http:\/\/2sisdigital.com\/proamazonia\/?page_id=142"},"modified":"2020-12-10T05:25:33","modified_gmt":"2020-12-10T10:25:33","slug":"planificacion-y-ordenamiento-territorial","status":"publish","type":"page","link":"https:\/\/www.proamazonia.org\/ppr\/politicas-e-institucionalidad\/planificacion-y-ordenamiento-territorial\/","title":{"rendered":"PLANIFICACI\u00d3N Y ORDENAMIENTO TERRITORIAL"},"content":{"rendered":"<div class=\"wpb-content-wrapper\"><p><\/p>\n<p>[vc_row type=\u00bbfull_width_section\u00bb bg_type=\u00bbimage\u00bb parallax_style=\u00bbvcpb-vz-jquery\u00bb][vc_column bg_image=\u00bb2006&#8243; column_center=\u00bbtrue\u00bb width=\u00bb1\/2&#8243;]<div class=\"ult-spacer spacer-69e7c101a3c3a\" data-id=\"69e7c101a3c3a\" data-height=\"700\" data-height-mobile=\"300\" data-height-tab=\"300\" data-height-tab-portrait=\"300\" data-height-mobile-landscape=\"300\" style=\"clear:both;display:block;\"><\/div>[\/vc_column][vc_column width=\u00bb1\/2&#8243;][vc_row_inner][vc_column_inner css=\u00bb.vc_custom_1571772788384{padding-right: 5% !important;padding-left: 5% !important;}\u00bb]<div id=\"ultimate-heading-888769e7c101a3c71\" class=\"uvc-heading ult-adjust-bottom-margin ultimate-heading-888769e7c101a3c71 uvc-36 \" data-hspacer=\"no_spacer\"  data-halign=\"center\" style=\"text-align:center\"><div class=\"uvc-heading-spacer no_spacer\" style=\"top\"><\/div><div class=\"uvc-sub-heading ult-responsive\"  data-ultimate-target='.uvc-heading.ultimate-heading-888769e7c101a3c71 .uvc-sub-heading '  data-responsive-json-new='{\"font-size\":\"desktop:40px;tablet:21px;tablet_portrait:21px;mobile_landscape:21px;mobile:21px;\",\"line-height\":\"\"}'  style=\"font-weight:bold;\"><a style=\"color: #013c5b;\">PLANIFICACI\u00d3N Y<\/a><br \/>\n<a style=\"color: #013c5b;\">ORDENAMIENTO TERRITORIAL<\/a><\/div><\/div><div class=\"ult-spacer spacer-69e7c101a3ca5\" data-id=\"69e7c101a3ca5\" data-height=\"20\" data-height-mobile=\"20\" data-height-tab=\"20\" data-height-tab-portrait=\"20\" data-height-mobile-landscape=\"20\" style=\"clear:both;display:block;\"><\/div><div class=\"single_image wpb_content_element align-center  animate  image_zoom\" data-animation=\"fade-in-from-bottom\" data-delay=\"0\"><img loading=\"lazy\" decoding=\"async\" width=\"127\" height=\"127\" src=\"https:\/\/www.proamazonia.org\/ppr\/wp-content\/uploads\/2020\/02\/PlaificacionOT.png\" class=\"attachment-full\" alt=\"\" title=\"PlaificacionOT\" srcset=\"https:\/\/www.proamazonia.org\/ppr\/wp-content\/uploads\/2020\/02\/PlaificacionOT.png 127w, https:\/\/www.proamazonia.org\/ppr\/wp-content\/uploads\/2020\/02\/PlaificacionOT-80x80.png 80w, https:\/\/www.proamazonia.org\/ppr\/wp-content\/uploads\/2020\/02\/PlaificacionOT-75x75.png 75w, https:\/\/www.proamazonia.org\/ppr\/wp-content\/uploads\/2020\/02\/PlaificacionOT-100x100.png 100w\" sizes=\"auto, (max-width: 127px) 100vw, 127px\" \/><\/div><div id=\"ultimate-heading-219069e7c101a42fe\" class=\"uvc-heading ult-adjust-bottom-margin ultimate-heading-219069e7c101a42fe uvc-3168 \" data-hspacer=\"no_spacer\"  data-halign=\"center\" style=\"text-align:center\"><div class=\"uvc-heading-spacer no_spacer\" style=\"top\"><\/div><div class=\"uvc-sub-heading ult-responsive\"  data-ultimate-target='.uvc-heading.ultimate-heading-219069e7c101a42fe .uvc-sub-heading '  data-responsive-json-new='{\"font-size\":\"desktop:20px;tablet:14px;tablet_portrait:14px;mobile_landscape:14px;mobile:14px;\",\"line-height\":\"\"}'  style=\"font-weight:normal;color:#1b4b65;\"><\/p>\n<p style=\"text-align: left;\">Los Planes de Desarrollo y Ordenamiento Territorial (PDOT) son instrumentos de planificaci\u00f3n de los Gobiernos Aut\u00f3nomos Descentralizados (GAD) provinciales, cantonales y parroquiales que contienen decisiones claves para el mejoramiento de la vida en equilibrio con su entorno natural.<\/p>\n<p style=\"text-align: left;\">La Secretar\u00eda T\u00e9cnica de Planificaci\u00f3n \u201cPlanifica Ecuador\u201d es la instituci\u00f3n que lidera el ordenamiento territorial nacional y, en consecuencia, del dise\u00f1o de las Gu\u00edas para la Formulaci\u00f3n\/Actualizaci\u00f3n de los PDOT.<\/p>\n<p><\/div><\/div>[\/vc_column_inner][\/vc_row_inner][\/vc_column][\/vc_row][vc_row type=\u00bbfull_width_section\u00bb text_align=\u00bbcenter\u00bb][vc_column bg_image=\u00bb61&#8243; column_center=\u00bbtrue\u00bb width=\u00bb1\/1&#8243;]<div class=\"ult-spacer spacer-69e7c101a4321\" data-id=\"69e7c101a4321\" data-height=\"60\" data-height-mobile=\"30\" data-height-tab=\"30\" data-height-tab-portrait=\"30\" data-height-mobile-landscape=\"30\" style=\"clear:both;display:block;\"><\/div>[\/vc_column][\/vc_row][vc_row][vc_column width=\u00bb1\/1&#8243;]<div class=\"ult-spacer spacer-69e7c101a4331\" data-id=\"69e7c101a4331\" data-height=\"60\" data-height-mobile=\"20\" data-height-tab=\"20\" data-height-tab-portrait=\"20\" data-height-mobile-landscape=\"20\" style=\"clear:both;display:block;\"><\/div>[vc_row_inner][vc_column_inner width=\u00bb1\/2&#8243;]<div class=\"single_image wpb_content_element align-center   \" data-animation=\"none\" data-delay=\"0\"><img loading=\"lazy\" decoding=\"async\" width=\"596\" height=\"366\" src=\"https:\/\/www.proamazonia.org\/ppr\/wp-content\/uploads\/2019\/10\/definicion1-sub1.jpg\" class=\"attachment-full\" alt=\"\" title=\"definicion1-sub1\" srcset=\"https:\/\/www.proamazonia.org\/ppr\/wp-content\/uploads\/2019\/10\/definicion1-sub1.jpg 596w, https:\/\/www.proamazonia.org\/ppr\/wp-content\/uploads\/2019\/10\/definicion1-sub1-300x184.jpg 300w\" sizes=\"auto, (max-width: 596px) 100vw, 596px\" \/><\/div>[\/vc_column_inner][vc_column_inner width=\u00bb1\/2&#8243;]<div id=\"ultimate-heading-857169e7c101a47f5\" class=\"uvc-heading ult-adjust-bottom-margin ultimate-heading-857169e7c101a47f5 uvc-1256 \" data-hspacer=\"no_spacer\"  data-halign=\"center\" style=\"text-align:center\"><div class=\"uvc-heading-spacer no_spacer\" style=\"top\"><\/div><div class=\"uvc-sub-heading ult-responsive\"  data-ultimate-target='.uvc-heading.ultimate-heading-857169e7c101a47f5 .uvc-sub-heading '  data-responsive-json-new='{\"font-size\":\"desktop:20px;tablet:14px;tablet_portrait:14px;mobile_landscape:14px;mobile:14px;\",\"line-height\":\"\"}'  style=\"font-weight:normal;color:#1b4b65;\"><\/p>\n<p style=\"text-align: left;\">La Secretar\u00eda T\u00e9cnica de Planificaci\u00f3n \u201cPlanifica Ecuador\u201d es la entidad responsable de la planificaci\u00f3n territorial y, en consecuencia, del dise\u00f1o de gu\u00edas que orientan a los GAD en los procesos de formulaci\u00f3n y\/o atualizaci\u00f3n de los PDOT.<\/p>\n<p><\/div><\/div><div class=\"flip-box-wrap\" style=\"\"><div class=\"flip-box ifb-auto-height  vertical_flip_top flip-ifb-auto-height\"  style=\"\" ><div class=\"ifb-flip-box\" id=\"flip-box-wrap-1244\"><div class=\"ifb-face ifb-front \" style=\"color:#ffffff;background:#1e73be;  \">\n\t\t\t\t\t\t\t<div class=\"ifb-flip-box-section \">\n\t\t\t\t\t\t\t<h3 class=\"ult-responsive\"  data-ultimate-target='#flip-box-wrap-1244 h3.ult-responsive'  data-responsive-json-new='{\"font-size\":\"desktop:22px;tablet:14px;tablet_portrait:14px;mobile_landscape:14px;mobile:14px;\",\"line-height\":\"\"}'  style=\"color:#ffffff; font-weight:bold;\">DATO DE INTER\u00c9S<\/h3><\/div><\/div><!-- END .front -->\n\t\t\t\t\t\t<div class=\"ifb-face ifb-back\" style=\"color:#ffffff;background:#1e73be;  \">\n\t\t\t\t\t\t\t<div class=\"ifb-flip-box-section \"><div class=\"ifb-flip-box-section-content ult-responsive\"  data-ultimate-target='#flip-box-wrap-1244 .ult-responsive'  data-responsive-json-new='{\"font-size\":\"desktop:16px;tablet:12px;tablet_portrait:12px;mobile_landscape:12px;mobile:12px;\",\"line-height\":\"\"}'  style=\"color:#333333;color:#ffffff;\"><p>305 t\u00e9cnicos de diferentes GAD de la regi\u00f3n amaz\u00f3nica construyeron las Gu\u00edas PDOT-2019 en 6 talleres provinciales y 2 nacionales<\/p><\/div><\/div><\/div><!-- END .back --><\/div> <!-- ifb-flip-box --><\/div> <!-- flip-box --><\/div><!-- End icon block --><div class=\"ult-spacer spacer-69e7c101a493d\" data-id=\"69e7c101a493d\" data-height=\"20\" data-height-mobile=\"10\" data-height-tab=\"10\" data-height-tab-portrait=\"10\" data-height-mobile-landscape=\"10\" style=\"clear:both;display:block;\"><\/div>[\/vc_column_inner][\/vc_row_inner][\/vc_column][\/vc_row][vc_row type=\u00bbfull_width_section\u00bb][vc_column width=\u00bb1\/1&#8243;]<div class=\"ult-spacer spacer-69e7c101a494c\" data-id=\"69e7c101a494c\" data-height=\"60\" data-height-mobile=\"20\" data-height-tab=\"20\" data-height-tab-portrait=\"20\" data-height-mobile-landscape=\"20\" style=\"clear:both;display:block;\"><\/div>[\/vc_column][\/vc_row][vc_row][vc_column width=\u00bb1\/1&#8243;]<div class=\"callout clearfix\" style=\"background-color:#00aeee; color:#ffffff;\">\n\t\t<div class=\"callout-text\"><\/div>\n\t\t\t<div class=\"callout-button\"><a class=\"button medium color-2\" href=\"https:\/\/www.planificacion.gob.ec\/guias-para-la-formulacion-actualizacion-de-los-pdot\/\" target=\"_blank\">Gu\u00edas para la formulaci\u00f3n\/actualizaci\u00f3n de los PDOT<\/a><\/div>\n\t\t<\/div>[\/vc_column][\/vc_row][vc_row][vc_column width=\u00bb1\/2&#8243;]<div class=\"ult-spacer spacer-69e7c101a4990\" data-id=\"69e7c101a4990\" data-height=\"100\" data-height-mobile=\"20\" data-height-tab=\"20\" data-height-tab-portrait=\"20\" data-height-mobile-landscape=\"20\" style=\"clear:both;display:block;\"><\/div>[vc_column_text]<iframe loading=\"lazy\" src=\"https:\/\/www.youtube.com\/embed\/LBj58_lhfQc\" width=\"100%\" height=\"349\" frameborder=\"0\" allowfullscreen=\"allowfullscreen\"><\/iframe>[\/vc_column_text][\/vc_column][vc_column width=\u00bb1\/2&#8243;]<div class=\"ult-spacer spacer-69e7c101a499d\" data-id=\"69e7c101a499d\" data-height=\"100\" data-height-mobile=\"20\" data-height-tab=\"20\" data-height-tab-portrait=\"20\" data-height-mobile-landscape=\"20\" style=\"clear:both;display:block;\"><\/div><div class=\"single_image wpb_content_element align-center   \" data-animation=\"none\" data-delay=\"0\"><img loading=\"lazy\" decoding=\"async\" width=\"965\" height=\"600\" src=\"https:\/\/www.proamazonia.org\/ppr\/wp-content\/uploads\/2020\/03\/bosque.jpg\" class=\"attachment-full\" alt=\"\" title=\"bosque\" srcset=\"https:\/\/www.proamazonia.org\/ppr\/wp-content\/uploads\/2020\/03\/bosque.jpg 965w, https:\/\/www.proamazonia.org\/ppr\/wp-content\/uploads\/2020\/03\/bosque-300x187.jpg 300w, https:\/\/www.proamazonia.org\/ppr\/wp-content\/uploads\/2020\/03\/bosque-768x478.jpg 768w\" sizes=\"auto, (max-width: 965px) 100vw, 965px\" \/><\/div>[\/vc_column][\/vc_row][vc_row][vc_column width=\u00bb1\/1&#8243;]<div class=\"ult-spacer spacer-69e7c101a4e74\" data-id=\"69e7c101a4e74\" data-height=\"100\" data-height-mobile=\"20\" data-height-tab=\"20\" data-height-tab-portrait=\"20\" data-height-mobile-landscape=\"20\" style=\"clear:both;display:block;\"><\/div>[\/vc_column][\/vc_row]<\/p>\n<p><\/p>\n<\/div>","protected":false},"excerpt":{"rendered":"<p>[vc_row type=\u00bbfull_width_section\u00bb bg_type=\u00bbimage\u00bb parallax_style=\u00bbvcpb-vz-jquery\u00bb][vc_column bg_image=\u00bb2006&#8243; column_center=\u00bbtrue\u00bb width=\u00bb1\/2&#8243;][\/vc_column][vc_column width=\u00bb1\/2&#8243;][vc_row_inner][vc_column_inner css=\u00bb.vc_custom_1571772788384{padding-right: 5% !important;padding-left: 5% !important;}\u00bb][\/vc_column_inner][\/vc_row_inner][\/vc_column][\/vc_row][vc_row type=\u00bbfull_width_section\u00bb text_align=\u00bbcenter\u00bb][vc_column bg_image=\u00bb61&#8243; column_center=\u00bbtrue\u00bb width=\u00bb1\/1&#8243;][\/vc_column][\/vc_row][vc_row][vc_column width=\u00bb1\/1&#8243;][vc_row_inner][vc_column_inner width=\u00bb1\/2&#8243;][\/vc_column_inner][vc_column_inner width=\u00bb1\/2&#8243;][\/vc_column_inner][\/vc_row_inner][\/vc_column][\/vc_row][vc_row type=\u00bbfull_width_section\u00bb][vc_column width=\u00bb1\/1&#8243;][\/vc_column][\/vc_row][vc_row][vc_column width=\u00bb1\/1&#8243;][\/vc_column][\/vc_row][vc_row][vc_column width=\u00bb1\/2&#8243;][vc_column_text][\/vc_column_text][\/vc_column][vc_column width=\u00bb1\/2&#8243;][\/vc_column][\/vc_row][vc_row][vc_column width=\u00bb1\/1&#8243;][\/vc_column][\/vc_row]<\/p>\n","protected":false},"author":2,"featured_media":0,"parent":29,"menu_order":0,"comment_status":"closed","ping_status":"closed","template":"","meta":{"_uf_show_specific_survey":0,"_uf_disable_surveys":false,"footnotes":""},"class_list":["post-142","page","type-page","status-publish","hentry"],"aioseo_notices":[],"_links":{"self":[{"href":"https:\/\/www.proamazonia.org\/ppr\/wp-json\/wp\/v2\/pages\/142","targetHints":{"allow":["GET"]}}],"collection":[{"href":"https:\/\/www.proamazonia.org\/ppr\/wp-json\/wp\/v2\/pages"}],"about":[{"href":"https:\/\/www.proamazonia.org\/ppr\/wp-json\/wp\/v2\/types\/page"}],"author":[{"embeddable":true,"href":"https:\/\/www.proamazonia.org\/ppr\/wp-json\/wp\/v2\/users\/2"}],"replies":[{"embeddable":true,"href":"https:\/\/www.proamazonia.org\/ppr\/wp-json\/wp\/v2\/comments?post=142"}],"version-history":[{"count":84,"href":"https:\/\/www.proamazonia.org\/ppr\/wp-json\/wp\/v2\/pages\/142\/revisions"}],"predecessor-version":[{"id":3932,"href":"https:\/\/www.proamazonia.org\/ppr\/wp-json\/wp\/v2\/pages\/142\/revisions\/3932"}],"up":[{"embeddable":true,"href":"https:\/\/www.proamazonia.org\/ppr\/wp-json\/wp\/v2\/pages\/29"}],"wp:attachment":[{"href":"https:\/\/www.proamazonia.org\/ppr\/wp-json\/wp\/v2\/media?parent=142"}],"curies":[{"name":"wp","href":"https:\/\/api.w.org\/{rel}","templated":true}]}}