{"id":1877,"date":"2020-01-29T16:31:22","date_gmt":"2020-01-29T15:31:22","guid":{"rendered":"http:\/\/2sisdigital.com\/proamazonia\/?page_id=1877"},"modified":"2023-05-30T13:03:22","modified_gmt":"2023-05-30T18:03:22","slug":"bioemprendimientos","status":"publish","type":"page","link":"https:\/\/www.proamazonia.org\/ppr\/conservacion-de-bosques\/bioemprendimientos\/","title":{"rendered":"BIOEMPRENDIMIENTOS"},"content":{"rendered":"<div class=\"wpb-content-wrapper\"><p><\/p>\n<p>[vc_row type=\u00bbfull_width_section\u00bb bg_type=\u00bbimage\u00bb parallax_style=\u00bbvcpb-vz-jquery\u00bb][vc_column bg_image=\u00bb2051&#8243; column_center=\u00bbtrue\u00bb width=\u00bb1\/2&#8243;]<div class=\"ult-spacer spacer-69e7be2f45749\" data-id=\"69e7be2f45749\" data-height=\"700\" data-height-mobile=\"300\" data-height-tab=\"300\" data-height-tab-portrait=\"300\" data-height-mobile-landscape=\"300\" style=\"clear:both;display:block;\"><\/div>[\/vc_column][vc_column column_padding=\u00bbpadding-1&#8243; width=\u00bb1\/2&#8243;]<div id=\"ultimate-heading-338969e7be2f4579b\" class=\"uvc-heading ult-adjust-bottom-margin ultimate-heading-338969e7be2f4579b uvc-2696 \" data-hspacer=\"no_spacer\"  data-halign=\"center\" style=\"text-align:center\"><div class=\"uvc-heading-spacer no_spacer\" style=\"top\"><\/div><div class=\"uvc-sub-heading ult-responsive\"  data-ultimate-target='.uvc-heading.ultimate-heading-338969e7be2f4579b .uvc-sub-heading '  data-responsive-json-new='{\"font-size\":\"desktop:40px;tablet:21px;tablet_portrait:21px;mobile_landscape:21px;mobile:21px;\",\"line-height\":\"\"}'  style=\"font-weight:bold;\"><a style=\"color: #013c5b;\">BIOEMPRENDIMIENTOS:<\/a><\/div><\/div><div class=\"ult-spacer spacer-69e7be2f457d5\" data-id=\"69e7be2f457d5\" data-height=\"20\" data-height-mobile=\"20\" data-height-tab=\"20\" data-height-tab-portrait=\"20\" data-height-mobile-landscape=\"20\" style=\"clear:both;display:block;\"><\/div><div class=\"single_image wpb_content_element align-center  animate  image_zoom\" data-animation=\"fade-in-from-bottom\" data-delay=\"0\"><img loading=\"lazy\" decoding=\"async\" width=\"127\" height=\"127\" src=\"https:\/\/www.proamazonia.org\/ppr\/wp-content\/uploads\/2020\/03\/icono-bioemprendimientos-ceramicas.png\" class=\"attachment-full\" alt=\"\" title=\"icono-bioemprendimientos-ceramicas\" srcset=\"https:\/\/www.proamazonia.org\/ppr\/wp-content\/uploads\/2020\/03\/icono-bioemprendimientos-ceramicas.png 127w, https:\/\/www.proamazonia.org\/ppr\/wp-content\/uploads\/2020\/03\/icono-bioemprendimientos-ceramicas-80x80.png 80w, https:\/\/www.proamazonia.org\/ppr\/wp-content\/uploads\/2020\/03\/icono-bioemprendimientos-ceramicas-75x75.png 75w, https:\/\/www.proamazonia.org\/ppr\/wp-content\/uploads\/2020\/03\/icono-bioemprendimientos-ceramicas-100x100.png 100w\" sizes=\"auto, (max-width: 127px) 100vw, 127px\" \/><\/div><div id=\"ultimate-heading-357869e7be2f45e23\" class=\"uvc-heading ult-adjust-bottom-margin ultimate-heading-357869e7be2f45e23 uvc-914 \" data-hspacer=\"no_spacer\"  data-halign=\"center\" style=\"text-align:center\"><div class=\"uvc-heading-spacer no_spacer\" style=\"top\"><\/div><div class=\"uvc-sub-heading ult-responsive\"  data-ultimate-target='.uvc-heading.ultimate-heading-357869e7be2f45e23 .uvc-sub-heading '  data-responsive-json-new='{\"font-size\":\"desktop:20px;tablet:14px;tablet_portrait:14px;mobile_landscape:14px;mobile:14px;\",\"line-height\":\"\"}'  style=\"font-weight:normal;color:#1b4b65;\"><\/p>\n<p style=\"text-align: center;\">Los bioemprendimientos son iniciativas que promueven el fortalecimiento de medios de vida, la seguridad alimentaria o la investigaci\u00f3n aplicada, estos se relacionan con el aprovechamiento sostenible de los Productos Forestales No Maderables (PFNM) provenientes de bosques naturales o recreados, incluyendo \u00e1reas agroforestales adyacentes (chakras, ajas, etc.). Esto bajo un enfoque de paisaje de uso m\u00faltiple excluyendo productos agr\u00edcolas (caf\u00e9, cacao, palma, ganado y otros), como una alternativa para reducir la deforestaci\u00f3n y la degradaci\u00f3n forestal; mejorar la capacidad de conservaci\u00f3n y de manejo forestal sostenible.<\/p>\n<p><\/div><\/div>[\/vc_column][\/vc_row][vc_row type=\u00bbfull_width_section\u00bb text_align=\u00bbcenter\u00bb][vc_column bg_image=\u00bb61&#8243; column_center=\u00bbtrue\u00bb width=\u00bb1\/1&#8243;]<div class=\"ult-spacer spacer-69e7be2f45e5f\" data-id=\"69e7be2f45e5f\" data-height=\"60\" data-height-mobile=\"30\" data-height-tab=\"30\" data-height-tab-portrait=\"30\" data-height-mobile-landscape=\"30\" style=\"clear:both;display:block;\"><\/div>[\/vc_column][\/vc_row][vc_row text_align=\u00bbcenter\u00bb][vc_column column_padding=\u00bbpadding-3&#8243; width=\u00bb1\/2&#8243;][vc_column_text]<\/p>\n<ul>\n<li style=\"text-align: left;\">Las acciones de Bioemprendimientos que realiza PROAmazon\u00eda se han enmarcado en dos aristas, la primera relacionada a la investigaci\u00f3n y el desarrollo y la segunda vinculada al desarrollo de cadenas productivas.<\/li>\n<\/ul>\n<p style=\"text-align: left;\">La primera categor\u00eda ha permitido trabajar en las l\u00edneas de bioprospecci\u00f3n, potencial comercial, desarrollo de productos, tecnolog\u00edas de aprovechamiento, y la conformaci\u00f3n de una red de investigaci\u00f3n en Productos Forestales No Maderables. Mientras que la segunda categor\u00eda, se ha centrado en el trabajo sobre el manejo sostenible de Productos Forestales No Maderables, el fortalecimiento de capacidades comunitarias en temas de bioemprendimientos, los encadenamientos con industrias y tiendas, la conformaci\u00f3n de la mesa redonda de Productos Forestales No Maderables y las salvaguardas ambientales y sociales.<\/p>\n<p>[\/vc_column_text][\/vc_column][vc_column width=\u00bb1\/2&#8243;]<div class=\"ult-spacer spacer-69e7be2f45e81\" data-id=\"69e7be2f45e81\" data-height=\"60\" data-height-mobile=\"30\" data-height-tab=\"30\" data-height-tab-portrait=\"30\" data-height-mobile-landscape=\"30\" style=\"clear:both;display:block;\"><\/div><div class=\"flexslider wpb_content_element\"><ul class=\"slides\"><li><img decoding=\"async\" src=\"https:\/\/www.proamazonia.org\/ppr\/wp-content\/uploads\/2022\/05\/10.bioemprendimientos.ecuador.proamazonia.bosques.pueblos.indigenas.jpg\" alt=\"\" \/><\/li><li><img decoding=\"async\" src=\"https:\/\/www.proamazonia.org\/ppr\/wp-content\/uploads\/2022\/05\/9.bioemprendimientos.ecuador.proamazonia.bosques.pueblos.indigenas.jpg\" alt=\"\" \/><\/li><li><img decoding=\"async\" src=\"https:\/\/www.proamazonia.org\/ppr\/wp-content\/uploads\/2022\/05\/8.bioemprendimientos.ecuador.proamazonia.bosques.pueblos.indigenas.jpg\" alt=\"\" \/><\/li><li><img decoding=\"async\" src=\"https:\/\/www.proamazonia.org\/ppr\/wp-content\/uploads\/2022\/05\/7.bioemprendimientos.ecuador.proamazonia.bosques.pueblos.indigenas.jpg\" alt=\"\" \/><\/li><li><img decoding=\"async\" src=\"https:\/\/www.proamazonia.org\/ppr\/wp-content\/uploads\/2022\/05\/6.bioemprendimientos.ecuador.proamazonia.bosques.pueblos.indigenas.jpg\" alt=\"\" \/><\/li><li><img decoding=\"async\" src=\"https:\/\/www.proamazonia.org\/ppr\/wp-content\/uploads\/2022\/05\/5.bioemprendimientos.ecuador.proamazonia.bosques.pueblos.indigenas.jpg\" alt=\"\" \/><\/li><li><img decoding=\"async\" src=\"https:\/\/www.proamazonia.org\/ppr\/wp-content\/uploads\/2022\/05\/4.bioemprendimientos.ecuador.proamazonia.bosques.pueblos.indigenas.jpg\" alt=\"\" \/><\/li><li><img decoding=\"async\" src=\"https:\/\/www.proamazonia.org\/ppr\/wp-content\/uploads\/2022\/05\/3.bioemprendimientos.ecuador.proamazonia.bosques.pueblos.indigenas.jpg\" alt=\"\" \/><\/li><li><img decoding=\"async\" src=\"https:\/\/www.proamazonia.org\/ppr\/wp-content\/uploads\/2022\/05\/2.bioemprendimientos.ecuador.proamazonia.bosques.pueblos.indigenas.jpg\" alt=\"\" \/><\/li><li><img decoding=\"async\" src=\"https:\/\/www.proamazonia.org\/ppr\/wp-content\/uploads\/2022\/05\/1.bioemprendimientos.ecuador.proamazonia.bosques.pueblos.indigenas.jpg\" alt=\"\" \/><\/li><\/ul><\/div>[\/vc_column][\/vc_row][vc_row type=\u00bbfull_width_section\u00bb text_align=\u00bbcenter\u00bb][vc_column column_center=\u00bbtrue\u00bb width=\u00bb1\/1&#8243;]<div class=\"ult-spacer spacer-69e7be2f47816\" data-id=\"69e7be2f47816\" data-height=\"30\" data-height-mobile=\"10\" data-height-tab=\"20\" data-height-tab-portrait=\"10\" data-height-mobile-landscape=\"10\" style=\"clear:both;display:block;\"><\/div>[\/vc_column][\/vc_row][vc_row text_align=\u00bbcenter\u00bb][vc_column column_padding=\u00bbpadding-3&#8243; width=\u00bb1\/2&#8243;]<div class=\"flexslider wpb_content_element\"><ul class=\"slides\"><li><img decoding=\"async\" src=\"https:\/\/www.proamazonia.org\/ppr\/wp-content\/uploads\/2022\/05\/11.bioemprendimientos.ecuador.proamazonia.bosques.pueblos.indigenas.jpg\" alt=\"\" \/><\/li><li><img decoding=\"async\" src=\"https:\/\/www.proamazonia.org\/ppr\/wp-content\/uploads\/2022\/05\/12.bioemprendimientos.ecuador.proamazonia.bosques.pueblos.indigenas.jpg\" alt=\"\" \/><\/li><li><img decoding=\"async\" src=\"https:\/\/www.proamazonia.org\/ppr\/wp-content\/uploads\/2022\/05\/13.bioemprendimientos.ecuador.proamazonia.bosques.pueblos.indigenas.jpg\" alt=\"\" \/><\/li><li><img decoding=\"async\" src=\"https:\/\/www.proamazonia.org\/ppr\/wp-content\/uploads\/2022\/05\/14.bioemprendimientos.ecuador.proamazonia.bosques.pueblos.indigenas.jpg\" alt=\"\" \/><\/li><li><img decoding=\"async\" src=\"https:\/\/www.proamazonia.org\/ppr\/wp-content\/uploads\/2022\/05\/15.bioemprendimientos.ecuador.proamazonia.bosques.pueblos.indigenas.jpg\" alt=\"\" \/><\/li><li><img decoding=\"async\" src=\"https:\/\/www.proamazonia.org\/ppr\/wp-content\/uploads\/2022\/05\/16.bioemprendimientos.ecuador.proamazonia.bosques.pueblos.indigenas.jpg\" alt=\"\" \/><\/li><li><img decoding=\"async\" src=\"https:\/\/www.proamazonia.org\/ppr\/wp-content\/uploads\/2022\/05\/17.bioemprendimientos.ecuador.proamazonia.bosques.pueblos.indigenas.jpg\" alt=\"\" \/><\/li><li><img decoding=\"async\" src=\"https:\/\/www.proamazonia.org\/ppr\/wp-content\/uploads\/2022\/05\/18.bioemprendimientos.ecuador.proamazonia.bosques.pueblos.indigenas.jpg\" alt=\"\" \/><\/li><li><img decoding=\"async\" src=\"https:\/\/www.proamazonia.org\/ppr\/wp-content\/uploads\/2022\/05\/19.bioemprendimientos.ecuador.proamazonia.bosques.pueblos.indigenas.jpg\" alt=\"\" \/><\/li><li><img decoding=\"async\" src=\"https:\/\/www.proamazonia.org\/ppr\/wp-content\/uploads\/2022\/05\/20.bioemprendimientos.ecuador.proamazonia.bosques.pueblos.indigenas.jpg\" alt=\"\" \/><\/li><\/ul><\/div>[\/vc_column][vc_column width=\u00bb1\/2&#8243;]<div class=\"ult-spacer spacer-69e7be2f492f0\" data-id=\"69e7be2f492f0\" data-height=\"90\" data-height-mobile=\"10\" data-height-tab=\"20\" data-height-tab-portrait=\"20\" data-height-mobile-landscape=\"20\" style=\"clear:both;display:block;\"><\/div>[vc_column_text]<\/p>\n<ul>\n<li>Hasta el momento, PROAmazon\u00eda apoya a 8.156 beneficiarios aproximadamente, la mayor\u00eda de ellas contempla a pueblos y nacionalidades ind\u00edgenas; a trav\u00e9s de 30 proyectos de bioemprendimientos.<\/li>\n<\/ul>\n<p>[\/vc_column_text][\/vc_column][\/vc_row][vc_row type=\u00bbfull_width_section\u00bb text_align=\u00bbcenter\u00bb][vc_column column_center=\u00bbtrue\u00bb width=\u00bb1\/1&#8243;]<div class=\" ubtn-ctn-center \"><button type=\"button\" id=\"ubtn-3087\" class=\"ubtn ult-adjust-bottom-margin ult-responsive ubtn-large ubtn-no-hover-bg  none  ubtn-center   tooltip-69e7be2f49327\"  data-hover=\"\" data-border-color=\"\" data-bg=\"#22a000\" data-hover-bg=\"\" data-border-hover=\"\" data-shadow-hover=\"\" data-shadow-click=\"none\" data-shadow=\"\" data-shd-shadow=\"\"  data-ultimate-target='#ubtn-3087'  data-responsive-json-new='{\"font-size\":\"\",\"line-height\":\"\"}'  style=\"font-weight:normal;border:none;background: #22a000;color: #ffffff;\"><span class=\"ubtn-hover\" style=\"background-color:\"><\/span><span class=\"ubtn-data ubtn-text \" >DALE CLICK Y CONOCE NUESTRO CAT\u00c1LOGO DIGITAL:<\/span><\/button><\/div><div class=\"ult-spacer spacer-69e7be2f493ca\" data-id=\"69e7be2f493ca\" data-height=\"10\" data-height-mobile=\"10\" data-height-tab=\"10\" data-height-tab-portrait=\"10\" data-height-mobile-landscape=\"10\" style=\"clear:both;display:block;\"><\/div>[vc_raw_html]JTNDcCUyMHN0eWxlJTNEJTIydGV4dC1hbGlnbiUzQSUyMGNlbnRlciUzQiUyMiUzRSUzQ2lmcmFtZSUyMHN0eWxlJTNEJTIyYm9yZGVyJTNBJTIwMXB4JTIwc29saWQlMjAlMjM3NzclM0IlMjIlMjBzcmMlM0QlMjJodHRwcyUzQSUyRiUyRmluZGQuYWRvYmUuY29tJTJGZW1iZWQlMkYxNmM0NjEwMi01NDA3LTRmYTgtOTVjZS0xOGY4OTE0NjA0NDglM0ZzdGFydHBhZ2UlM0QxJTI2YWxsb3dGdWxsc2NyZWVuJTNEdHJ1ZSUyMiUyMHdpZHRoJTNEJTIyMTE1MHB4JTIyJTIwaGVpZ2h0JTNEJTIyODMwcHglMjIlMjBmcmFtZWJvcmRlciUzRCUyMjAlMjIlMjBhbGxvd2Z1bGxzY3JlZW4lM0QlMjJhbGxvd2Z1bGxzY3JlZW4lMjIlM0UlM0NzcGFuJTIwZGF0YS1tY2UtdHlwZSUzRCUyMmJvb2ttYXJrJTIyJTIwc3R5bGUlM0QlMjJkaXNwbGF5JTNBJTIwaW5saW5lLWJsb2NrJTNCJTIwd2lkdGglM0ElMjAwcHglM0IlMjBvdmVyZmxvdyUzQSUyMGhpZGRlbiUzQiUyMGxpbmUtaGVpZ2h0JTNBJTIwMCUzQiUyMiUyMGNsYXNzJTNEJTIybWNlX1NFTFJFU19zdGFydCUyMiUzRSVFRiVCQiVCRiUzQyUyRnNwYW4lM0UlM0NzcGFuJTIwZGF0YS1tY2UtdHlwZSUzRCUyMmJvb2ttYXJrJTIyJTIwc3R5bGUlM0QlMjJkaXNwbGF5JTNBJTIwaW5saW5lLWJsb2NrJTNCJTIwd2lkdGglM0ElMjAwcHglM0IlMjBvdmVyZmxvdyUzQSUyMGhpZGRlbiUzQiUyMGxpbmUtaGVpZ2h0JTNBJTIwMCUzQiUyMiUyMGNsYXNzJTNEJTIybWNlX1NFTFJFU19zdGFydCUyMiUzRSVFRiVCQiVCRiUzQyUyRnNwYW4lM0UlM0NzcGFuJTIwZGF0YS1tY2UtdHlwZSUzRCUyMmJvb2ttYXJrJTIyJTIwc3R5bGUlM0QlMjJkaXNwbGF5JTNBJTIwaW5saW5lLWJsb2NrJTNCJTIwd2lkdGglM0ElMjAwcHglM0IlMjBvdmVyZmxvdyUzQSUyMGhpZGRlbiUzQiUyMGxpbmUtaGVpZ2h0JTNBJTIwMCUzQiUyMiUyMGNsYXNzJTNEJTIybWNlX1NFTFJFU19zdGFydCUyMiUzRSVFRiVCQiVCRiUzQyUyRnNwYW4lM0UlM0MlMkZpZnJhbWUlM0UlM0MlMkZwJTNF[\/vc_raw_html]<div class=\"ult-spacer spacer-69e7be2f493e3\" data-id=\"69e7be2f493e3\" data-height=\"20\" data-height-mobile=\"10\" data-height-tab=\"10\" data-height-tab-portrait=\"10\" data-height-mobile-landscape=\"10\" style=\"clear:both;display:block;\"><\/div>[\/vc_column][\/vc_row][vc_row type=\u00bbfull_width_section\u00bb text_align=\u00bbcenter\u00bb][vc_column column_center=\u00bbtrue\u00bb width=\u00bb1\/1&#8243;]<div class=\"ult-spacer spacer-69e7be2f493f8\" data-id=\"69e7be2f493f8\" data-height=\"60\" data-height-mobile=\"30\" data-height-tab=\"30\" data-height-tab-portrait=\"30\" data-height-mobile-landscape=\"30\" style=\"clear:both;display:block;\"><\/div><div class=\"single_image wpb_content_element align-center  animate image_box_rounded image_zoom\" data-animation=\"fade-in\" data-delay=\"0\"><img loading=\"lazy\" decoding=\"async\" width=\"1935\" height=\"1080\" src=\"https:\/\/www.proamazonia.org\/ppr\/wp-content\/uploads\/2022\/05\/Bio.emprendimiento-120x803-1.jpg\" class=\"attachment-full\" alt=\"\" title=\"Bio.emprendimiento-120x803\" srcset=\"https:\/\/www.proamazonia.org\/ppr\/wp-content\/uploads\/2022\/05\/Bio.emprendimiento-120x803-1.jpg 1935w, https:\/\/www.proamazonia.org\/ppr\/wp-content\/uploads\/2022\/05\/Bio.emprendimiento-120x803-1-300x167.jpg 300w, https:\/\/www.proamazonia.org\/ppr\/wp-content\/uploads\/2022\/05\/Bio.emprendimiento-120x803-1-1024x572.jpg 1024w, https:\/\/www.proamazonia.org\/ppr\/wp-content\/uploads\/2022\/05\/Bio.emprendimiento-120x803-1-768x429.jpg 768w, https:\/\/www.proamazonia.org\/ppr\/wp-content\/uploads\/2022\/05\/Bio.emprendimiento-120x803-1-1536x857.jpg 1536w\" sizes=\"auto, (max-width: 1935px) 100vw, 1935px\" \/><\/div><div class=\"ult-spacer spacer-69e7be2f49a09\" data-id=\"69e7be2f49a09\" data-height=\"20\" data-height-mobile=\"10\" data-height-tab=\"10\" data-height-tab-portrait=\"10\" data-height-mobile-landscape=\"10\" style=\"clear:both;display:block;\"><\/div>[\/vc_column][\/vc_row][vc_row type=\u00bbfull_width_section\u00bb text_align=\u00bbcenter\u00bb][vc_column bg_image=\u00bb61&#8243; column_center=\u00bbtrue\u00bb width=\u00bb1\/1&#8243;]<div class=\"ult-spacer spacer-69e7be2f49a22\" data-id=\"69e7be2f49a22\" data-height=\"40\" data-height-mobile=\"30\" data-height-tab=\"20\" data-height-tab-portrait=\"30\" data-height-mobile-landscape=\"30\" style=\"clear:both;display:block;\"><\/div>[\/vc_column][\/vc_row][vc_row][vc_column width=\u00bb1\/2&#8243;]<div class=\"ult-spacer spacer-69e7be2f49a36\" data-id=\"69e7be2f49a36\" data-height=\"100\" data-height-mobile=\"20\" data-height-tab=\"20\" data-height-tab-portrait=\"20\" data-height-mobile-landscape=\"20\" style=\"clear:both;display:block;\"><\/div>[vc_column_text]<iframe loading=\"lazy\" src=\"https:\/\/www.youtube.com\/embed\/7TV44Ya1rZA\" width=\"100%\" height=\"349\" frameborder=\"0\" allowfullscreen=\"allowfullscreen\"><\/iframe>[\/vc_column_text]<div class=\"ult-spacer spacer-69e7be2f49a4a\" data-id=\"69e7be2f49a4a\" data-height=\"20\" data-height-mobile=\"10\" data-height-tab=\"10\" data-height-tab-portrait=\"10\" data-height-mobile-landscape=\"10\" style=\"clear:both;display:block;\"><\/div>[\/vc_column][vc_column width=\u00bb1\/2&#8243;]<div class=\"ult-spacer spacer-69e7be2f49a69\" data-id=\"69e7be2f49a69\" data-height=\"100\" data-height-mobile=\"20\" data-height-tab=\"20\" data-height-tab-portrait=\"20\" data-height-mobile-landscape=\"20\" style=\"clear:both;display:block;\"><\/div>[vc_column_text]<iframe loading=\"lazy\" src=\"https:\/\/www.youtube.com\/embed\/vVszGt1Il_k\" width=\"100%\" height=\"349\" frameborder=\"0\" allowfullscreen=\"allowfullscreen\"><\/iframe>[\/vc_column_text][\/vc_column][\/vc_row][vc_row type=\u00bbfull_width_section\u00bb text_align=\u00bbcenter\u00bb][vc_column bg_image=\u00bb61&#8243; column_center=\u00bbtrue\u00bb width=\u00bb1\/1&#8243;]<div class=\"callout clearfix\" style=\"background-color:#00b518; color:#fffcfd;\">\n\t\t<div class=\"callout-text\"><\/div>\n\t\t\t<div class=\"callout-button\"><a class=\"button medium color-3\" href=\"https:\/\/www.youtube.com\/watch?v=10J1shDtHH4&#038;list=PLq8UgE9zJrFMdgX-ueMiAHhaEVDb-lNuQ\" target=\"_blank\">MIRA NUESTRA VIDEO GALER\u00cdA DE BIOEMPRENDIMIENTOS<\/a><\/div>\n\t\t<\/div>[\/vc_column][\/vc_row][vc_row][vc_column width=\u00bb1\/1&#8243;]<div class=\"ult-spacer spacer-69e7be2f49ad6\" data-id=\"69e7be2f49ad6\" data-height=\"100\" data-height-mobile=\"20\" data-height-tab=\"20\" data-height-tab-portrait=\"20\" data-height-mobile-landscape=\"20\" style=\"clear:both;display:block;\"><\/div>[\/vc_column][\/vc_row][vc_row][vc_column width=\u00bb1\/1&#8243;][\/vc_column][\/vc_row]<\/p>\n<p><\/p>\n<\/div>","protected":false},"excerpt":{"rendered":"<p>[vc_row type=\u00bbfull_width_section\u00bb bg_type=\u00bbimage\u00bb parallax_style=\u00bbvcpb-vz-jquery\u00bb][vc_column bg_image=\u00bb2051&#8243; column_center=\u00bbtrue\u00bb width=\u00bb1\/2&#8243;][\/vc_column][vc_column column_padding=\u00bbpadding-1&#8243; width=\u00bb1\/2&#8243;][\/vc_column][\/vc_row][vc_row type=\u00bbfull_width_section\u00bb text_align=\u00bbcenter\u00bb][vc_column bg_image=\u00bb61&#8243; column_center=\u00bbtrue\u00bb width=\u00bb1\/1&#8243;][\/vc_column][\/vc_row][vc_row text_align=\u00bbcenter\u00bb][vc_column column_padding=\u00bbpadding-3&#8243; width=\u00bb1\/2&#8243;][vc_column_text] Las acciones de Bioemprendimientos que realiza PROAmazon\u00eda se han enmarcado en dos aristas, la primera relacionada a la investigaci\u00f3n y el desarrollo y la segunda vinculada al desarrollo de cadenas productivas. La primera categor\u00eda ha permitido trabajar en las l\u00edneas de bioprospecci\u00f3n, potencial comercial, desarrollo de productos, tecnolog\u00edas de aprovechamiento, y la conformaci\u00f3n de una red de investigaci\u00f3n en Productos Forestales No Maderables. Mientras que la segunda categor\u00eda, se ha centrado en el trabajo sobre el manejo sostenible de Productos Forestales No Maderables, el fortalecimiento de capacidades comunitarias en temas de bioemprendimientos, los encadenamientos con industrias y tiendas, la conformaci\u00f3n de la mesa redonda de Productos Forestales No Maderables y las salvaguardas ambientales y sociales. [\/vc_column_text][\/vc_column][vc_column width=\u00bb1\/2&#8243;][\/vc_column][\/vc_row][vc_row type=\u00bbfull_width_section\u00bb text_align=\u00bbcenter\u00bb][vc_column column_center=\u00bbtrue\u00bb width=\u00bb1\/1&#8243;][\/vc_column][\/vc_row][vc_row text_align=\u00bbcenter\u00bb][vc_column column_padding=\u00bbpadding-3&#8243; width=\u00bb1\/2&#8243;][\/vc_column][vc_column width=\u00bb1\/2&#8243;][vc_column_text] Hasta el momento, PROAmazon\u00eda apoya a 8.156 beneficiarios aproximadamente, la mayor\u00eda de ellas contempla a pueblos y nacionalidades ind\u00edgenas; a trav\u00e9s de 30 proyectos de bioemprendimientos. [\/vc_column_text][\/vc_column][\/vc_row][vc_row type=\u00bbfull_width_section\u00bb text_align=\u00bbcenter\u00bb][vc_column column_center=\u00bbtrue\u00bb width=\u00bb1\/1&#8243;][vc_raw_html]JTNDcCUyMHN0eWxlJTNEJTIydGV4dC1hbGlnbiUzQSUyMGNlbnRlciUzQiUyMiUzRSUzQ2lmcmFtZSUyMHN0eWxlJTNEJTIyYm9yZGVyJTNBJTIwMXB4JTIwc29saWQlMjAlMjM3NzclM0IlMjIlMjBzcmMlM0QlMjJodHRwcyUzQSUyRiUyRmluZGQuYWRvYmUuY29tJTJGZW1iZWQlMkYxNmM0NjEwMi01NDA3LTRmYTgtOTVjZS0xOGY4OTE0NjA0NDglM0ZzdGFydHBhZ2UlM0QxJTI2YWxsb3dGdWxsc2NyZWVuJTNEdHJ1ZSUyMiUyMHdpZHRoJTNEJTIyMTE1MHB4JTIyJTIwaGVpZ2h0JTNEJTIyODMwcHglMjIlMjBmcmFtZWJvcmRlciUzRCUyMjAlMjIlMjBhbGxvd2Z1bGxzY3JlZW4lM0QlMjJhbGxvd2Z1bGxzY3JlZW4lMjIlM0UlM0NzcGFuJTIwZGF0YS1tY2UtdHlwZSUzRCUyMmJvb2ttYXJrJTIyJTIwc3R5bGUlM0QlMjJkaXNwbGF5JTNBJTIwaW5saW5lLWJsb2NrJTNCJTIwd2lkdGglM0ElMjAwcHglM0IlMjBvdmVyZmxvdyUzQSUyMGhpZGRlbiUzQiUyMGxpbmUtaGVpZ2h0JTNBJTIwMCUzQiUyMiUyMGNsYXNzJTNEJTIybWNlX1NFTFJFU19zdGFydCUyMiUzRSVFRiVCQiVCRiUzQyUyRnNwYW4lM0UlM0NzcGFuJTIwZGF0YS1tY2UtdHlwZSUzRCUyMmJvb2ttYXJrJTIyJTIwc3R5bGUlM0QlMjJkaXNwbGF5JTNBJTIwaW5saW5lLWJsb2NrJTNCJTIwd2lkdGglM0ElMjAwcHglM0IlMjBvdmVyZmxvdyUzQSUyMGhpZGRlbiUzQiUyMGxpbmUtaGVpZ2h0JTNBJTIwMCUzQiUyMiUyMGNsYXNzJTNEJTIybWNlX1NFTFJFU19zdGFydCUyMiUzRSVFRiVCQiVCRiUzQyUyRnNwYW4lM0UlM0NzcGFuJTIwZGF0YS1tY2UtdHlwZSUzRCUyMmJvb2ttYXJrJTIyJTIwc3R5bGUlM0QlMjJkaXNwbGF5JTNBJTIwaW5saW5lLWJsb2NrJTNCJTIwd2lkdGglM0ElMjAwcHglM0IlMjBvdmVyZmxvdyUzQSUyMGhpZGRlbiUzQiUyMGxpbmUtaGVpZ2h0JTNBJTIwMCUzQiUyMiUyMGNsYXNzJTNEJTIybWNlX1NFTFJFU19zdGFydCUyMiUzRSVFRiVCQiVCRiUzQyUyRnNwYW4lM0UlM0MlMkZpZnJhbWUlM0UlM0MlMkZwJTNF[\/vc_raw_html][\/vc_column][\/vc_row][vc_row type=\u00bbfull_width_section\u00bb text_align=\u00bbcenter\u00bb][vc_column column_center=\u00bbtrue\u00bb width=\u00bb1\/1&#8243;][\/vc_column][\/vc_row][vc_row type=\u00bbfull_width_section\u00bb text_align=\u00bbcenter\u00bb][vc_column bg_image=\u00bb61&#8243; column_center=\u00bbtrue\u00bb width=\u00bb1\/1&#8243;][\/vc_column][\/vc_row][vc_row][vc_column width=\u00bb1\/2&#8243;][vc_column_text][\/vc_column_text][\/vc_column][vc_column width=\u00bb1\/2&#8243;][vc_column_text][\/vc_column_text][\/vc_column][\/vc_row][vc_row type=\u00bbfull_width_section\u00bb text_align=\u00bbcenter\u00bb][vc_column bg_image=\u00bb61&#8243; column_center=\u00bbtrue\u00bb width=\u00bb1\/1&#8243;][\/vc_column][\/vc_row][vc_row][vc_column width=\u00bb1\/1&#8243;][\/vc_column][\/vc_row][vc_row][vc_column width=\u00bb1\/1&#8243;][\/vc_column][\/vc_row]<\/p>\n","protected":false},"author":2,"featured_media":0,"parent":33,"menu_order":0,"comment_status":"closed","ping_status":"closed","template":"","meta":{"_uf_show_specific_survey":0,"_uf_disable_surveys":false,"footnotes":""},"class_list":["post-1877","page","type-page","status-publish","hentry"],"aioseo_notices":[],"_links":{"self":[{"href":"https:\/\/www.proamazonia.org\/ppr\/wp-json\/wp\/v2\/pages\/1877","targetHints":{"allow":["GET"]}}],"collection":[{"href":"https:\/\/www.proamazonia.org\/ppr\/wp-json\/wp\/v2\/pages"}],"about":[{"href":"https:\/\/www.proamazonia.org\/ppr\/wp-json\/wp\/v2\/types\/page"}],"author":[{"embeddable":true,"href":"https:\/\/www.proamazonia.org\/ppr\/wp-json\/wp\/v2\/users\/2"}],"replies":[{"embeddable":true,"href":"https:\/\/www.proamazonia.org\/ppr\/wp-json\/wp\/v2\/comments?post=1877"}],"version-history":[{"count":60,"href":"https:\/\/www.proamazonia.org\/ppr\/wp-json\/wp\/v2\/pages\/1877\/revisions"}],"predecessor-version":[{"id":7403,"href":"https:\/\/www.proamazonia.org\/ppr\/wp-json\/wp\/v2\/pages\/1877\/revisions\/7403"}],"up":[{"embeddable":true,"href":"https:\/\/www.proamazonia.org\/ppr\/wp-json\/wp\/v2\/pages\/33"}],"wp:attachment":[{"href":"https:\/\/www.proamazonia.org\/ppr\/wp-json\/wp\/v2\/media?parent=1877"}],"curies":[{"name":"wp","href":"https:\/\/api.w.org\/{rel}","templated":true}]}}