{"id":29,"date":"2019-09-24T22:30:00","date_gmt":"2019-09-24T20:30:00","guid":{"rendered":"http:\/\/2sisdigital.com\/proama\/?page_id=29"},"modified":"2021-01-28T12:14:05","modified_gmt":"2021-01-28T17:14:05","slug":"politicas-e-institucionalidad","status":"publish","type":"page","link":"https:\/\/www.proamazonia.org\/ppr\/politicas-e-institucionalidad\/","title":{"rendered":"POL\u00cdTICAS E INSTITUCIONALIDAD"},"content":{"rendered":"<div class=\"wpb-content-wrapper\"><p>[vc_row type=\u00bbfull_width_section\u00bb bg_type=\u00bbimage\u00bb parallax_style=\u00bbvcpb-vz-jquery\u00bb bg_image_new=\u00bbid^2117|url^http:\/\/www.proamazonia.org\/wp-content\/uploads\/2020\/02\/politicas-institucionales_portada.jpg|caption^null|alt^null|title^politicas-institucionales_portada|description^null\u00bb][vc_column width=\u00bb1\/1&#8243;][rev_slider_vc alias=\u00bbPoliticas\u00bb][\/vc_column][\/vc_row][vc_row type=\u00bbfull_width_section\u00bb text_align=\u00bbcenter\u00bb][vc_column width=\u00bb1\/1&#8243;]<div class=\"single_image wpb_content_element align-center   \" data-animation=\"none\" data-delay=\"0\"><img loading=\"lazy\" decoding=\"async\" width=\"1920\" height=\"59\" src=\"https:\/\/www.proamazonia.org\/ppr\/wp-content\/uploads\/2019\/09\/proamazonia-cabecera.png\" class=\"attachment-full\" alt=\"\" title=\"proamazonia-cabecera\" srcset=\"https:\/\/www.proamazonia.org\/ppr\/wp-content\/uploads\/2019\/09\/proamazonia-cabecera.png 1920w, https:\/\/www.proamazonia.org\/ppr\/wp-content\/uploads\/2019\/09\/proamazonia-cabecera-300x9.png 300w, https:\/\/www.proamazonia.org\/ppr\/wp-content\/uploads\/2019\/09\/proamazonia-cabecera-768x24.png 768w, https:\/\/www.proamazonia.org\/ppr\/wp-content\/uploads\/2019\/09\/proamazonia-cabecera-1024x31.png 1024w, https:\/\/www.proamazonia.org\/ppr\/wp-content\/uploads\/2019\/09\/proamazonia-cabecera-200x6.png 200w\" sizes=\"auto, (max-width: 1920px) 100vw, 1920px\" \/><\/div>[\/vc_column][\/vc_row][vc_row][vc_column width=\u00bb1\/1&#8243;]<div class=\"ult-spacer spacer-69e7bdc88c2df\" data-id=\"69e7bdc88c2df\" data-height=\"120\" data-height-mobile=\"20\" data-height-tab=\"20\" data-height-tab-portrait=\"20\" data-height-mobile-landscape=\"20\" style=\"clear:both;display:block;\"><\/div><div id=\"ultimate-heading-281469e7bdc88c311\" class=\"uvc-heading ult-adjust-bottom-margin ultimate-heading-281469e7bdc88c311 uvc-9731 \" data-hspacer=\"no_spacer\"  data-halign=\"center\" style=\"text-align:center\"><div class=\"uvc-heading-spacer no_spacer\" style=\"top\"><\/div><div class=\"uvc-sub-heading ult-responsive\"  data-ultimate-target='.uvc-heading.ultimate-heading-281469e7bdc88c311 .uvc-sub-heading '  data-responsive-json-new='{\"font-size\":\"desktop:22px;tablet:14px;tablet_portrait:14px;mobile_landscape:14px;mobile:14px;\",\"line-height\":\"\"}'  style=\"font-weight:normal;color:#1b4b65;\"><\/p>\n<p style=\"text-align: left;\">El trabajo coordinado y articulado entre el Ministerio del Ambiente y el Ministerio de Agricultura y Ganader\u00eda con otras instituciones como los Gobiernos Aut\u00f3nomos Descentralizado es clave para detener la deforestaci\u00f3n y el cambio clim\u00e1tico. PROAmazon\u00eda fortalece la planificaci\u00f3n territorial (PDOT) y planes de vida con enfoque de conservaci\u00f3n, producci\u00f3n sostenible, cambio clim\u00e1tico, g\u00e9nero e interculturalidad.<\/p>\n<p style=\"text-align: left;\">Trabajamos en las siguientes actividades:<\/p>\n<p><\/div><\/div><div class=\"ult-spacer spacer-69e7bdc88c355\" data-id=\"69e7bdc88c355\" data-height=\"120\" data-height-mobile=\"20\" data-height-tab=\"20\" data-height-tab-portrait=\"20\" data-height-mobile-landscape=\"20\" style=\"clear:both;display:block;\"><\/div>[\/vc_column][\/vc_row][vc_row bg_color=\u00bb#8dc63f\u00bb][vc_column width=\u00bb1\/1&#8243;]<div class=\"ult-spacer spacer-69e7bdc88c381\" data-id=\"69e7bdc88c381\" data-height=\"120\" data-height-mobile=\"20\" data-height-tab=\"20\" data-height-tab-portrait=\"20\" data-height-mobile-landscape=\"20\" style=\"clear:both;display:block;\"><\/div><div class=\"uavc-list-icon uavc-list-icon-wrapper ult-adjust-bottom-margin   \"><ul class=\"uavc-list\"><li><div class=\"uavc-list-content\" id=\"list-icon-wrap-4133\">\n<div class=\"uavc-list-icon  \" data-animation=\"\" data-animation-delay=\"03\" style=\"margin-right:20px;\"><div class=\"ult-just-icon-wrapper  \"><div class=\"align-icon\" style=\"text-align:center;\">\n<div class=\"aio-icon-img \" style=\"font-size:80px;display:inline-block;\" >\n\t<img decoding=\"async\" class=\"img-icon\" alt=\"null\" src=\"https:\/\/www.proamazonia.org\/ppr\/wp-content\/uploads\/2019\/09\/icono1-politicas-e-institucionalidad.png\"\/>\n<\/div><\/div><\/div>\n<\/div><span  data-ultimate-target='#list-icon-wrap-4133 .uavc-list-desc'  data-responsive-json-new='{\"font-size\":\"desktop:22px;tablet:14px;tablet_portrait:14px;mobile_landscape:14px;mobile:14px;\",\"line-height\":\"\"}'  class=\"uavc-list-desc ult-responsive\" style=\"color:#ffffff;\">Revisi\u00f3n de instrumentos de planificaci\u00f3n: actualizaci\u00f3n de Planes de Ordenamiento Territorial<br \/>\n(PDOT) provinciales, cantonales, parroquiales y planes de vida de Pueblos y Nacionalidades<br \/>\nInd\u00edgenas con criterios de cambio clim\u00e1tico y de producci\u00f3n sostenible.<\/span><\/div><\/li><li><div class=\"uavc-list-content\" id=\"list-icon-wrap-3895\">\n<div class=\"uavc-list-icon  \" data-animation=\"\" data-animation-delay=\"03\" style=\"margin-right:20px;\"><div class=\"ult-just-icon-wrapper  \"><div class=\"align-icon\" style=\"text-align:center;\">\n<div class=\"aio-icon-img \" style=\"font-size:80px;display:inline-block;\" >\n\t<img decoding=\"async\" class=\"img-icon\" alt=\"null\" src=\"https:\/\/www.proamazonia.org\/ppr\/wp-content\/uploads\/2019\/09\/icono3-politicas-e-institucionalidad.png\"\/>\n<\/div><\/div><\/div>\n<\/div><span  data-ultimate-target='#list-icon-wrap-3895 .uavc-list-desc'  data-responsive-json-new='{\"font-size\":\"desktop:22px;tablet:14px;tablet_portrait:14px;mobile_landscape:14px;mobile:14px;\",\"line-height\":\"\"}'  class=\"uavc-list-desc ult-responsive\" style=\"color:#ffffff;\">Establecimiento de plataformas regionales e intersectoriales para la promoci\u00f3n y el monitoreo de<br \/>\nmecanismos y acuerdos interinstitucionales de coordinaci\u00f3n.<\/span><\/div><\/li><li><div class=\"uavc-list-content\" id=\"list-icon-wrap-3018\">\n<div class=\"uavc-list-icon  \" data-animation=\"\" data-animation-delay=\"03\" style=\"margin-right:20px;\"><div class=\"ult-just-icon-wrapper  \"><div class=\"align-icon\" style=\"text-align:center;\">\n<div class=\"aio-icon-img \" style=\"font-size:80px;display:inline-block;\" >\n\t<img decoding=\"async\" class=\"img-icon\" alt=\"null\" src=\"https:\/\/www.proamazonia.org\/ppr\/wp-content\/uploads\/2019\/09\/icono2-politicas-e-institucionalidad.png\"\/>\n<\/div><\/div><\/div>\n<\/div><span  data-ultimate-target='#list-icon-wrap-3018 .uavc-list-desc'  data-responsive-json-new='{\"font-size\":\"desktop:22px;tablet:14px;tablet_portrait:14px;mobile_landscape:14px;mobile:14px;\",\"line-height\":\"\"}'  class=\"uavc-list-desc ult-responsive\" style=\"color:#ffffff;\">Fortalecimiento de capacidades t\u00e9cnicas en los Gobiernos Aut\u00f3nomos Descentralizados (GAD) y en las nacionalidades ind\u00edgenas.<\/span><\/div><\/li><\/ul><\/div><div class=\"ult-spacer spacer-69e7bdc88d1eb\" data-id=\"69e7bdc88d1eb\" data-height=\"120\" data-height-mobile=\"20\" data-height-tab=\"20\" data-height-tab-portrait=\"20\" data-height-mobile-landscape=\"20\" style=\"clear:both;display:block;\"><\/div>[\/vc_column][\/vc_row][vc_row][vc_column width=\u00bb1\/1&#8243;]<div class=\"ult-spacer spacer-69e7bdc88d217\" data-id=\"69e7bdc88d217\" data-height=\"120\" data-height-mobile=\"20\" data-height-tab=\"20\" data-height-tab-portrait=\"20\" data-height-mobile-landscape=\"20\" style=\"clear:both;display:block;\"><\/div><div id=\"ultimate-heading-825269e7bdc88d24f\" class=\"uvc-heading ult-adjust-bottom-margin ultimate-heading-825269e7bdc88d24f uvc-2120 \" data-hspacer=\"no_spacer\"  data-halign=\"left\" style=\"text-align:left\"><div class=\"uvc-heading-spacer no_spacer\" style=\"top\"><\/div><div class=\"uvc-sub-heading ult-responsive\"  data-ultimate-target='.uvc-heading.ultimate-heading-825269e7bdc88d24f .uvc-sub-heading '  data-responsive-json-new='{\"font-size\":\"desktop:22px;tablet:14px;tablet_portrait:14px;mobile_landscape:14px;mobile:14px;\",\"line-height\":\"\"}'  style=\"font-weight:normal;color:#1b4b65;\">Propuesta:<\/p>\n<ul>\n<li>Revisi\u00f3n de planes de desarrollo y ordenamiento Territorial (PDOT) y planes de vida<\/li>\n<li>Establecimiento de plataformas provinciales y regionales para la articulaci\u00f3n interinstitucional<\/li>\n<li>Fortalecimiento de capacidades fortalecidas en planificaci\u00f3n territorial<\/li>\n<\/ul>\n<p><\/div><\/div>[\/vc_column][\/vc_row][vc_row][vc_column width=\u00bb1\/1&#8243;]<div class=\"ult-spacer spacer-69e7bdc88d288\" data-id=\"69e7bdc88d288\" data-height=\"120\" data-height-mobile=\"20\" data-height-tab=\"40\" data-height-tab-portrait=\"40\" data-height-mobile-landscape=\"20\" style=\"clear:both;display:block;\"><\/div>[vc_row_inner][vc_column_inner width=\u00bb1\/2&#8243;]<div class=\"aio-icon-component    style_2\"><a class=\"aio-icon-box-link\" href=\"http:\/\/proamazonia.org\/planificacion-y-ordenamiento-territorial\/\" target=\"_blank\"><div id=\"Info-box-wrap-4136\" class=\"aio-icon-box left-icon\" style=\"\"  ><div class=\"aio-icon-left\"><div class=\"ult-just-icon-wrapper  \"><div class=\"align-icon\" style=\"text-align:center;\">\n<div class=\"aio-icon-img \" style=\"font-size:120px;display:inline-block;\" data-animation=\"swing\" data-animation-delay=\"03\">\n\t<img decoding=\"async\" class=\"img-icon\" alt=\"null\" src=\"https:\/\/www.proamazonia.org\/ppr\/wp-content\/uploads\/2020\/02\/PlaificacionOT.png\"\/>\n<\/div><\/div><\/div><\/div><div class=\"aio-ibd-block\"><div class=\"aio-icon-header\" ><h3 class=\"aio-icon-title ult-responsive\"  data-ultimate-target='#Info-box-wrap-4136 .aio-icon-title'  data-responsive-json-new='{\"font-size\":\"desktop:26px;tablet:16px;tablet_portrait:16px;mobile_landscape:16px;mobile:16px;\",\"line-height\":\"\"}'  style=\"font-weight:bold;color:#013c5b;\">Planificaci\u00f3n y Ordenamiento Territorial<\/h3><\/div> <!-- header --><\/div> <!-- aio-ibd-block --><\/div> <!-- aio-icon-box --><\/a><\/div> <!-- aio-icon-component --><div class=\"aio-icon-component    style_2\"><a class=\"aio-icon-box-link\" href=\"http:\/\/proamazonia.org\/planes-de-vida\/\" target=\"_blank\"><div id=\"Info-box-wrap-8897\" class=\"aio-icon-box left-icon\" style=\"\"  ><div class=\"aio-icon-left\"><div class=\"ult-just-icon-wrapper  \"><div class=\"align-icon\" style=\"text-align:center;\">\n<div class=\"aio-icon-img \" style=\"font-size:120px;display:inline-block;\" data-animation=\"swing\" data-animation-delay=\"03\">\n\t<img decoding=\"async\" class=\"img-icon\" alt=\"null\" src=\"https:\/\/www.proamazonia.org\/ppr\/wp-content\/uploads\/2020\/02\/planesVida.png\"\/>\n<\/div><\/div><\/div><\/div><div class=\"aio-ibd-block\"><div class=\"aio-icon-header\" ><h3 class=\"aio-icon-title ult-responsive\"  data-ultimate-target='#Info-box-wrap-8897 .aio-icon-title'  data-responsive-json-new='{\"font-size\":\"desktop:26px;tablet:16px;tablet_portrait:16px;mobile_landscape:16px;mobile:16px;\",\"line-height\":\"\"}'  style=\"font-weight:bold;color:#013c5b;\">Planes de Vida<\/h3><\/div> <!-- header --><\/div> <!-- aio-ibd-block --><\/div> <!-- aio-icon-box --><\/a><\/div> <!-- aio-icon-component -->[\/vc_column_inner][vc_column_inner width=\u00bb1\/2&#8243;]<div class=\"aio-icon-component    style_2\"><a class=\"aio-icon-box-link\" href=\"http:\/\/proamazonia.org\/plataformas-territoriales\/\" target=\"_blank\"><div id=\"Info-box-wrap-1159\" class=\"aio-icon-box left-icon\" style=\"\"  ><div class=\"aio-icon-left\"><div class=\"ult-just-icon-wrapper  \"><div class=\"align-icon\" style=\"text-align:center;\">\n<div class=\"aio-icon-img \" style=\"font-size:120px;display:inline-block;\" data-animation=\"swing\" data-animation-delay=\"03\">\n\t<img decoding=\"async\" class=\"img-icon\" alt=\"null\" src=\"https:\/\/www.proamazonia.org\/ppr\/wp-content\/uploads\/2020\/02\/PlataformasTerritoriales.png\"\/>\n<\/div><\/div><\/div><\/div><div class=\"aio-ibd-block\"><div class=\"aio-icon-header\" ><h3 class=\"aio-icon-title ult-responsive\"  data-ultimate-target='#Info-box-wrap-1159 .aio-icon-title'  data-responsive-json-new='{\"font-size\":\"desktop:26px;tablet:16px;tablet_portrait:16px;mobile_landscape:16px;mobile:16px;\",\"line-height\":\"\"}'  style=\"font-weight:bold;color:#013c5b;\">Plataformas Territoriales<\/h3><\/div> <!-- header --><\/div> <!-- aio-ibd-block --><\/div> <!-- aio-icon-box --><\/a><\/div> <!-- aio-icon-component --><div class=\"aio-icon-component    style_2\"><a class=\"aio-icon-box-link\" href=\"http:\/\/proamazonia.org\/politicas-e-institucionalidad\/acuerdos-interinstitucionales\/\" target=\"_blank\"><div id=\"Info-box-wrap-9073\" class=\"aio-icon-box left-icon\" style=\"\"  ><div class=\"aio-icon-left\"><div class=\"ult-just-icon-wrapper  \"><div class=\"align-icon\" style=\"text-align:center;\">\n<div class=\"aio-icon-img \" style=\"font-size:120px;display:inline-block;\" data-animation=\"swing\" data-animation-delay=\"03\">\n\t<img decoding=\"async\" class=\"img-icon\" alt=\"null\" src=\"https:\/\/www.proamazonia.org\/ppr\/wp-content\/uploads\/2020\/02\/AcuerdosInterinstitucionales.png\"\/>\n<\/div><\/div><\/div><\/div><div class=\"aio-ibd-block\"><div class=\"aio-icon-header\" ><h3 class=\"aio-icon-title ult-responsive\"  data-ultimate-target='#Info-box-wrap-9073 .aio-icon-title'  data-responsive-json-new='{\"font-size\":\"desktop:26px;tablet:16px;tablet_portrait:16px;mobile_landscape:16px;mobile:16px;\",\"line-height\":\"\"}'  style=\"font-weight:bold;color:#013c5b;\">Acuerdos Interinstitucionales<\/h3><\/div> <!-- header --><\/div> <!-- aio-ibd-block --><\/div> <!-- aio-icon-box --><\/a><\/div> <!-- aio-icon-component -->[\/vc_column_inner][\/vc_row_inner]<div class=\"ult-spacer spacer-69e7bdc88e1cb\" data-id=\"69e7bdc88e1cb\" data-height=\"120\" data-height-mobile=\"20\" data-height-tab=\"40\" data-height-tab-portrait=\"40\" data-height-mobile-landscape=\"20\" style=\"clear:both;display:block;\"><\/div>[\/vc_column][\/vc_row][vc_row type=\u00bbfull_width_section\u00bb bg_color=\u00bb#00aeef\u00bb][vc_column width=\u00bb1\/1&#8243;]<div class=\"ult-spacer spacer-69e7bdc88e209\" data-id=\"69e7bdc88e209\" data-height=\"60\" data-height-mobile=\"20\" data-height-tab=\"20\" data-height-tab-portrait=\"20\" data-height-mobile-landscape=\"20\" style=\"clear:both;display:block;\"><\/div><div id=\"ultimate-heading-974069e7bdc88e237\" class=\"uvc-heading ult-adjust-bottom-margin ultimate-heading-974069e7bdc88e237 uvc-6780 \" data-hspacer=\"no_spacer\"  data-halign=\"center\" style=\"text-align:center\"><div class=\"uvc-heading-spacer no_spacer\" style=\"top\"><\/div><div class=\"uvc-main-heading ult-responsive\"  data-ultimate-target='.uvc-heading.ultimate-heading-974069e7bdc88e237 h2'  data-responsive-json-new='{\"font-size\":\"desktop:44px;tablet:24px;tablet_portrait:24px;mobile_landscape:24px;mobile:24px;\",\"line-height\":\"\"}' ><h2 style=\"font-weight:bold;color:#ffffff;\">METAS<\/h2><\/div><\/div><div class=\"ult-spacer spacer-69e7bdc88e269\" data-id=\"69e7bdc88e269\" data-height=\"60\" data-height-mobile=\"20\" data-height-tab=\"20\" data-height-tab-portrait=\"20\" data-height-mobile-landscape=\"20\" style=\"clear:both;display:block;\"><\/div>[\/vc_column][\/vc_row][vc_row bg_color=\u00bb#fff7ef\u00bb][vc_column width=\u00bb1\/1&#8243;]<div class=\"ult-spacer spacer-69e7bdc88e28c\" data-id=\"69e7bdc88e28c\" data-height=\"150\" data-height-mobile=\"10\" data-height-tab=\"10\" data-height-tab-portrait=\"10\" data-height-mobile-landscape=\"10\" style=\"clear:both;display:block;\"><\/div>[vc_row_inner][vc_column_inner width=\u00bb1\/2&#8243;]<div id=\"ultimate-heading-835269e7bdc88e2b0\" class=\"uvc-heading ult-adjust-bottom-margin ultimate-heading-835269e7bdc88e2b0 uvc-6721 \" data-hspacer=\"no_spacer\"  data-halign=\"left\" style=\"text-align:left\"><div class=\"uvc-heading-spacer no_spacer\" style=\"top\"><\/div><div class=\"uvc-main-heading ult-responsive\"  data-ultimate-target='.uvc-heading.ultimate-heading-835269e7bdc88e2b0 h2'  data-responsive-json-new='{\"font-size\":\"desktop:25px;tablet:18px;tablet_portrait:18px;mobile_landscape:18px;mobile:18px;\",\"line-height\":\"\"}' ><h2 style=\"font-weight:bold;color:#1b4b65;\">Elaboraci\u00f3n\/actualizaci\u00f3n de<\/h2><\/div><\/div>[\/vc_column_inner][vc_column_inner width=\u00bb1\/2&#8243;][\/vc_column_inner][\/vc_row_inner]<div class=\"ult-spacer spacer-69e7bdc88e2dc\" data-id=\"69e7bdc88e2dc\" data-height=\"30\" data-height-mobile=\"20\" data-height-tab=\"20\" data-height-tab-portrait=\"20\" data-height-mobile-landscape=\"20\" style=\"clear:both;display:block;\"><\/div>[vc_row_inner][vc_column_inner width=\u00bb1\/2&#8243;]<div class=\"minti_list wpb_content_element color-accent checkbox\" style=\"padding-left: 20px;\">\n<ul>\n<li style=\"color: #1b4b65; font-size: 16px;\">28 PDOT actualizados con criterios de cambio clim\u00e1tico, producci\u00f3n sostenible y REDD+<\/li>\n<\/ul>\n<\/div>[\/vc_column_inner][vc_column_inner width=\u00bb1\/2&#8243;][\/vc_column_inner][\/vc_row_inner][vc_row_inner][vc_column_inner width=\u00bb1\/2&#8243;]<div class=\"minti_list wpb_content_element color-accent checkbox\" style=\"padding-left: 20px;\">\n<ul>\n<li style=\"color: #1b4b65; font-size: 16px;\">4 Planes de vida construidos y aprobados por las comunidades<\/li>\n<\/ul>\n<\/div>[\/vc_column_inner][vc_column_inner width=\u00bb1\/2&#8243;][\/vc_column_inner][\/vc_row_inner]<div class=\"ult-spacer spacer-69e7bdc88e353\" data-id=\"69e7bdc88e353\" data-height=\"150\" data-height-mobile=\"20\" data-height-tab=\"20\" data-height-tab-portrait=\"20\" data-height-mobile-landscape=\"20\" style=\"clear:both;display:block;\"><\/div>[\/vc_column][\/vc_row][vc_row][vc_column width=\u00bb1\/1&#8243;]<div class=\"ult-spacer spacer-69e7bdc88e374\" data-id=\"69e7bdc88e374\" data-height=\"60\" data-height-mobile=\"20\" data-height-tab=\"20\" data-height-tab-portrait=\"20\" data-height-mobile-landscape=\"20\" style=\"clear:both;display:block;\"><\/div><div id=\"ultimate-heading-268669e7bdc88e396\" class=\"uvc-heading ult-adjust-bottom-margin ultimate-heading-268669e7bdc88e396 uvc-5413 \" data-hspacer=\"no_spacer\"  data-halign=\"center\" style=\"text-align:center\"><div class=\"uvc-heading-spacer no_spacer\" style=\"top\"><\/div><div class=\"uvc-main-heading ult-responsive\"  data-ultimate-target='.uvc-heading.ultimate-heading-268669e7bdc88e396 h2'  data-responsive-json-new='{\"font-size\":\"desktop:44px;tablet:24px;tablet_portrait:24px;mobile_landscape:24px;mobile:24px;\",\"line-height\":\"\"}' ><h2 style=\"font-weight:bold;color:#003b5a;\">NOTICIAS<\/h2><\/div><\/div><div class=\"ult-spacer spacer-69e7bdc88e3bf\" data-id=\"69e7bdc88e3bf\" data-height=\"60\" data-height-mobile=\"20\" data-height-tab=\"20\" data-height-tab-portrait=\"20\" data-height-mobile-landscape=\"20\" style=\"clear:both;display:block;\"><\/div>[vc_column_text][wpbm id=\u00bb1257&#8243;][\/vc_column_text]<div class=\"ult-spacer spacer-69e7bdc88e3dd\" data-id=\"69e7bdc88e3dd\" data-height=\"60\" data-height-mobile=\"20\" data-height-tab=\"20\" data-height-tab-portrait=\"20\" data-height-mobile-landscape=\"20\" style=\"clear:both;display:block;\"><\/div>[\/vc_column][\/vc_row]<\/p>\n<\/div>","protected":false},"excerpt":{"rendered":"<p>[vc_row type=\u00bbfull_width_section\u00bb bg_type=\u00bbimage\u00bb parallax_style=\u00bbvcpb-vz-jquery\u00bb bg_image_new=\u00bbid^2117|url^http:\/\/www.proamazonia.org\/wp-content\/uploads\/2020\/02\/politicas-institucionales_portada.jpg|caption^null|alt^null|title^politicas-institucionales_portada|description^null\u00bb][vc_column width=\u00bb1\/1&#8243;][rev_slider_vc alias=\u00bbPoliticas\u00bb][\/vc_column][\/vc_row][vc_row type=\u00bbfull_width_section\u00bb text_align=\u00bbcenter\u00bb][vc_column width=\u00bb1\/1&#8243;][\/vc_column][\/vc_row][vc_row][vc_column width=\u00bb1\/1&#8243;][\/vc_column][\/vc_row][vc_row bg_color=\u00bb#8dc63f\u00bb][vc_column width=\u00bb1\/1&#8243;][\/vc_column][\/vc_row][vc_row][vc_column width=\u00bb1\/1&#8243;][\/vc_column][\/vc_row][vc_row][vc_column width=\u00bb1\/1&#8243;][vc_row_inner][vc_column_inner width=\u00bb1\/2&#8243;][\/vc_column_inner][vc_column_inner width=\u00bb1\/2&#8243;][\/vc_column_inner][\/vc_row_inner][\/vc_column][\/vc_row][vc_row type=\u00bbfull_width_section\u00bb bg_color=\u00bb#00aeef\u00bb][vc_column width=\u00bb1\/1&#8243;][\/vc_column][\/vc_row][vc_row bg_color=\u00bb#fff7ef\u00bb][vc_column width=\u00bb1\/1&#8243;][vc_row_inner][vc_column_inner width=\u00bb1\/2&#8243;][\/vc_column_inner][vc_column_inner width=\u00bb1\/2&#8243;][\/vc_column_inner][\/vc_row_inner][vc_row_inner][vc_column_inner width=\u00bb1\/2&#8243;][\/vc_column_inner][vc_column_inner width=\u00bb1\/2&#8243;][\/vc_column_inner][\/vc_row_inner][vc_row_inner][vc_column_inner width=\u00bb1\/2&#8243;][\/vc_column_inner][vc_column_inner width=\u00bb1\/2&#8243;][\/vc_column_inner][\/vc_row_inner][\/vc_column][\/vc_row][vc_row][vc_column width=\u00bb1\/1&#8243;][vc_column_text][wpbm id=\u00bb1257&#8243;][\/vc_column_text][\/vc_column][\/vc_row]<\/p>\n","protected":false},"author":2,"featured_media":0,"parent":0,"menu_order":0,"comment_status":"closed","ping_status":"closed","template":"","meta":{"_uf_show_specific_survey":0,"_uf_disable_surveys":false,"footnotes":""},"class_list":["post-29","page","type-page","status-publish","hentry"],"aioseo_notices":[],"_links":{"self":[{"href":"https:\/\/www.proamazonia.org\/ppr\/wp-json\/wp\/v2\/pages\/29","targetHints":{"allow":["GET"]}}],"collection":[{"href":"https:\/\/www.proamazonia.org\/ppr\/wp-json\/wp\/v2\/pages"}],"about":[{"href":"https:\/\/www.proamazonia.org\/ppr\/wp-json\/wp\/v2\/types\/page"}],"author":[{"embeddable":true,"href":"https:\/\/www.proamazonia.org\/ppr\/wp-json\/wp\/v2\/users\/2"}],"replies":[{"embeddable":true,"href":"https:\/\/www.proamazonia.org\/ppr\/wp-json\/wp\/v2\/comments?post=29"}],"version-history":[{"count":105,"href":"https:\/\/www.proamazonia.org\/ppr\/wp-json\/wp\/v2\/pages\/29\/revisions"}],"predecessor-version":[{"id":4418,"href":"https:\/\/www.proamazonia.org\/ppr\/wp-json\/wp\/v2\/pages\/29\/revisions\/4418"}],"wp:attachment":[{"href":"https:\/\/www.proamazonia.org\/ppr\/wp-json\/wp\/v2\/media?parent=29"}],"curies":[{"name":"wp","href":"https:\/\/api.w.org\/{rel}","templated":true}]}}