{"id":33,"date":"2019-09-24T22:31:31","date_gmt":"2019-09-24T20:31:31","guid":{"rendered":"http:\/\/2sisdigital.com\/proama\/?page_id=33"},"modified":"2021-01-28T12:23:52","modified_gmt":"2021-01-28T17:23:52","slug":"conservacion-de-bosques","status":"publish","type":"page","link":"https:\/\/www.proamazonia.org\/ppr\/conservacion-de-bosques\/","title":{"rendered":"CONSERVACI\u00d3N DE BOSQUES"},"content":{"rendered":"<div class=\"wpb-content-wrapper\"><p>[vc_row type=\u00bbfull_width_section\u00bb bg_type=\u00bbimage\u00bb parallax_style=\u00bbvcpb-vz-jquery\u00bb bg_image_new=\u00bbid^166|url^http:\/\/proamazonia.org\/wp-content\/uploads\/2019\/09\/conservacion-bosques-principal.jpg|caption^null|alt^null|title^conservacion-bosques-principal|description^null\u00bb][vc_column width=\u00bb1\/1&#8243;][rev_slider_vc alias=\u00bbconservacion\u00bb][\/vc_column][\/vc_row][vc_row type=\u00bbfull_width_section\u00bb text_align=\u00bbcenter\u00bb][vc_column width=\u00bb1\/1&#8243;]<div class=\"single_image wpb_content_element align-center   \" data-animation=\"none\" data-delay=\"0\"><img loading=\"lazy\" decoding=\"async\" width=\"1920\" height=\"59\" src=\"https:\/\/www.proamazonia.org\/ppr\/wp-content\/uploads\/2019\/09\/proamazonia-cabecera.png\" class=\"attachment-full\" alt=\"\" title=\"proamazonia-cabecera\" srcset=\"https:\/\/www.proamazonia.org\/ppr\/wp-content\/uploads\/2019\/09\/proamazonia-cabecera.png 1920w, https:\/\/www.proamazonia.org\/ppr\/wp-content\/uploads\/2019\/09\/proamazonia-cabecera-300x9.png 300w, https:\/\/www.proamazonia.org\/ppr\/wp-content\/uploads\/2019\/09\/proamazonia-cabecera-768x24.png 768w, https:\/\/www.proamazonia.org\/ppr\/wp-content\/uploads\/2019\/09\/proamazonia-cabecera-1024x31.png 1024w, https:\/\/www.proamazonia.org\/ppr\/wp-content\/uploads\/2019\/09\/proamazonia-cabecera-200x6.png 200w\" sizes=\"auto, (max-width: 1920px) 100vw, 1920px\" \/><\/div>[\/vc_column][\/vc_row][vc_row][vc_column width=\u00bb1\/1&#8243;]<div class=\"ult-spacer spacer-69e7bdc6f350f\" data-id=\"69e7bdc6f350f\" data-height=\"120\" data-height-mobile=\"20\" data-height-tab=\"20\" data-height-tab-portrait=\"20\" data-height-mobile-landscape=\"20\" style=\"clear:both;display:block;\"><\/div><div id=\"ultimate-heading-437569e7bdc6f3532\" class=\"uvc-heading ult-adjust-bottom-margin ultimate-heading-437569e7bdc6f3532 uvc-8072 \" data-hspacer=\"no_spacer\"  data-halign=\"center\" style=\"text-align:center\"><div class=\"uvc-heading-spacer no_spacer\" style=\"top\"><\/div><div class=\"uvc-sub-heading ult-responsive\"  data-ultimate-target='.uvc-heading.ultimate-heading-437569e7bdc6f3532 .uvc-sub-heading '  data-responsive-json-new='{\"font-size\":\"desktop:22px;tablet:14px;tablet_portrait:14px;mobile_landscape:14px;mobile:14px;\",\"line-height\":\"\"}'  style=\"font-weight:normal;color:#1b4b65;\"><\/p>\n<p style=\"text-align: center;\">PROAmazon\u00eda apoya a los compromisos de Ecuador para reducir la deforestaci\u00f3n y las emisiones asociadas de gases de efecto invernadero. Trabajamos en el fortalecimiento del control forestal, la implementaci\u00f3n de un sistema de trazabilidad de productos forestales, el fomento al manejo forestal sostenible y los bioemprendimientos. Adem\u00e1s, promovemos la conservaci\u00f3n, la restauraci\u00f3n ecosist\u00e9mica, y la gesti\u00f3n integrada de recursos h\u00eddricos a trav\u00e9s de mecanismos financieros y no financieros.<\/p>\n<p style=\"text-align: center;\">Algunas de nuestras acciones son:<\/p>\n<p><\/div><\/div><div class=\"ult-spacer spacer-69e7bdc6f356c\" data-id=\"69e7bdc6f356c\" data-height=\"120\" data-height-mobile=\"20\" data-height-tab=\"20\" data-height-tab-portrait=\"20\" data-height-mobile-landscape=\"20\" style=\"clear:both;display:block;\"><\/div>[\/vc_column][\/vc_row][vc_row bg_color=\u00bb#50924a\u00bb][vc_column width=\u00bb1\/1&#8243;]<div class=\"ult-spacer spacer-69e7bdc6f358b\" data-id=\"69e7bdc6f358b\" data-height=\"60\" data-height-mobile=\"20\" data-height-tab=\"20\" data-height-tab-portrait=\"20\" data-height-mobile-landscape=\"20\" style=\"clear:both;display:block;\"><\/div><div class=\"uavc-list-icon uavc-list-icon-wrapper ult-adjust-bottom-margin   \"><ul class=\"uavc-list\"><li><div class=\"uavc-list-content\" id=\"list-icon-wrap-9889\">\n<div class=\"uavc-list-icon  \" data-animation=\"\" data-animation-delay=\"03\" style=\"margin-right:15px;\"><div class=\"ult-just-icon-wrapper  \"><div class=\"align-icon\" style=\"text-align:center;\">\n<div class=\"aio-icon-img \" style=\"font-size:50px;display:inline-block;\" >\n\t<img decoding=\"async\" class=\"img-icon\" alt=\"null\" src=\"https:\/\/www.proamazonia.org\/ppr\/wp-content\/uploads\/2020\/04\/conservaci\u00f3n-bosques-icono-1.jpg\"\/>\n<\/div><\/div><\/div>\n<\/div><span  data-ultimate-target='#list-icon-wrap-9889 .uavc-list-desc'  data-responsive-json-new='{\"font-size\":\"desktop:22px;tablet:14px;tablet_portrait:14px;mobile_landscape:14px;mobile:14px;\",\"line-height\":\"\"}'  class=\"uavc-list-desc ult-responsive\" style=\"color:#ffffff;\"><a style=\"color: #fff;\">Dise\u00f1o e implementaci\u00f3n de una nueva estrategia de control forestal y trazabilidad junto con la Direcci\u00f3n Nacional Forestal, incluyendo la mejora del sistema de administraci\u00f3n forestal, repotenciando los puestos fijos de control forestal, capacitando al personal t\u00e9cnico, dise\u00f1ando un mecanismo de certificado de madera de origen legal, y levantando informaci\u00f3n sobre los bosques para la toma de decisi\u00f3n.<\/a><\/span><\/div><\/li><li><div class=\"uavc-list-content\" id=\"list-icon-wrap-8119\">\n<div class=\"uavc-list-icon  \" data-animation=\"\" data-animation-delay=\"03\" style=\"margin-right:15px;\"><div class=\"ult-just-icon-wrapper  \"><div class=\"align-icon\" style=\"text-align:center;\">\n<div class=\"aio-icon-img \" style=\"font-size:50px;display:inline-block;\" >\n\t<img decoding=\"async\" class=\"img-icon\" alt=\"null\" src=\"https:\/\/www.proamazonia.org\/ppr\/wp-content\/uploads\/2020\/04\/conservaci\u00f3n-bosques-icono-2.jpg\"\/>\n<\/div><\/div><\/div>\n<\/div><span  data-ultimate-target='#list-icon-wrap-8119 .uavc-list-desc'  data-responsive-json-new='{\"font-size\":\"desktop:22px;tablet:14px;tablet_portrait:14px;mobile_landscape:14px;mobile:14px;\",\"line-height\":\"\"}'  class=\"uavc-list-desc ult-responsive\" style=\"color:#ffffff;\"><a style=\"color: #fff;\">Dise\u00f1o e implementaci\u00f3n de un mecanismo de monitoreo comunitario para fortalecer la vigilancia de los bosques y recursos naturales con participaci\u00f3n activa de los pueblos y nacionalidades ind\u00edgenas.<\/a><\/span><\/div><\/li><li><div class=\"uavc-list-content\" id=\"list-icon-wrap-3768\">\n<div class=\"uavc-list-icon  \" data-animation=\"\" data-animation-delay=\"03\" style=\"margin-right:15px;\"><div class=\"ult-just-icon-wrapper  \"><div class=\"align-icon\" style=\"text-align:center;\">\n<div class=\"aio-icon-img \" style=\"font-size:50px;display:inline-block;\" >\n\t<img decoding=\"async\" class=\"img-icon\" alt=\"null\" src=\"https:\/\/www.proamazonia.org\/ppr\/wp-content\/uploads\/2020\/04\/conservaci\u00f3n-bosques-icono-3.jpg\"\/>\n<\/div><\/div><\/div>\n<\/div><span  data-ultimate-target='#list-icon-wrap-3768 .uavc-list-desc'  data-responsive-json-new='{\"font-size\":\"desktop:22px;tablet:14px;tablet_portrait:14px;mobile_landscape:14px;mobile:14px;\",\"line-height\":\"\"}'  class=\"uavc-list-desc ult-responsive\" style=\"color:#ffffff;\"><a style=\"color: #fff;\">Fomento del manejo forestal sostenible a trav\u00e9s de la generaci\u00f3n de buenas pr\u00e1cticas silviculturales, y la asesor\u00eda y el acompa\u00f1amiento t\u00e9cnico.<\/a><\/span><\/div><\/li><li><div class=\"uavc-list-content\" id=\"list-icon-wrap-6358\">\n<div class=\"uavc-list-icon  \" data-animation=\"\" data-animation-delay=\"03\" style=\"margin-right:15px;\"><div class=\"ult-just-icon-wrapper  \"><div class=\"align-icon\" style=\"text-align:center;\">\n<div class=\"aio-icon-img \" style=\"font-size:50px;display:inline-block;\" >\n\t<img decoding=\"async\" class=\"img-icon\" alt=\"null\" src=\"https:\/\/www.proamazonia.org\/ppr\/wp-content\/uploads\/2020\/04\/conservaci\u00f3n-bosques-icono-4.jpg\"\/>\n<\/div><\/div><\/div>\n<\/div><span  data-ultimate-target='#list-icon-wrap-6358 .uavc-list-desc'  data-responsive-json-new='{\"font-size\":\"desktop:22px;tablet:14px;tablet_portrait:14px;mobile_landscape:14px;mobile:14px;\",\"line-height\":\"\"}'  class=\"uavc-list-desc ult-responsive\" style=\"color:#ffffff;\"><a style=\"color: #fff;\">Actualizaci\u00f3n del plan de manejo del Bosque Protector Kutuku Shaimi para mejorar la gesti\u00f3n en el bosque y promover la conservaci\u00f3n, el manejo forestal sostenible y los bioemprendimientos.<\/a><\/span><\/div><\/li><li><div class=\"uavc-list-content\" id=\"list-icon-wrap-2278\">\n<div class=\"uavc-list-icon  \" data-animation=\"\" data-animation-delay=\"03\" style=\"margin-right:15px;\"><div class=\"ult-just-icon-wrapper  \"><div class=\"align-icon\" style=\"text-align:center;\">\n<div class=\"aio-icon-img \" style=\"font-size:50px;display:inline-block;\" >\n\t<img decoding=\"async\" class=\"img-icon\" alt=\"null\" src=\"https:\/\/www.proamazonia.org\/ppr\/wp-content\/uploads\/2020\/04\/conservaci\u00f3n-bosques-icono-5.jpg\"\/>\n<\/div><\/div><\/div>\n<\/div><span  data-ultimate-target='#list-icon-wrap-2278 .uavc-list-desc'  data-responsive-json-new='{\"font-size\":\"desktop:22px;tablet:14px;tablet_portrait:14px;mobile_landscape:14px;mobile:14px;\",\"line-height\":\"\"}'  class=\"uavc-list-desc ult-responsive\" style=\"color:#ffffff;\"><a style=\"color: #fff;\">Fomento de los bioemprendimientos y productos forestales no maderables como alternativas productivas para las poblaciones.<\/a><\/span><\/div><\/li><li><div class=\"uavc-list-content\" id=\"list-icon-wrap-6253\">\n<div class=\"uavc-list-icon  \" data-animation=\"\" data-animation-delay=\"03\" style=\"margin-right:15px;\"><div class=\"ult-just-icon-wrapper  \"><div class=\"align-icon\" style=\"text-align:center;\">\n<div class=\"aio-icon-img \" style=\"font-size:50px;display:inline-block;\" >\n\t<img decoding=\"async\" class=\"img-icon\" alt=\"null\" src=\"https:\/\/www.proamazonia.org\/ppr\/wp-content\/uploads\/2020\/04\/conservaci\u00f3n-bosques-icono-6.jpg\"\/>\n<\/div><\/div><\/div>\n<\/div><span  data-ultimate-target='#list-icon-wrap-6253 .uavc-list-desc'  data-responsive-json-new='{\"font-size\":\"desktop:22px;tablet:14px;tablet_portrait:14px;mobile_landscape:14px;mobile:14px;\",\"line-height\":\"\"}'  class=\"uavc-list-desc ult-responsive\" style=\"color:#ffffff;\"><a style=\"color: #fff;\">Ampliaci\u00f3n del Proyecto Socio Bosque en \u00e1reas bajo amenaza de deforestaci\u00f3n, monitoreo y seguimiento de las \u00e1reas, as\u00ed como el fortalecimiento de capacidades de los beneficiarios fomentando las actividades productivas sostenibles y los bioemprendimientos.<\/a><\/span><\/div><\/li><li><div class=\"uavc-list-content\" id=\"list-icon-wrap-2968\">\n<div class=\"uavc-list-icon  \" data-animation=\"\" data-animation-delay=\"03\" style=\"margin-right:15px;\"><div class=\"ult-just-icon-wrapper  \"><div class=\"align-icon\" style=\"text-align:center;\">\n<div class=\"aio-icon-img \" style=\"font-size:50px;display:inline-block;\" >\n\t<img decoding=\"async\" class=\"img-icon\" alt=\"null\" src=\"https:\/\/www.proamazonia.org\/ppr\/wp-content\/uploads\/2020\/04\/conservaci\u00f3n-bosques-icono-7.jpg\"\/>\n<\/div><\/div><\/div>\n<\/div><span  data-ultimate-target='#list-icon-wrap-2968 .uavc-list-desc'  data-responsive-json-new='{\"font-size\":\"desktop:22px;tablet:14px;tablet_portrait:14px;mobile_landscape:14px;mobile:14px;\",\"line-height\":\"\"}'  class=\"uavc-list-desc ult-responsive\" style=\"color:#ffffff;\"><a style=\"color: #fff;\">Restauraci\u00f3n forestal con fines de conservaci\u00f3n, junto con el fortalecimiento de capacidades de los actores locales, de acuerdo a las directrices y pol\u00edticas del Programa Nacional de Reforestaci\u00f3n.<\/a><\/span><\/div><\/li><li><div class=\"uavc-list-content\" id=\"list-icon-wrap-4342\">\n<div class=\"uavc-list-icon  \" data-animation=\"\" data-animation-delay=\"03\" style=\"margin-right:15px;\"><div class=\"ult-just-icon-wrapper  \"><div class=\"align-icon\" style=\"text-align:center;\">\n<div class=\"aio-icon-img \" style=\"font-size:50px;display:inline-block;\" >\n\t<img decoding=\"async\" class=\"img-icon\" alt=\"null\" src=\"https:\/\/www.proamazonia.org\/ppr\/wp-content\/uploads\/2020\/04\/conservaci\u00f3n-bosques-icono-8.jpg\"\/>\n<\/div><\/div><\/div>\n<\/div><span  data-ultimate-target='#list-icon-wrap-4342 .uavc-list-desc'  data-responsive-json-new='{\"font-size\":\"desktop:22px;tablet:14px;tablet_portrait:14px;mobile_landscape:14px;mobile:14px;\",\"line-height\":\"\"}'  class=\"uavc-list-desc ult-responsive\" style=\"color:#ffffff;\"><a style=\"color: #fff;\">Implementaci\u00f3n de acciones REDD+ en cuencas hidrogr\u00e1ficas a trav\u00e9s de los socios FONAG, FONAPA y FORAGUA.<\/a><\/span><\/div><\/li><\/ul><\/div><div class=\"ult-spacer spacer-69e7bdc7007b5\" data-id=\"69e7bdc7007b5\" data-height=\"40\" data-height-mobile=\"20\" data-height-tab=\"20\" data-height-tab-portrait=\"20\" data-height-mobile-landscape=\"20\" style=\"clear:both;display:block;\"><\/div>[\/vc_column][\/vc_row][vc_row][vc_column width=\u00bb1\/1&#8243;]<div class=\"ult-spacer spacer-69e7bdc7007d3\" data-id=\"69e7bdc7007d3\" data-height=\"120\" data-height-mobile=\"20\" data-height-tab=\"40\" data-height-tab-portrait=\"40\" data-height-mobile-landscape=\"20\" style=\"clear:both;display:block;\"><\/div>[vc_row_inner][vc_column_inner width=\u00bb1\/2&#8243;]<div class=\"aio-icon-component    style_2\"><a class=\"aio-icon-box-link\" href=\"http:\/\/proamazonia.org\/manejo-forestal-sostenible\/\" target=\"_blank\"><div id=\"Info-box-wrap-4396\" class=\"aio-icon-box left-icon\" style=\"\"  ><div class=\"aio-icon-left\"><div class=\"ult-just-icon-wrapper  \"><div class=\"align-icon\" style=\"text-align:center;\">\n<div class=\"aio-icon-img \" style=\"font-size:120px;display:inline-block;\" data-animation=\"swing\" data-animation-delay=\"03\">\n\t<img decoding=\"async\" class=\"img-icon\" alt=\"null\" src=\"https:\/\/www.proamazonia.org\/ppr\/wp-content\/uploads\/2020\/03\/icono-manejo-forestal.png\"\/>\n<\/div><\/div><\/div><\/div><div class=\"aio-ibd-block\"><div class=\"aio-icon-header\" ><h3 class=\"aio-icon-title ult-responsive\"  data-ultimate-target='#Info-box-wrap-4396 .aio-icon-title'  data-responsive-json-new='{\"font-size\":\"desktop:26px;tablet:16px;tablet_portrait:16px;mobile_landscape:16px;mobile:16px;\",\"line-height\":\"\"}'  style=\"font-weight:bold;color:#013c5b;\">Manejo Forestal Sostenible<\/h3><\/div> <!-- header --><\/div> <!-- aio-ibd-block --><\/div> <!-- aio-icon-box --><\/a><\/div> <!-- aio-icon-component --><div class=\"aio-icon-component    style_2\"><a class=\"aio-icon-box-link\" href=\"http:\/\/proamazonia.org\/bioemprendimientos\/\" target=\"_blank\"><div id=\"Info-box-wrap-7123\" class=\"aio-icon-box left-icon\" style=\"\"  ><div class=\"aio-icon-left\"><div class=\"ult-just-icon-wrapper  \"><div class=\"align-icon\" style=\"text-align:center;\">\n<div class=\"aio-icon-img \" style=\"font-size:120px;display:inline-block;\" data-animation=\"swing\" data-animation-delay=\"03\">\n\t<img decoding=\"async\" class=\"img-icon\" alt=\"null\" src=\"https:\/\/www.proamazonia.org\/ppr\/wp-content\/uploads\/2020\/03\/icono-bioemprendimientos-ceramicas.png\"\/>\n<\/div><\/div><\/div><\/div><div class=\"aio-ibd-block\"><div class=\"aio-icon-header\" ><h3 class=\"aio-icon-title ult-responsive\"  data-ultimate-target='#Info-box-wrap-7123 .aio-icon-title'  data-responsive-json-new='{\"font-size\":\"desktop:26px;tablet:16px;tablet_portrait:16px;mobile_landscape:16px;mobile:16px;\",\"line-height\":\"\"}'  style=\"font-weight:bold;color:#013c5b;\">Bioemprendimientos<\/h3><\/div> <!-- header --><\/div> <!-- aio-ibd-block --><\/div> <!-- aio-icon-box --><\/a><\/div> <!-- aio-icon-component -->[\/vc_column_inner][vc_column_inner width=\u00bb1\/2&#8243;]<div class=\"aio-icon-component    style_2\"><a class=\"aio-icon-box-link\" href=\"http:\/\/proamazonia.org\/conservacion\/\" target=\"_blank\"><div id=\"Info-box-wrap-5179\" class=\"aio-icon-box left-icon\" style=\"\"  ><div class=\"aio-icon-left\"><div class=\"ult-just-icon-wrapper  \"><div class=\"align-icon\" style=\"text-align:center;\">\n<div class=\"aio-icon-img \" style=\"font-size:120px;display:inline-block;\" data-animation=\"swing\" data-animation-delay=\"03\">\n\t<img decoding=\"async\" class=\"img-icon\" alt=\"null\" src=\"https:\/\/www.proamazonia.org\/ppr\/wp-content\/uploads\/2020\/01\/iconos-manejo-forestal-sostenible.png\"\/>\n<\/div><\/div><\/div><\/div><div class=\"aio-ibd-block\"><div class=\"aio-icon-header\" ><h3 class=\"aio-icon-title ult-responsive\"  data-ultimate-target='#Info-box-wrap-5179 .aio-icon-title'  data-responsive-json-new='{\"font-size\":\"desktop:26px;tablet:16px;tablet_portrait:16px;mobile_landscape:16px;mobile:16px;\",\"line-height\":\"\"}'  style=\"font-weight:bold;color:#013c5b;\">Conservaci\u00f3n<\/h3><\/div> <!-- header --><\/div> <!-- aio-ibd-block --><\/div> <!-- aio-icon-box --><\/a><\/div> <!-- aio-icon-component --><div class=\"aio-icon-component    style_2\"><a class=\"aio-icon-box-link\" href=\"http:\/\/proamazonia.org\/restauracion\/\" target=\"_blank\"><div id=\"Info-box-wrap-2931\" class=\"aio-icon-box left-icon\" style=\"\"  ><div class=\"aio-icon-left\"><div class=\"ult-just-icon-wrapper  \"><div class=\"align-icon\" style=\"text-align:center;\">\n<div class=\"aio-icon-img \" style=\"font-size:120px;display:inline-block;\" data-animation=\"swing\" data-animation-delay=\"03\">\n\t<img decoding=\"async\" class=\"img-icon\" alt=\"null\" src=\"https:\/\/www.proamazonia.org\/ppr\/wp-content\/uploads\/2020\/01\/iconos-restauracion.png\"\/>\n<\/div><\/div><\/div><\/div><div class=\"aio-ibd-block\"><div class=\"aio-icon-header\" ><h3 class=\"aio-icon-title ult-responsive\"  data-ultimate-target='#Info-box-wrap-2931 .aio-icon-title'  data-responsive-json-new='{\"font-size\":\"desktop:26px;tablet:16px;tablet_portrait:16px;mobile_landscape:16px;mobile:16px;\",\"line-height\":\"\"}'  style=\"font-weight:bold;color:#013c5b;\">Restauraci\u00f3n<\/h3><\/div> <!-- header --><\/div> <!-- aio-ibd-block --><\/div> <!-- aio-icon-box --><\/a><\/div> <!-- aio-icon-component -->[\/vc_column_inner][\/vc_row_inner]<div class=\"ult-spacer spacer-69e7bdc7014bf\" data-id=\"69e7bdc7014bf\" data-height=\"120\" data-height-mobile=\"20\" data-height-tab=\"40\" data-height-tab-portrait=\"40\" data-height-mobile-landscape=\"20\" style=\"clear:both;display:block;\"><\/div>[\/vc_column][\/vc_row][vc_row type=\u00bbfull_width_section\u00bb bg_color=\u00bb#00aeef\u00bb][vc_column width=\u00bb1\/1&#8243;]<div class=\"ult-spacer spacer-69e7bdc7014da\" data-id=\"69e7bdc7014da\" data-height=\"60\" data-height-mobile=\"20\" data-height-tab=\"20\" data-height-tab-portrait=\"20\" data-height-mobile-landscape=\"20\" style=\"clear:both;display:block;\"><\/div><div id=\"ultimate-heading-204169e7bdc701557\" class=\"uvc-heading ult-adjust-bottom-margin ultimate-heading-204169e7bdc701557 uvc-9752 \" data-hspacer=\"no_spacer\"  data-halign=\"center\" style=\"text-align:center\"><div class=\"uvc-heading-spacer no_spacer\" style=\"top\"><\/div><div class=\"uvc-main-heading ult-responsive\"  data-ultimate-target='.uvc-heading.ultimate-heading-204169e7bdc701557 h2'  data-responsive-json-new='{\"font-size\":\"desktop:44px;tablet:24px;tablet_portrait:24px;mobile_landscape:24px;mobile:24px;\",\"line-height\":\"\"}' ><h2 style=\"font-weight:bold;color:#ffffff;\">METAS<\/h2><\/div><\/div><div class=\"ult-spacer spacer-69e7bdc701578\" data-id=\"69e7bdc701578\" data-height=\"60\" data-height-mobile=\"20\" data-height-tab=\"20\" data-height-tab-portrait=\"20\" data-height-mobile-landscape=\"20\" style=\"clear:both;display:block;\"><\/div>[\/vc_column][\/vc_row][vc_row bg_color=\u00bb#fff7ef\u00bb][vc_column width=\u00bb1\/1&#8243;]<div class=\"ult-spacer spacer-69e7bdc701590\" data-id=\"69e7bdc701590\" data-height=\"150\" data-height-mobile=\"20\" data-height-tab=\"20\" data-height-tab-portrait=\"20\" data-height-mobile-landscape=\"20\" style=\"clear:both;display:block;\"><\/div>[vc_row_inner][vc_column_inner width=\u00bb1\/2&#8243;]<div class=\"minti_list wpb_content_element color-accent checkbox\" style=\"\">\n<ul>\n<li style=\"color: #013c5b; font-size: 16px;\">4.573 beneficiarios de comunidades ind\u00edgenas de 17 proyectos de bioemprendimientos<\/li>\n<\/ul>\n<\/div>[\/vc_column_inner][vc_column_inner width=\u00bb1\/2&#8243;][\/vc_column_inner][\/vc_row_inner][vc_row_inner][vc_column_inner width=\u00bb1\/2&#8243;]<div class=\"minti_list wpb_content_element color-accent checkbox\" style=\"\">\n<ul>\n<li style=\"color: #013c5b; font-size: 16px;\">6 puestos fijos de control forestal repotenciados<\/li>\n<\/ul>\n<\/div>[\/vc_column_inner][vc_column_inner width=\u00bb1\/2&#8243;][\/vc_column_inner][\/vc_row_inner][vc_row_inner][vc_column_inner width=\u00bb1\/2&#8243;]<div class=\"minti_list wpb_content_element color-accent checkbox\" style=\"\">\n<ul>\n<li style=\"color: #013c5b; font-size: 16px;\">140.000 hect\u00e1reas bajo conservaci\u00f3n<\/li>\n<\/ul>\n<\/div>[\/vc_column_inner][vc_column_inner width=\u00bb1\/2&#8243;][\/vc_column_inner][\/vc_row_inner][vc_row_inner][vc_column_inner width=\u00bb1\/2&#8243;]<div class=\"minti_list wpb_content_element color-accent checkbox\" style=\"\">\n<ul>\n<li style=\"color: #013c5b; font-size: 16px;\">159.557 ha bajo conservaci\u00f3n con el Proyecto Socio Bosque<\/li>\n<\/ul>\n<\/div>[\/vc_column_inner][vc_column_inner width=\u00bb1\/2&#8243;][\/vc_column_inner][\/vc_row_inner][vc_row_inner][vc_column_inner width=\u00bb1\/2&#8243;]<div class=\"minti_list wpb_content_element color-accent checkbox\" style=\"\">\n<ul>\n<li style=\"color: #013c5b; font-size: 16px;\">11.023 ha en proceso de restauraci\u00f3n<\/li>\n<\/ul>\n<\/div>[\/vc_column_inner][vc_column_inner width=\u00bb1\/2&#8243;][\/vc_column_inner][\/vc_row_inner][vc_row_inner][vc_column_inner width=\u00bb1\/2&#8243;]<div class=\"minti_list wpb_content_element color-accent checkbox\" style=\"\">\n<ul>\n<li style=\"color: #013c5b; font-size: 16px;\">393.372 ha bajo protecci\u00f3n y acciones REDD+ con visi\u00f3n de cuenca hidrogr\u00e1fica<\/li>\n<\/ul>\n<\/div>[\/vc_column_inner][vc_column_inner width=\u00bb1\/2&#8243;][\/vc_column_inner][\/vc_row_inner]<div class=\"ult-spacer spacer-69e7bdc7015e2\" data-id=\"69e7bdc7015e2\" data-height=\"150\" data-height-mobile=\"20\" data-height-tab=\"20\" data-height-tab-portrait=\"20\" data-height-mobile-landscape=\"20\" style=\"clear:both;display:block;\"><\/div>[\/vc_column][\/vc_row][vc_row][vc_column width=\u00bb1\/1&#8243;]<div class=\"ult-spacer spacer-69e7bdc7015fc\" data-id=\"69e7bdc7015fc\" data-height=\"60\" data-height-mobile=\"20\" data-height-tab=\"20\" data-height-tab-portrait=\"20\" data-height-mobile-landscape=\"20\" style=\"clear:both;display:block;\"><\/div><div id=\"ultimate-heading-527269e7bdc70160c\" class=\"uvc-heading ult-adjust-bottom-margin ultimate-heading-527269e7bdc70160c uvc-5873 \" data-hspacer=\"no_spacer\"  data-halign=\"center\" style=\"text-align:center\"><div class=\"uvc-heading-spacer no_spacer\" style=\"top\"><\/div><div class=\"uvc-main-heading ult-responsive\"  data-ultimate-target='.uvc-heading.ultimate-heading-527269e7bdc70160c h2'  data-responsive-json-new='{\"font-size\":\"desktop:44px;tablet:24px;tablet_portrait:24px;mobile_landscape:24px;mobile:24px;\",\"line-height\":\"\"}' ><h2 style=\"font-weight:bold;color:#003b5a;\">NOTICIAS<\/h2><\/div><\/div><div class=\"ult-spacer spacer-69e7bdc701625\" data-id=\"69e7bdc701625\" data-height=\"60\" data-height-mobile=\"20\" data-height-tab=\"20\" data-height-tab-portrait=\"20\" data-height-mobile-landscape=\"20\" style=\"clear:both;display:block;\"><\/div>[vc_column_text][wpbm id=\u00bb1278&#8243;][\/vc_column_text]<div class=\"ult-spacer spacer-69e7bdc701639\" data-id=\"69e7bdc701639\" data-height=\"60\" data-height-mobile=\"20\" data-height-tab=\"20\" data-height-tab-portrait=\"20\" data-height-mobile-landscape=\"20\" style=\"clear:both;display:block;\"><\/div>[\/vc_column][\/vc_row]<\/p>\n<\/div>","protected":false},"excerpt":{"rendered":"<p>[vc_row type=\u00bbfull_width_section\u00bb bg_type=\u00bbimage\u00bb parallax_style=\u00bbvcpb-vz-jquery\u00bb bg_image_new=\u00bbid^166|url^http:\/\/proamazonia.org\/wp-content\/uploads\/2019\/09\/conservacion-bosques-principal.jpg|caption^null|alt^null|title^conservacion-bosques-principal|description^null\u00bb][vc_column width=\u00bb1\/1&#8243;][rev_slider_vc alias=\u00bbconservacion\u00bb][\/vc_column][\/vc_row][vc_row type=\u00bbfull_width_section\u00bb text_align=\u00bbcenter\u00bb][vc_column width=\u00bb1\/1&#8243;][\/vc_column][\/vc_row][vc_row][vc_column width=\u00bb1\/1&#8243;][\/vc_column][\/vc_row][vc_row bg_color=\u00bb#50924a\u00bb][vc_column width=\u00bb1\/1&#8243;][\/vc_column][\/vc_row][vc_row][vc_column width=\u00bb1\/1&#8243;][vc_row_inner][vc_column_inner width=\u00bb1\/2&#8243;][\/vc_column_inner][vc_column_inner width=\u00bb1\/2&#8243;][\/vc_column_inner][\/vc_row_inner][\/vc_column][\/vc_row][vc_row type=\u00bbfull_width_section\u00bb bg_color=\u00bb#00aeef\u00bb][vc_column width=\u00bb1\/1&#8243;][\/vc_column][\/vc_row][vc_row bg_color=\u00bb#fff7ef\u00bb][vc_column width=\u00bb1\/1&#8243;][vc_row_inner][vc_column_inner width=\u00bb1\/2&#8243;][\/vc_column_inner][vc_column_inner width=\u00bb1\/2&#8243;][\/vc_column_inner][\/vc_row_inner][vc_row_inner][vc_column_inner width=\u00bb1\/2&#8243;][\/vc_column_inner][vc_column_inner width=\u00bb1\/2&#8243;][\/vc_column_inner][\/vc_row_inner][vc_row_inner][vc_column_inner width=\u00bb1\/2&#8243;][\/vc_column_inner][vc_column_inner width=\u00bb1\/2&#8243;][\/vc_column_inner][\/vc_row_inner][vc_row_inner][vc_column_inner width=\u00bb1\/2&#8243;][\/vc_column_inner][vc_column_inner width=\u00bb1\/2&#8243;][\/vc_column_inner][\/vc_row_inner][vc_row_inner][vc_column_inner width=\u00bb1\/2&#8243;][\/vc_column_inner][vc_column_inner width=\u00bb1\/2&#8243;][\/vc_column_inner][\/vc_row_inner][vc_row_inner][vc_column_inner width=\u00bb1\/2&#8243;][\/vc_column_inner][vc_column_inner width=\u00bb1\/2&#8243;][\/vc_column_inner][\/vc_row_inner][\/vc_column][\/vc_row][vc_row][vc_column width=\u00bb1\/1&#8243;][vc_column_text][wpbm id=\u00bb1278&#8243;][\/vc_column_text][\/vc_column][\/vc_row]<\/p>\n","protected":false},"author":2,"featured_media":0,"parent":0,"menu_order":0,"comment_status":"closed","ping_status":"closed","template":"","meta":{"_uf_show_specific_survey":0,"_uf_disable_surveys":false,"footnotes":""},"class_list":["post-33","page","type-page","status-publish","hentry"],"aioseo_notices":[],"_links":{"self":[{"href":"https:\/\/www.proamazonia.org\/ppr\/wp-json\/wp\/v2\/pages\/33","targetHints":{"allow":["GET"]}}],"collection":[{"href":"https:\/\/www.proamazonia.org\/ppr\/wp-json\/wp\/v2\/pages"}],"about":[{"href":"https:\/\/www.proamazonia.org\/ppr\/wp-json\/wp\/v2\/types\/page"}],"author":[{"embeddable":true,"href":"https:\/\/www.proamazonia.org\/ppr\/wp-json\/wp\/v2\/users\/2"}],"replies":[{"embeddable":true,"href":"https:\/\/www.proamazonia.org\/ppr\/wp-json\/wp\/v2\/comments?post=33"}],"version-history":[{"count":56,"href":"https:\/\/www.proamazonia.org\/ppr\/wp-json\/wp\/v2\/pages\/33\/revisions"}],"predecessor-version":[{"id":4420,"href":"https:\/\/www.proamazonia.org\/ppr\/wp-json\/wp\/v2\/pages\/33\/revisions\/4420"}],"wp:attachment":[{"href":"https:\/\/www.proamazonia.org\/ppr\/wp-json\/wp\/v2\/media?parent=33"}],"curies":[{"name":"wp","href":"https:\/\/api.w.org\/{rel}","templated":true}]}}