{"id":4292,"date":"2021-01-19T17:16:22","date_gmt":"2021-01-19T22:16:22","guid":{"rendered":"https:\/\/www.proamazonia.org\/?page_id=4292"},"modified":"2025-08-12T17:31:39","modified_gmt":"2025-08-12T22:31:39","slug":"documentos","status":"publish","type":"page","link":"https:\/\/www.proamazonia.org\/ppr\/inicio\/biblioteca\/documentos\/","title":{"rendered":"DOCUMENTOS"},"content":{"rendered":"<div class=\"wpb-content-wrapper\"><p>[vc_row][vc_column width=\u00bb1\/1&#8243;]<div class=\" ubtn-ctn-center \"><button type=\"button\" id=\"ubtn-5367\" class=\"ubtn ult-adjust-bottom-margin ult-responsive ubtn-normal ubtn-no-hover-bg  none  ubtn-center   tooltip-69e7be1b80272\"  data-hover=\"#ffffff\" data-border-color=\"\" data-bg=\"#1c75bb\" data-hover-bg=\"#1a51af\" data-border-hover=\"\" data-shadow-hover=\"\" data-shadow-click=\"none\" data-shadow=\"\" data-shd-shadow=\"\"  data-ultimate-target='#ubtn-5367'  data-responsive-json-new='{\"font-size\":\"desktop:18px;tablet:12px;tablet_portrait:12px;mobile_landscape:12px;mobile:12px;\",\"line-height\":\"\"}'  style=\"font-weight:normal;border:none;background: #1c75bb;color: #ffffff;\"><span class=\"ubtn-hover\" style=\"background-color:#1a51af\"><\/span><span class=\"ubtn-data ubtn-text \" >DOCUMENTOS<\/span><\/button><\/div><div class=\"ult-spacer spacer-69e7be1b802dc\" data-id=\"69e7be1b802dc\" data-height=\"30\" data-height-mobile=\"20\" data-height-tab=\"20\" data-height-tab-portrait=\"20\" data-height-mobile-landscape=\"20\" style=\"clear:both;display:block;\"><\/div>[\/vc_column][\/vc_row][vc_row bottom_padding=\u00bb50&#8243; bg_type=\u00bbimage\u00bb parallax_style=\u00bbvcpb-default\u00bb][vc_column width=\u00bb1\/4&#8243;]<div class=\"single_image wpb_content_element align-center  animate image_box_shadow image_zoom\" data-animation=\"fade-in-from-bottom\" data-delay=\"0\"><a href=\"https:\/\/www.proamazonia.org\/wp-content\/uploads\/2021\/04\/Prodoc-GCF-firmado_SPA.pdf\" target=\"_blank\"><img loading=\"lazy\" decoding=\"async\" width=\"700\" height=\"900\" src=\"https:\/\/www.proamazonia.org\/ppr\/wp-content\/uploads\/2021\/04\/GCF.Publicaciones.GFC_.PROAMAzonia.Ecuador.jpg\" class=\"attachment-full\" alt=\"\" title=\"GCF.Publicaciones.GFC.PROAMAzonia.Ecuador\" srcset=\"https:\/\/www.proamazonia.org\/ppr\/wp-content\/uploads\/2021\/04\/GCF.Publicaciones.GFC_.PROAMAzonia.Ecuador.jpg 700w, https:\/\/www.proamazonia.org\/ppr\/wp-content\/uploads\/2021\/04\/GCF.Publicaciones.GFC_.PROAMAzonia.Ecuador-233x300.jpg 233w\" sizes=\"auto, (max-width: 700px) 100vw, 700px\" \/><\/a><\/div>[vc_column_text]<\/p>\n<p style=\"text-align: center;\">Prodoc-GCF-SPA<\/p>\n<p>[\/vc_column_text][\/vc_column][vc_column width=\u00bb1\/4&#8243;]<div class=\"single_image wpb_content_element align-center  animate image_box_shadow image_zoom\" data-animation=\"fade-in-from-bottom\" data-delay=\"0\"><a href=\"https:\/\/www.proamazonia.org\/wp-content\/uploads\/2021\/04\/Prodoc-GEF-firmado_SPA.pdf\" target=\"_blank\"><img loading=\"lazy\" decoding=\"async\" width=\"700\" height=\"900\" src=\"https:\/\/www.proamazonia.org\/ppr\/wp-content\/uploads\/2021\/04\/GEF.Publicaciones.GEF_.PROAMAzonia.Ecuador.jpg\" class=\"attachment-full\" alt=\"\" title=\"GEF.Publicaciones.GEF.PROAMAzonia.Ecuador\" srcset=\"https:\/\/www.proamazonia.org\/ppr\/wp-content\/uploads\/2021\/04\/GEF.Publicaciones.GEF_.PROAMAzonia.Ecuador.jpg 700w, https:\/\/www.proamazonia.org\/ppr\/wp-content\/uploads\/2021\/04\/GEF.Publicaciones.GEF_.PROAMAzonia.Ecuador-233x300.jpg 233w\" sizes=\"auto, (max-width: 700px) 100vw, 700px\" \/><\/a><\/div>[vc_column_text]<\/p>\n<p style=\"text-align: center;\">Prodoc-GEF-SPA<\/p>\n<p>[\/vc_column_text][\/vc_column][vc_column width=\u00bb1\/4&#8243;]<div class=\"single_image wpb_content_element align-center  animate image_box_shadow image_zoom\" data-animation=\"fade-in-from-bottom\" data-delay=\"0\"><a href=\"https:\/\/www.proamazonia.org\/wp-content\/uploads\/2021\/02\/Formato-Hoja-de-Vida-PNUD.docx\" target=\"_blank\"><img loading=\"lazy\" decoding=\"async\" width=\"700\" height=\"900\" src=\"https:\/\/www.proamazonia.org\/ppr\/wp-content\/uploads\/2021\/02\/Hoja.de_.vida_.PNUD_.PRoamazonia.jpg\" class=\"attachment-full\" alt=\"\" title=\"Hoja.de.vida.PNUD.PRoamazonia\" srcset=\"https:\/\/www.proamazonia.org\/ppr\/wp-content\/uploads\/2021\/02\/Hoja.de_.vida_.PNUD_.PRoamazonia.jpg 700w, https:\/\/www.proamazonia.org\/ppr\/wp-content\/uploads\/2021\/02\/Hoja.de_.vida_.PNUD_.PRoamazonia-233x300.jpg 233w\" sizes=\"auto, (max-width: 700px) 100vw, 700px\" \/><\/a><\/div>[vc_column_text]<\/p>\n<div class=\"page\" title=\"Page 3\">\n<div class=\"layoutArea\">\n<div class=\"column\">\n<p style=\"text-align: center;\">Formato-Hoja-de-Vida-PNUD<\/p>\n<\/div>\n<\/div>\n<\/div>\n<p>[\/vc_column_text][\/vc_column][vc_column width=\u00bb1\/4&#8243;]<div class=\"single_image wpb_content_element align-center  animate image_box_shadow image_zoom\" data-animation=\"fade-in-from-bottom\" data-delay=\"0\"><a href=\"https:\/\/www.proamazonia.org\/wp-content\/uploads\/2021\/02\/TDR-ASISTENTE-FINANCIEROA-CONTABLE.pdf\" target=\"_blank\"><img loading=\"lazy\" decoding=\"async\" width=\"700\" height=\"900\" src=\"https:\/\/www.proamazonia.org\/ppr\/wp-content\/uploads\/2021\/02\/terminos.referencia.amazonia.programa.2021.jpg\" class=\"attachment-full\" alt=\"\" title=\"terminos.referencia.amazonia.programa.2021\" srcset=\"https:\/\/www.proamazonia.org\/ppr\/wp-content\/uploads\/2021\/02\/terminos.referencia.amazonia.programa.2021.jpg 700w, https:\/\/www.proamazonia.org\/ppr\/wp-content\/uploads\/2021\/02\/terminos.referencia.amazonia.programa.2021-233x300.jpg 233w\" sizes=\"auto, (max-width: 700px) 100vw, 700px\" \/><\/a><\/div>[vc_column_text]<\/p>\n<div class=\"page\" title=\"Page 3\">\n<div class=\"layoutArea\">\n<div class=\"column\">\n<p style=\"text-align: center;\">TDR-ASISTENTE-FINANCIEROA-CONTABLE<\/p>\n<\/div>\n<\/div>\n<\/div>\n<p>[\/vc_column_text][\/vc_column][\/vc_row][vc_row bottom_padding=\u00bb50&#8243; bg_type=\u00bbimage\u00bb parallax_style=\u00bbvcpb-default\u00bb][vc_column width=\u00bb1\/4&#8243;]<div class=\"single_image wpb_content_element align-center  animate image_box_shadow image_zoom\" data-animation=\"fade-in-from-bottom\" data-delay=\"0\"><a href=\"https:\/\/www.proamazonia.org\/wp-content\/uploads\/2020\/07\/Anexo-2.-Gu\u00eda-de-calificaci\u00f3n-de-las-propuestas.pdf\" target=\"_blank\"><img loading=\"lazy\" decoding=\"async\" width=\"2049\" height=\"2651\" src=\"https:\/\/www.proamazonia.org\/ppr\/wp-content\/uploads\/2020\/07\/Anexo-2.-Gu\u00eda-de-calificaci\u00f3n-de-las-propuestas_P\u00e1gina_1.jpg\" class=\"attachment-full\" alt=\"\" title=\"Anexo 2. Gu\u00eda de calificaci\u00f3n de las propuestas_P\u00e1gina_1\" srcset=\"https:\/\/www.proamazonia.org\/ppr\/wp-content\/uploads\/2020\/07\/Anexo-2.-Gu\u00eda-de-calificaci\u00f3n-de-las-propuestas_P\u00e1gina_1.jpg 2049w, https:\/\/www.proamazonia.org\/ppr\/wp-content\/uploads\/2020\/07\/Anexo-2.-Gu\u00eda-de-calificaci\u00f3n-de-las-propuestas_P\u00e1gina_1-232x300.jpg 232w, https:\/\/www.proamazonia.org\/ppr\/wp-content\/uploads\/2020\/07\/Anexo-2.-Gu\u00eda-de-calificaci\u00f3n-de-las-propuestas_P\u00e1gina_1-768x994.jpg 768w, https:\/\/www.proamazonia.org\/ppr\/wp-content\/uploads\/2020\/07\/Anexo-2.-Gu\u00eda-de-calificaci\u00f3n-de-las-propuestas_P\u00e1gina_1-791x1024.jpg 791w\" sizes=\"auto, (max-width: 2049px) 100vw, 2049px\" \/><\/a><\/div>[vc_column_text]<\/p>\n<p style=\"text-align: center;\">Anexo-2.-Gu\u00eda-de-calificaci\u00f3n-de-las-propuestas<\/p>\n<p>[\/vc_column_text][\/vc_column][vc_column width=\u00bb1\/4&#8243;]<div class=\"single_image wpb_content_element align-center  animate image_box_shadow image_zoom\" data-animation=\"fade-in-from-bottom\" data-delay=\"0\"><a href=\"https:\/\/www.proamazonia.org\/wp-content\/uploads\/2020\/07\/Anexo-1.-Resumen-del-Proyecto.pdf\" target=\"_blank\"><img loading=\"lazy\" decoding=\"async\" width=\"2049\" height=\"2651\" src=\"https:\/\/www.proamazonia.org\/ppr\/wp-content\/uploads\/2020\/07\/Anexo-1.-Resumen-del-Proyecto_P\u00e1gina_1.jpg\" class=\"attachment-full\" alt=\"\" title=\"Anexo 1. Resumen del Proyecto_P\u00e1gina_1\" srcset=\"https:\/\/www.proamazonia.org\/ppr\/wp-content\/uploads\/2020\/07\/Anexo-1.-Resumen-del-Proyecto_P\u00e1gina_1.jpg 2049w, https:\/\/www.proamazonia.org\/ppr\/wp-content\/uploads\/2020\/07\/Anexo-1.-Resumen-del-Proyecto_P\u00e1gina_1-232x300.jpg 232w, https:\/\/www.proamazonia.org\/ppr\/wp-content\/uploads\/2020\/07\/Anexo-1.-Resumen-del-Proyecto_P\u00e1gina_1-768x994.jpg 768w, https:\/\/www.proamazonia.org\/ppr\/wp-content\/uploads\/2020\/07\/Anexo-1.-Resumen-del-Proyecto_P\u00e1gina_1-791x1024.jpg 791w\" sizes=\"auto, (max-width: 2049px) 100vw, 2049px\" \/><\/a><\/div>[vc_column_text]<\/p>\n<p style=\"text-align: center;\">Anexo-1.-Resumen-del-Proyecto<\/p>\n<p>[\/vc_column_text][\/vc_column][vc_column width=\u00bb1\/4&#8243;]<div class=\"single_image wpb_content_element align-center  animate image_box_shadow image_zoom\" data-animation=\"fade-in-from-bottom\" data-delay=\"0\"><a href=\"https:\/\/www.proamazonia.org\/wp-content\/uploads\/2020\/07\/2da-Convocatoria-de-propuestas-de-bioemprendimientos-PROAmazon\u00eda.pdf\" target=\"_blank\"><img loading=\"lazy\" decoding=\"async\" width=\"2049\" height=\"2651\" src=\"https:\/\/www.proamazonia.org\/ppr\/wp-content\/uploads\/2020\/07\/2da-Convocatoria-de-propuestas-de-bioemprendimientos-PROAmazon\u00eda_P\u00e1gina_1.jpg\" class=\"attachment-full\" alt=\"\" title=\"2da Convocatoria de propuestas de bioemprendimientos - PROAmazon\u00eda_P\u00e1gina_1\" srcset=\"https:\/\/www.proamazonia.org\/ppr\/wp-content\/uploads\/2020\/07\/2da-Convocatoria-de-propuestas-de-bioemprendimientos-PROAmazon\u00eda_P\u00e1gina_1.jpg 2049w, https:\/\/www.proamazonia.org\/ppr\/wp-content\/uploads\/2020\/07\/2da-Convocatoria-de-propuestas-de-bioemprendimientos-PROAmazon\u00eda_P\u00e1gina_1-232x300.jpg 232w, https:\/\/www.proamazonia.org\/ppr\/wp-content\/uploads\/2020\/07\/2da-Convocatoria-de-propuestas-de-bioemprendimientos-PROAmazon\u00eda_P\u00e1gina_1-768x994.jpg 768w, https:\/\/www.proamazonia.org\/ppr\/wp-content\/uploads\/2020\/07\/2da-Convocatoria-de-propuestas-de-bioemprendimientos-PROAmazon\u00eda_P\u00e1gina_1-791x1024.jpg 791w\" sizes=\"auto, (max-width: 2049px) 100vw, 2049px\" \/><\/a><\/div>[vc_column_text]<\/p>\n<div class=\"page\" title=\"Page 3\">\n<div class=\"layoutArea\">\n<div class=\"column\">\n<p style=\"text-align: center;\">2da-Convocatoria-de-propuestas-de-bioemprendimientos-PROAmazon\u00eda<\/p>\n<\/div>\n<\/div>\n<\/div>\n<p>[\/vc_column_text][\/vc_column][vc_column width=\u00bb1\/4&#8243;]<div class=\"single_image wpb_content_element align-center  animate image_box_shadow image_zoom\" data-animation=\"fade-in-from-bottom\" data-delay=\"0\"><a href=\"http:\/\/proamazonia.org\/wp-content\/uploads\/2019\/10\/Prodoc-Manejo-de-Paisajes-GEF-MAG-INGLES-min.pdf\" target=\"_blank\"><img loading=\"lazy\" decoding=\"async\" width=\"700\" height=\"900\" src=\"https:\/\/www.proamazonia.org\/ppr\/wp-content\/uploads\/2019\/10\/Gef.jpg\" class=\"attachment-full\" alt=\"\" title=\"Gef\" srcset=\"https:\/\/www.proamazonia.org\/ppr\/wp-content\/uploads\/2019\/10\/Gef.jpg 700w, https:\/\/www.proamazonia.org\/ppr\/wp-content\/uploads\/2019\/10\/Gef-233x300.jpg 233w\" sizes=\"auto, (max-width: 700px) 100vw, 700px\" \/><\/a><\/div>[vc_column_text]<\/p>\n<div class=\"page\" title=\"Page 3\">\n<div class=\"layoutArea\">\n<div class=\"column\">\n<p style=\"text-align: center;\">Prodoc-Manejo-de-Paisajes-GEF-MAG-INGLES-min<\/p>\n<\/div>\n<\/div>\n<\/div>\n<p>[\/vc_column_text][\/vc_column][\/vc_row][vc_row bottom_padding=\u00bb50&#8243; bg_type=\u00bbimage\u00bb parallax_style=\u00bbvcpb-default\u00bb][vc_column width=\u00bb1\/4&#8243;]<div class=\"single_image wpb_content_element align-center  animate image_box_shadow image_zoom\" data-animation=\"fade-in-from-bottom\" data-delay=\"0\"><a href=\"https:\/\/www.proamazonia.org\/wp-content\/uploads\/2020\/05\/Bases-del-Concurso-final-ok-junio.docx\" target=\"_blank\"><img loading=\"lazy\" decoding=\"async\" width=\"2295\" height=\"2970\" src=\"https:\/\/www.proamazonia.org\/ppr\/wp-content\/uploads\/2020\/05\/Bases-del-Concurso-final-ok-junio_P\u00e1gina_1.jpg\" class=\"attachment-full\" alt=\"\" title=\"Bases del Concurso - final ok junio_P\u00e1gina_1\" srcset=\"https:\/\/www.proamazonia.org\/ppr\/wp-content\/uploads\/2020\/05\/Bases-del-Concurso-final-ok-junio_P\u00e1gina_1.jpg 2295w, https:\/\/www.proamazonia.org\/ppr\/wp-content\/uploads\/2020\/05\/Bases-del-Concurso-final-ok-junio_P\u00e1gina_1-232x300.jpg 232w, https:\/\/www.proamazonia.org\/ppr\/wp-content\/uploads\/2020\/05\/Bases-del-Concurso-final-ok-junio_P\u00e1gina_1-768x994.jpg 768w, https:\/\/www.proamazonia.org\/ppr\/wp-content\/uploads\/2020\/05\/Bases-del-Concurso-final-ok-junio_P\u00e1gina_1-791x1024.jpg 791w\" sizes=\"auto, (max-width: 2295px) 100vw, 2295px\" \/><\/a><\/div>[vc_column_text]<\/p>\n<p style=\"text-align: center;\">Bases-del-Concurso-final<\/p>\n<p>[\/vc_column_text][\/vc_column][vc_column width=\u00bb1\/4&#8243;]<div class=\"single_image wpb_content_element align-center  animate image_box_shadow image_zoom\" data-animation=\"fade-in-from-bottom\" data-delay=\"0\"><a href=\"https:\/\/www.proamazonia.org\/wp-content\/uploads\/2020\/05\/Formularios-concurso.docx\" target=\"_blank\"><img loading=\"lazy\" decoding=\"async\" width=\"2233\" height=\"3158\" src=\"https:\/\/www.proamazonia.org\/ppr\/wp-content\/uploads\/2020\/05\/Formularios-concurso_P\u00e1gina_1.jpg\" class=\"attachment-full\" alt=\"\" title=\"Formularios concurso_P\u00e1gina_1\" srcset=\"https:\/\/www.proamazonia.org\/ppr\/wp-content\/uploads\/2020\/05\/Formularios-concurso_P\u00e1gina_1.jpg 2233w, https:\/\/www.proamazonia.org\/ppr\/wp-content\/uploads\/2020\/05\/Formularios-concurso_P\u00e1gina_1-212x300.jpg 212w, https:\/\/www.proamazonia.org\/ppr\/wp-content\/uploads\/2020\/05\/Formularios-concurso_P\u00e1gina_1-768x1086.jpg 768w, https:\/\/www.proamazonia.org\/ppr\/wp-content\/uploads\/2020\/05\/Formularios-concurso_P\u00e1gina_1-724x1024.jpg 724w\" sizes=\"auto, (max-width: 2233px) 100vw, 2233px\" \/><\/a><\/div>[vc_column_text]<\/p>\n<p style=\"text-align: center;\">Formularios-concurso<\/p>\n<p>[\/vc_column_text][\/vc_column][vc_column width=\u00bb1\/4&#8243;]<div class=\"single_image wpb_content_element align-center  animate image_box_shadow image_zoom\" data-animation=\"fade-in-from-bottom\" data-delay=\"0\"><a href=\"https:\/\/www.proamazonia.org\/ppr\/wp-content\/uploads\/2025\/08\/PIMS_6108_ProDoc_PNUD_MAAE_Final.pdf\" target=\"_blank\"><img loading=\"lazy\" decoding=\"async\" width=\"1414\" height=\"1942\" src=\"https:\/\/www.proamazonia.org\/ppr\/wp-content\/uploads\/2025\/08\/PRodoc-PPR.png\" class=\"attachment-full\" alt=\"\" title=\"PRodoc PPR\" srcset=\"https:\/\/www.proamazonia.org\/ppr\/wp-content\/uploads\/2025\/08\/PRodoc-PPR.png 1414w, https:\/\/www.proamazonia.org\/ppr\/wp-content\/uploads\/2025\/08\/PRodoc-PPR-218x300.png 218w, https:\/\/www.proamazonia.org\/ppr\/wp-content\/uploads\/2025\/08\/PRodoc-PPR-746x1024.png 746w, https:\/\/www.proamazonia.org\/ppr\/wp-content\/uploads\/2025\/08\/PRodoc-PPR-768x1055.png 768w, https:\/\/www.proamazonia.org\/ppr\/wp-content\/uploads\/2025\/08\/PRodoc-PPR-1118x1536.png 1118w\" sizes=\"auto, (max-width: 1414px) 100vw, 1414px\" \/><\/a><\/div>[vc_column_text]<\/p>\n<div class=\"page\" title=\"Page 3\">\n<div class=\"layoutArea\">\n<div class=\"column\">\n<p style=\"text-align: center;\">ProDoc_PNUD_MAAE<\/p>\n<\/div>\n<\/div>\n<\/div>\n<p>[\/vc_column_text][\/vc_column][vc_column width=\u00bb1\/4&#8243;][\/vc_column][\/vc_row][vc_row type=\u00bbfull_width_section\u00bb text_align=\u00bbcenter\u00bb][vc_column bg_image=\u00bb61&#8243; column_center=\u00bbtrue\u00bb width=\u00bb1\/1&#8243;]<div class=\"ult-spacer spacer-69e7be1b85991\" data-id=\"69e7be1b85991\" data-height=\"59\" data-height-mobile=\"30\" data-height-tab=\"30\" data-height-tab-portrait=\"30\" data-height-mobile-landscape=\"30\" style=\"clear:both;display:block;\"><\/div>[\/vc_column][\/vc_row][vc_row][vc_column width=\u00bb1\/1&#8243;]<div class=\"ult-spacer spacer-69e7be1b859a4\" data-id=\"69e7be1b859a4\" data-height=\"30\" data-height-mobile=\"10\" data-height-tab=\"10\" data-height-tab-portrait=\"10\" data-height-mobile-landscape=\"10\" style=\"clear:both;display:block;\"><\/div>[\/vc_column][\/vc_row][vc_row][vc_column]<div class=\" ubtn-ctn-center \"><button type=\"button\" id=\"ubtn-7121\" class=\"ubtn ult-adjust-bottom-margin ult-responsive ubtn-normal ubtn-no-hover-bg  none  ubtn-center   tooltip-69e7be1b859c5\"  data-hover=\"\" data-border-color=\"\" data-bg=\"#1c1491\" data-hover-bg=\"#061282\" data-border-hover=\"\" data-shadow-hover=\"\" data-shadow-click=\"none\" data-shadow=\"\" data-shd-shadow=\"\"  data-ultimate-target='#ubtn-7121'  data-responsive-json-new='{\"font-size\":\"desktop:18px;tablet:12px;tablet_portrait:12px;mobile_landscape:12px;mobile:12px;\",\"line-height\":\"\"}'  style=\"font-weight:normal;border:none;background: #1c1491;color: #ffffff;\"><span class=\"ubtn-data ubtn-icon\"><i class=\"none\" style=\"font-size:32px;color:;\"><\/i><\/span><span class=\"ubtn-hover\" style=\"background-color:#061282\"><\/span><span class=\"ubtn-data ubtn-text \" >Radio Revista - Amazon\u00eda Produce<\/span><\/button><\/div><div class=\"ult-spacer spacer-69e7be1b859f3\" data-id=\"69e7be1b859f3\" data-height=\"10\" data-height-mobile=\"\" data-height-tab=\"10\" data-height-tab-portrait=\"10\" data-height-mobile-landscape=\"10\" style=\"clear:both;display:block;\"><\/div><div id=\"ult-carousel-14432340069e7be1b85b29\" class=\"ult-carousel-wrapper   ult_horizontal\" data-gutter=\"15\" data-rtl=\"false\" ><div class=\"ult-carousel-29284539169e7be1b85a0a \" ><div class=\"ult-item-wrap\" data-animation=\"animated no-animation\"><div class=\"video-embed  wpb_content_element\"><iframe loading=\"lazy\" title=\"Radio Revista - Amazon\u00eda Produce - \u00bfQu\u00e9 son las BPA?\" width=\"1161\" height=\"653\" src=\"https:\/\/www.youtube.com\/embed\/f3hNfPX2rmM?feature=oembed\" frameborder=\"0\" allow=\"accelerometer; autoplay; clipboard-write; encrypted-media; gyroscope; picture-in-picture; web-share\" referrerpolicy=\"strict-origin-when-cross-origin\" allowfullscreen><\/iframe><\/div><\/div><div class=\"ult-item-wrap\" data-animation=\"animated no-animation\"><div class=\"video-embed  wpb_content_element\"><iframe loading=\"lazy\" title=\"Amazon\u00eda Produce - El Rol de la Mujer en la producci\u00f3n sostenible y libre de deforestaci\u00f3n\" width=\"1161\" height=\"653\" src=\"https:\/\/www.youtube.com\/embed\/JOOoM3UM1OY?feature=oembed\" frameborder=\"0\" allow=\"accelerometer; autoplay; clipboard-write; encrypted-media; gyroscope; picture-in-picture; web-share\" referrerpolicy=\"strict-origin-when-cross-origin\" allowfullscreen><\/iframe><\/div><\/div><\/div><\/div>            <script type=\"text\/javascript\">\n\t\t\t\tjQuery(document).ready(function($){\n               \t\t$('.ult-carousel-29284539169e7be1b85a0a').slick({dots: true,autoplay: true,autoplaySpeed: 5000,speed: 300,infinite: true,arrows: true,nextArrow: '<button type=\"button\" style=\"color:#333333; font-size:20px;\" class=\"slick-next default\"><i class=\"ultsl-arrow-right4\"><\/i><\/button>',prevArrow: '<button type=\"button\" style=\"color:#333333; font-size:20px;\" class=\"slick-prev default\"><i class=\"ultsl-arrow-left4\"><\/i><\/button>',slidesToScroll:1,slidesToShow:2,swipe: true,draggable: true,touchMove: true,responsive: [\n\t\t\t\t\t\t\t{\n\t\t\t\t\t\t\t  breakpoint: 1025,\n\t\t\t\t\t\t\t  settings: {\n\t\t\t\t\t\t\t\tslidesToShow: 2,\n\t\t\t\t\t\t\t\tslidesToScroll: 1,  \n\t\t\t\t\t\t\t  }\n\t\t\t\t\t\t\t},\n\t\t\t\t\t\t\t{\n\t\t\t\t\t\t\t  breakpoint: 769,\n\t\t\t\t\t\t\t  settings: {\n\t\t\t\t\t\t\t\tslidesToShow: 2,\n\t\t\t\t\t\t\t\tslidesToScroll: 2\n\t\t\t\t\t\t\t  }\n\t\t\t\t\t\t\t},\n\t\t\t\t\t\t\t{\n\t\t\t\t\t\t\t  breakpoint: 481,\n\t\t\t\t\t\t\t  settings: {\n\t\t\t\t\t\t\t\tslidesToShow: 1,\n\t\t\t\t\t\t\t\tslidesToScroll: 1\n\t\t\t\t\t\t\t  }\n\t\t\t\t\t\t\t}\n\t\t\t\t\t\t],pauseOnHover: true,\n\t\t\t\t\t\tpauseOnDotsHover: true,customPaging: function(slider, i) {\n                   return '<i type=\"button\" style=\"color:#333333;\" class=\"ultsl-record\" data-role=\"none\"><\/i>';\n                },});\n\t\t\t\t});\n\t\t\t<\/script>\n            [\/vc_column][\/vc_row][vc_row][\/vc_row][vc_column width=\u00bb1\/1&#8243;][\/vc_column]<div class=\"ult-spacer spacer-69e7be1baa96b\" data-id=\"69e7be1baa96b\" data-height=\"80\" data-height-mobile=\"\" data-height-tab=\"20\" data-height-tab-portrait=\"20\" data-height-mobile-landscape=\"20\" style=\"clear:both;display:block;\"><\/div><\/p>\n<\/div>","protected":false},"excerpt":{"rendered":"<p>[vc_row][vc_column width=\u00bb1\/1&#8243;][\/vc_column][\/vc_row][vc_row bottom_padding=\u00bb50&#8243; bg_type=\u00bbimage\u00bb parallax_style=\u00bbvcpb-default\u00bb][vc_column width=\u00bb1\/4&#8243;][vc_column_text] Prodoc-GCF-SPA [\/vc_column_text][\/vc_column][vc_column width=\u00bb1\/4&#8243;][vc_column_text] Prodoc-GEF-SPA [\/vc_column_text][\/vc_column][vc_column width=\u00bb1\/4&#8243;][vc_column_text] Formato-Hoja-de-Vida-PNUD [\/vc_column_text][\/vc_column][vc_column width=\u00bb1\/4&#8243;][vc_column_text] TDR-ASISTENTE-FINANCIEROA-CONTABLE [\/vc_column_text][\/vc_column][\/vc_row][vc_row bottom_padding=\u00bb50&#8243; bg_type=\u00bbimage\u00bb parallax_style=\u00bbvcpb-default\u00bb][vc_column width=\u00bb1\/4&#8243;][vc_column_text] Anexo-2.-Gu\u00eda-de-calificaci\u00f3n-de-las-propuestas [\/vc_column_text][\/vc_column][vc_column width=\u00bb1\/4&#8243;][vc_column_text] Anexo-1.-Resumen-del-Proyecto [\/vc_column_text][\/vc_column][vc_column width=\u00bb1\/4&#8243;][vc_column_text] 2da-Convocatoria-de-propuestas-de-bioemprendimientos-PROAmazon\u00eda [\/vc_column_text][\/vc_column][vc_column width=\u00bb1\/4&#8243;][vc_column_text] Prodoc-Manejo-de-Paisajes-GEF-MAG-INGLES-min [\/vc_column_text][\/vc_column][\/vc_row][vc_row bottom_padding=\u00bb50&#8243; bg_type=\u00bbimage\u00bb parallax_style=\u00bbvcpb-default\u00bb][vc_column width=\u00bb1\/4&#8243;][vc_column_text] Bases-del-Concurso-final [\/vc_column_text][\/vc_column][vc_column width=\u00bb1\/4&#8243;][vc_column_text] Formularios-concurso [\/vc_column_text][\/vc_column][vc_column width=\u00bb1\/4&#8243;][vc_column_text] ProDoc_PNUD_MAAE [\/vc_column_text][\/vc_column][vc_column width=\u00bb1\/4&#8243;][\/vc_column][\/vc_row][vc_row type=\u00bbfull_width_section\u00bb text_align=\u00bbcenter\u00bb][vc_column bg_image=\u00bb61&#8243; column_center=\u00bbtrue\u00bb width=\u00bb1\/1&#8243;][\/vc_column][\/vc_row][vc_row][vc_column width=\u00bb1\/1&#8243;][\/vc_column][\/vc_row][vc_row][vc_column][\/vc_column][\/vc_row][vc_row][\/vc_row][vc_column width=\u00bb1\/1&#8243;][\/vc_column]<\/p>\n","protected":false},"author":2,"featured_media":0,"parent":39,"menu_order":0,"comment_status":"closed","ping_status":"closed","template":"","meta":{"_uf_show_specific_survey":0,"_uf_disable_surveys":false,"footnotes":""},"class_list":["post-4292","page","type-page","status-publish","hentry"],"aioseo_notices":[],"_links":{"self":[{"href":"https:\/\/www.proamazonia.org\/ppr\/wp-json\/wp\/v2\/pages\/4292","targetHints":{"allow":["GET"]}}],"collection":[{"href":"https:\/\/www.proamazonia.org\/ppr\/wp-json\/wp\/v2\/pages"}],"about":[{"href":"https:\/\/www.proamazonia.org\/ppr\/wp-json\/wp\/v2\/types\/page"}],"author":[{"embeddable":true,"href":"https:\/\/www.proamazonia.org\/ppr\/wp-json\/wp\/v2\/users\/2"}],"replies":[{"embeddable":true,"href":"https:\/\/www.proamazonia.org\/ppr\/wp-json\/wp\/v2\/comments?post=4292"}],"version-history":[{"count":15,"href":"https:\/\/www.proamazonia.org\/ppr\/wp-json\/wp\/v2\/pages\/4292\/revisions"}],"predecessor-version":[{"id":10760,"href":"https:\/\/www.proamazonia.org\/ppr\/wp-json\/wp\/v2\/pages\/4292\/revisions\/10760"}],"up":[{"embeddable":true,"href":"https:\/\/www.proamazonia.org\/ppr\/wp-json\/wp\/v2\/pages\/39"}],"wp:attachment":[{"href":"https:\/\/www.proamazonia.org\/ppr\/wp-json\/wp\/v2\/media?parent=4292"}],"curies":[{"name":"wp","href":"https:\/\/api.w.org\/{rel}","templated":true}]}}