{"id":4759,"date":"2021-04-28T19:43:02","date_gmt":"2021-04-29T00:43:02","guid":{"rendered":"https:\/\/www.proamazonia.org\/?page_id=4759"},"modified":"2022-05-09T20:02:06","modified_gmt":"2022-05-10T01:02:06","slug":"juntosxlatierra","status":"publish","type":"page","link":"https:\/\/www.proamazonia.org\/ppr\/juntosxlatierra\/","title":{"rendered":"JuntosXLaTierra"},"content":{"rendered":"<div class=\"wpb-content-wrapper\"><p><\/p>\n<p>[vc_row bg_image=\u00bb6324&#8243; bg_type=\u00bbimage\u00bb parallax_style=\u00bbvcpb-default\u00bb][vc_column width=\u00bb1\/1&#8243;]<div class=\"ult-spacer spacer-69e81b2a94a6f\" data-id=\"69e81b2a94a6f\" data-height=\"300\" data-height-mobile=\"200\" data-height-tab=\"200\" data-height-tab-portrait=\"200\" data-height-mobile-landscape=\"200\" style=\"clear:both;display:block;\"><\/div><div id=\"ultimate-heading-331869e81b2a94ab1\" class=\"uvc-heading ult-adjust-bottom-margin ultimate-heading-331869e81b2a94ab1 uvc-2885 \" data-hspacer=\"no_spacer\"  data-halign=\"center\" style=\"text-align:center\"><div class=\"uvc-heading-spacer no_spacer\" style=\"top\"><\/div><\/div><div class=\"ult-spacer spacer-69e81b2a94ad1\" data-id=\"69e81b2a94ad1\" data-height=\"300\" data-height-mobile=\"200\" data-height-tab=\"200\" data-height-tab-portrait=\"200\" data-height-mobile-landscape=\"200\" style=\"clear:both;display:block;\"><\/div>[\/vc_column][\/vc_row][vc_row][vc_column width=\u00bb1\/1&#8243;]<div class=\"ult-spacer spacer-69e81b2a94adf\" data-id=\"69e81b2a94adf\" data-height=\"60\" data-height-mobile=\"20\" data-height-tab=\"20\" data-height-tab-portrait=\"20\" data-height-mobile-landscape=\"20\" style=\"clear:both;display:block;\"><\/div>[vc_column_text]<\/p>\n<div class=\"page\" title=\"Page 7\">\n<div class=\"layoutArea\">\n<div class=\"column\">\n<p>PROAmazoni\u0301a busca vincular los esfuerzos nacionales de contribucio\u0301n a la reduccio\u0301n de la deforestacio\u0301n con las agendas prioritarias nacionales y poli\u0301ticas de los sectores econo\u0301micos del pai\u0301s, para reducir las causas y agentes de la deforestacio\u0301n, asi\u0301 como promover un manejo sostenible e integrado de los recursos naturales que promueva la reduccio\u0301n de la pobreza y un desarrollo humano sostenible. Esta labor nacional se enmarcara\u0301 en el Plan de Accio\u0301n REDD+ del Ecuador.<\/p>\n<p>El MAAE, a trave\u0301s del Programa Nacional de Reforestaci\u00f3n y PROAmazoni\u0301a trabajan a favor de la implementaci\u00f3n de 15.000 hect\u00e1reas bajo restauraci\u00f3n forestal en las \u00e1reas prioritarias del Programa Nacional de Reforestaci\u00f3n y fortalece las capacidades de los t\u00e9cnicos y comunidades para garantizar la sostenibilidad de las acciones de restauraci\u00f3n. Los \u00e1rboles plantados en la campa\u00f1a son parte de las acciones ya realizadas o por realizarse en el marco temporal que durar\u00e1 la campa\u00f1a.<\/p>\n<p>Desde PROAmazon\u00eda; programa liderado por el Ministerio del Ambiente y Agua, Ministerio de Agricultura y Ganader\u00eda con apoyo del PNUD promovemos un manejo forestal sostenible, la conservaci\u00f3n y restauraci\u00f3n de bosques. Tambi\u00e9n, se apoya el desarrollo de bioemprendimientos, el monitoreo de procesos de restauraci\u00f3n y el fortalecimiento de las capacidades de los pobladores y t\u00e9cnicos locales, para garantizar la sostenibilidad a largo plazo de los proyectos implementados por el programa y la valoraci\u00f3n del bosque no solo por la madera, sino tambi\u00e9n por sus usos alternativos.<\/p><\/div>\n<\/div>\n<\/div>\n<p>[\/vc_column_text]<div class=\" ubtn-ctn-center \"><a class=\"ubtn-link ult-adjust-bottom-margin ubtn-center ubtn-normal \" href = \"https:\/\/www.proamazonia.org\/wp-content\/uploads\/2021\/04\/1JuntosXLaTierra_V4.pdf\" target='_blank' ><button type=\"button\" id=\"ubtn-3292\" class=\"ubtn ult-adjust-bottom-margin ult-responsive ubtn-normal ubtn-no-hover-bg  none  ubtn-center   tooltip-69e81b2a94afc\"  data-hover=\"#ededed\" data-border-color=\"\" data-bg=\"#0c9e38\" data-hover-bg=\"#56a332\" data-border-hover=\"\" data-shadow-hover=\"\" data-shadow-click=\"none\" data-shadow=\"\" data-shd-shadow=\"\"  data-ultimate-target='#ubtn-3292'  data-responsive-json-new='{\"font-size\":\"desktop:18px;tablet:14px;tablet_portrait:14px;mobile_landscape:14px;mobile:14px;\",\"line-height\":\"\"}'  style=\"font-weight:normal;border:none;background: #0c9e38;color: #ffffff;\"><span class=\"ubtn-hover\" style=\"background-color:#56a332\"><\/span><span class=\"ubtn-data ubtn-text \" >ACCIONES DE RESTAURACI\u00d3N FORESTAL<\/span><\/button><\/a><\/div><div class=\"ult-spacer spacer-69e81b2a94b57\" data-id=\"69e81b2a94b57\" data-height=\"50\" data-height-mobile=\"20\" data-height-tab=\"20\" data-height-tab-portrait=\"20\" data-height-mobile-landscape=\"20\" style=\"clear:both;display:block;\"><\/div>[\/vc_column][\/vc_row][vc_row][vc_column width=\u00bb1\/2&#8243;]<div class=\"ult-spacer spacer-69e81b2a94b64\" data-id=\"69e81b2a94b64\" data-height=\"60\" data-height-mobile=\"20\" data-height-tab=\"20\" data-height-tab-portrait=\"20\" data-height-mobile-landscape=\"20\" style=\"clear:both;display:block;\"><\/div><div class=\"single_image wpb_content_element align-right   image_zoom\" data-animation=\"none\" data-delay=\"0\"><img loading=\"lazy\" decoding=\"async\" width=\"1000\" height=\"1061\" src=\"https:\/\/www.proamazonia.org\/ppr\/wp-content\/uploads\/2021\/04\/5.Mapa_Intervencion_Interna_Banner_Web_juntosxlatierra_proamazonia._ecuador.jpg\" class=\"attachment-full\" alt=\"\" title=\"5.Mapa_Intervencion_Interna_Banner_Web_juntosxlatierra_proamazonia._ecuador\" srcset=\"https:\/\/www.proamazonia.org\/ppr\/wp-content\/uploads\/2021\/04\/5.Mapa_Intervencion_Interna_Banner_Web_juntosxlatierra_proamazonia._ecuador.jpg 1000w, https:\/\/www.proamazonia.org\/ppr\/wp-content\/uploads\/2021\/04\/5.Mapa_Intervencion_Interna_Banner_Web_juntosxlatierra_proamazonia._ecuador-283x300.jpg 283w, https:\/\/www.proamazonia.org\/ppr\/wp-content\/uploads\/2021\/04\/5.Mapa_Intervencion_Interna_Banner_Web_juntosxlatierra_proamazonia._ecuador-965x1024.jpg 965w, https:\/\/www.proamazonia.org\/ppr\/wp-content\/uploads\/2021\/04\/5.Mapa_Intervencion_Interna_Banner_Web_juntosxlatierra_proamazonia._ecuador-768x815.jpg 768w\" sizes=\"auto, (max-width: 1000px) 100vw, 1000px\" \/><\/div>[\/vc_column][vc_column width=\u00bb1\/2&#8243;]<div class=\"ult-spacer spacer-69e81b2a9520e\" data-id=\"69e81b2a9520e\" data-height=\"100\" data-height-mobile=\"30\" data-height-tab=\"30\" data-height-tab-portrait=\"30\" data-height-mobile-landscape=\"30\" style=\"clear:both;display:block;\"><\/div><div class=\" ubtn-ctn-center \"><button type=\"button\" id=\"ubtn-9617\" class=\"ubtn ult-adjust-bottom-margin ult-responsive ubtn-normal ubtn-left-bg  ulta-wobble-to-bottom-right  ubtn-center   tooltip-69e81b2a9522f\"  data-hover=\"#ededed\" data-border-color=\"\" data-bg=\"#047c1c\" data-hover-bg=\"#56a332\" data-border-hover=\"\" data-shadow-hover=\"\" data-shadow-click=\"none\" data-shadow=\"\" data-shd-shadow=\"\"  data-ultimate-target='#ubtn-9617'  data-responsive-json-new='{\"font-size\":\"desktop:18px;tablet:14px;tablet_portrait:14px;mobile_landscape:14px;mobile:14px;\",\"line-height\":\"\"}'  style=\"font-weight:normal;border:none;background: #047c1c;color: #ffffff;\"><span class=\"ubtn-hover\" style=\"background-color:#56a332\"><\/span><span class=\"ubtn-data ubtn-text \" >15.000 hect\u00e1reas<\/span><\/button><\/div><div class=\" ubtn-ctn-center \"><button type=\"button\" id=\"ubtn-2944\" class=\"ubtn ult-adjust-bottom-margin ult-responsive ubtn-normal ubtn-left-bg  ulta-wobble-to-bottom-right  ubtn-center   tooltip-69e81b2a95265\"  data-hover=\"#ededed\" data-border-color=\"\" data-bg=\"#047c1c\" data-hover-bg=\"#56a332\" data-border-hover=\"\" data-shadow-hover=\"\" data-shadow-click=\"none\" data-shadow=\"\" data-shd-shadow=\"\"  data-ultimate-target='#ubtn-2944'  data-responsive-json-new='{\"font-size\":\"desktop:18px;tablet:14px;tablet_portrait:14px;mobile_landscape:14px;mobile:14px;\",\"line-height\":\"\"}'  style=\"font-weight:normal;border:none;background: #047c1c;color: #ffffff;\"><span class=\"ubtn-hover\" style=\"background-color:#56a332\"><\/span><span class=\"ubtn-data ubtn-text \" >4 provincias intervenidas<\/span><\/button><\/div><div class=\" ubtn-ctn-center \"><button type=\"button\" id=\"ubtn-3619\" class=\"ubtn ult-adjust-bottom-margin ult-responsive ubtn-normal ubtn-left-bg  ulta-wobble-to-bottom-right  ubtn-center   tooltip-69e81b2a95286\"  data-hover=\"#ededed\" data-border-color=\"\" data-bg=\"#047c1c\" data-hover-bg=\"#56a332\" data-border-hover=\"\" data-shadow-hover=\"\" data-shadow-click=\"none\" data-shadow=\"\" data-shd-shadow=\"\"  data-ultimate-target='#ubtn-3619'  data-responsive-json-new='{\"font-size\":\"desktop:18px;tablet:14px;tablet_portrait:14px;mobile_landscape:14px;mobile:14px;\",\"line-height\":\"\"}'  style=\"font-weight:normal;border:none;background: #047c1c;color: #ffffff;\"><span class=\"ubtn-hover\" style=\"background-color:#56a332\"><\/span><span class=\"ubtn-data ubtn-text \" >14.000 personas beneficiadas<\/span><\/button><\/div><div class=\" ubtn-ctn-center \"><button type=\"button\" id=\"ubtn-2872\" class=\"ubtn ult-adjust-bottom-margin ult-responsive ubtn-normal ubtn-left-bg  ulta-wobble-to-bottom-right  ubtn-center   tooltip-69e81b2a952a8\"  data-hover=\"#ededed\" data-border-color=\"\" data-bg=\"#047c1c\" data-hover-bg=\"#56a332\" data-border-hover=\"\" data-shadow-hover=\"\" data-shadow-click=\"none\" data-shadow=\"\" data-shd-shadow=\"\"  data-ultimate-target='#ubtn-2872'  data-responsive-json-new='{\"font-size\":\"desktop:18px;tablet:14px;tablet_portrait:14px;mobile_landscape:14px;mobile:14px;\",\"line-height\":\"\"}'  style=\"font-weight:normal;border:none;background: #047c1c;color: #ffffff;\"><span class=\"ubtn-hover\" style=\"background-color:#56a332\"><\/span><span class=\"ubtn-data ubtn-text \" >140.000 \u00e1rboles en la Amazon\u00eda<\/span><\/button><\/div><div id=\"ultimate-heading-972869e81b2a952c5\" class=\"uvc-heading ult-adjust-bottom-margin ultimate-heading-972869e81b2a952c5 uvc-866 \" data-hspacer=\"no_spacer\"  data-halign=\"center\" style=\"text-align:center\"><div class=\"uvc-heading-spacer no_spacer\" style=\"top\"><\/div><\/div>[\/vc_column][\/vc_row][vc_row][vc_column width=\u00bb1\/1&#8243;][vc_column_text]<div class=\"lshowcase-clear-both\">&nbsp;<\/div><div class=\"lshowcase-logos\"><div  ><div class='lshowcase-wrap-normal ls-juntos-por-la-tierra '><div class=\"lshowcase-box-normal\"><div class=\"lshowcase-boxInner-normal\" style=\"width:300px; align:center; text-align:center;\"><img src='https:\/\/www.proamazonia.org\/ppr\/wp-content\/uploads\/2021\/04\/Logo.JuntosX.juntos.por_.la_.tierra.logo_.final_.jpg' width='300'  height = '132'  alt='Juntos por la tierra' title='' class='lshowcase-lower-opacity'  \/><\/div><\/div><\/div><div class='lshowcase-wrap-normal ls-juntos-por-la-tierra '><div class=\"lshowcase-box-normal\"><div class=\"lshowcase-boxInner-normal\" style=\"width:300px; align:center; text-align:center;\"><img src='https:\/\/www.proamazonia.org\/ppr\/wp-content\/uploads\/2021\/04\/22.Proamazonia.juntos.por_.la_.tierra.logo_.final_.jpg' width='300'  height = '132'  alt='Juntos por la tierra2' title='' class='lshowcase-lower-opacity'  \/><\/div><\/div><\/div><\/div><\/div><div class=\"lshowcase-clear-both\">&nbsp;<\/div>[\/vc_column_text]<div class=\"ult-spacer spacer-69e81b2a96a0e\" data-id=\"69e81b2a96a0e\" data-height=\"30\" data-height-mobile=\"10\" data-height-tab=\"10\" data-height-tab-portrait=\"10\" data-height-mobile-landscape=\"10\" style=\"clear:both;display:block;\"><\/div>[vc_column_text]<\/p>\n<div class=\"page\" title=\"Page 7\">\n<div class=\"layoutArea\">\n<div class=\"column\">\n<p><span style=\"font-weight: 400;\">Es por ello que PROAmazon\u00eda, se une a la campa\u00f1a #JuntosXlaTierra, liderada por el actor y activista ecuatoriano Roberto Manrique con el objetivo de plantar 100.000 \u00e1rboles en la Amazon\u00eda ecuatoriana, entre abril y junio del 2021. Esto en coordinaci\u00f3n con el Programa Nacional de Reforestaci\u00f3n.\u00a0<\/span><\/div>\n<\/div>\n<\/div>\n<p>[\/vc_column_text]<div class=\"ult-spacer spacer-69e81b2a96a1b\" data-id=\"69e81b2a96a1b\" data-height=\"30\" data-height-mobile=\"10\" data-height-tab=\"20\" data-height-tab-portrait=\"20\" data-height-mobile-landscape=\"10\" style=\"clear:both;display:block;\"><\/div><div class=\"progress-title clearfix\">\u00c1rboles plantados<span>100%<\/span><\/div><div class=\"progressbar\" data-perc=\"100\"><div class=\"progress-percentage\" style=\"background: #54af1c !important;\"><\/div><\/div><div class=\"ult-spacer spacer-69e81b2a96a46\" data-id=\"69e81b2a96a46\" data-height=\"50\" data-height-mobile=\"20\" data-height-tab=\"20\" data-height-tab-portrait=\"20\" data-height-mobile-landscape=\"20\" style=\"clear:both;display:block;\"><\/div>[\/vc_column][\/vc_row]<\/p>\n<p><\/p>\n<\/div>","protected":false},"excerpt":{"rendered":"<p>[vc_row bg_image=\u00bb6324&#8243; bg_type=\u00bbimage\u00bb parallax_style=\u00bbvcpb-default\u00bb][vc_column width=\u00bb1\/1&#8243;][\/vc_column][\/vc_row][vc_row][vc_column width=\u00bb1\/1&#8243;][vc_column_text] PROAmazoni\u0301a busca vincular los esfuerzos nacionales de contribucio\u0301n a la reduccio\u0301n de la deforestacio\u0301n con las agendas prioritarias nacionales y poli\u0301ticas de los sectores econo\u0301micos del pai\u0301s, para reducir las causas y agentes de la deforestacio\u0301n, asi\u0301 como promover un manejo sostenible e integrado de los recursos naturales que promueva la reduccio\u0301n de la pobreza y un desarrollo humano sostenible. Esta labor nacional se enmarcara\u0301 en el Plan de Accio\u0301n REDD+ del Ecuador. El MAAE, a trave\u0301s del Programa Nacional de Reforestaci\u00f3n y PROAmazoni\u0301a trabajan a favor de la implementaci\u00f3n de 15.000 hect\u00e1reas bajo restauraci\u00f3n forestal en las \u00e1reas prioritarias del Programa Nacional de Reforestaci\u00f3n y fortalece las capacidades de los t\u00e9cnicos y comunidades para garantizar la sostenibilidad de las acciones de restauraci\u00f3n. Los \u00e1rboles plantados en la campa\u00f1a son parte de las acciones ya realizadas o por realizarse en el marco temporal que durar\u00e1 la campa\u00f1a. Desde PROAmazon\u00eda; programa liderado por el Ministerio del Ambiente y Agua, Ministerio de Agricultura y Ganader\u00eda con apoyo del PNUD promovemos un manejo forestal sostenible, la conservaci\u00f3n y restauraci\u00f3n de bosques. Tambi\u00e9n, se apoya el desarrollo de bioemprendimientos, el monitoreo de procesos de restauraci\u00f3n y el fortalecimiento [&hellip;]<\/p>\n","protected":false},"author":2,"featured_media":0,"parent":0,"menu_order":0,"comment_status":"closed","ping_status":"closed","template":"","meta":{"_uf_show_specific_survey":0,"_uf_disable_surveys":false,"footnotes":""},"class_list":["post-4759","page","type-page","status-publish","hentry"],"aioseo_notices":[],"_links":{"self":[{"href":"https:\/\/www.proamazonia.org\/ppr\/wp-json\/wp\/v2\/pages\/4759","targetHints":{"allow":["GET"]}}],"collection":[{"href":"https:\/\/www.proamazonia.org\/ppr\/wp-json\/wp\/v2\/pages"}],"about":[{"href":"https:\/\/www.proamazonia.org\/ppr\/wp-json\/wp\/v2\/types\/page"}],"author":[{"embeddable":true,"href":"https:\/\/www.proamazonia.org\/ppr\/wp-json\/wp\/v2\/users\/2"}],"replies":[{"embeddable":true,"href":"https:\/\/www.proamazonia.org\/ppr\/wp-json\/wp\/v2\/comments?post=4759"}],"version-history":[{"count":60,"href":"https:\/\/www.proamazonia.org\/ppr\/wp-json\/wp\/v2\/pages\/4759\/revisions"}],"predecessor-version":[{"id":6325,"href":"https:\/\/www.proamazonia.org\/ppr\/wp-json\/wp\/v2\/pages\/4759\/revisions\/6325"}],"wp:attachment":[{"href":"https:\/\/www.proamazonia.org\/ppr\/wp-json\/wp\/v2\/media?parent=4759"}],"curies":[{"name":"wp","href":"https:\/\/api.w.org\/{rel}","templated":true}]}}