{"id":484,"date":"2019-09-26T19:52:34","date_gmt":"2019-09-26T17:52:34","guid":{"rendered":"http:\/\/2sisdigital.com\/proamazonia\/?page_id=484"},"modified":"2020-12-10T06:11:04","modified_gmt":"2020-12-10T11:11:04","slug":"restauracion","status":"publish","type":"page","link":"https:\/\/www.proamazonia.org\/ppr\/conservacion-de-bosques\/restauracion\/","title":{"rendered":"RESTAURACI\u00d3N"},"content":{"rendered":"<div class=\"wpb-content-wrapper\"><p><\/p>\n<p>[vc_row type=\u00bbfull_width_section\u00bb bg_type=\u00bbimage\u00bb parallax_style=\u00bbvcpb-vz-jquery\u00bb][vc_column bg_image=\u00bb1977&#8243; column_center=\u00bbtrue\u00bb width=\u00bb1\/2&#8243;]<div class=\"ult-spacer spacer-69e7d2d06ad6a\" data-id=\"69e7d2d06ad6a\" data-height=\"700\" data-height-mobile=\"300\" data-height-tab=\"300\" data-height-tab-portrait=\"300\" data-height-mobile-landscape=\"300\" style=\"clear:both;display:block;\"><\/div>[\/vc_column][vc_column column_padding=\u00bbpadding-1&#8243; width=\u00bb1\/2&#8243;]<div id=\"ultimate-heading-630469e7d2d06adc1\" class=\"uvc-heading ult-adjust-bottom-margin ultimate-heading-630469e7d2d06adc1 uvc-4699 \" data-hspacer=\"no_spacer\"  data-halign=\"center\" style=\"text-align:center\"><div class=\"uvc-heading-spacer no_spacer\" style=\"top\"><\/div><div class=\"uvc-sub-heading ult-responsive\"  data-ultimate-target='.uvc-heading.ultimate-heading-630469e7d2d06adc1 .uvc-sub-heading '  data-responsive-json-new='{\"font-size\":\"desktop:40px;tablet:21px;tablet_portrait:21px;mobile_landscape:21px;mobile:21px;\",\"line-height\":\"\"}'  style=\"font-weight:bold;\"><a style=\"color: #013c5b;\">RESTAURACI\u00d3N<\/a><\/div><\/div><div class=\"ult-spacer spacer-69e7d2d06adf1\" data-id=\"69e7d2d06adf1\" data-height=\"20\" data-height-mobile=\"20\" data-height-tab=\"20\" data-height-tab-portrait=\"20\" data-height-mobile-landscape=\"20\" style=\"clear:both;display:block;\"><\/div><div class=\"single_image wpb_content_element align-center  animate  image_zoom\" data-animation=\"fade-in-from-bottom\" data-delay=\"0\"><img loading=\"lazy\" decoding=\"async\" width=\"127\" height=\"127\" src=\"https:\/\/www.proamazonia.org\/ppr\/wp-content\/uploads\/2020\/01\/iconos-restauracion.png\" class=\"attachment-full\" alt=\"\" title=\"iconos-restauracion\" srcset=\"https:\/\/www.proamazonia.org\/ppr\/wp-content\/uploads\/2020\/01\/iconos-restauracion.png 127w, https:\/\/www.proamazonia.org\/ppr\/wp-content\/uploads\/2020\/01\/iconos-restauracion-80x80.png 80w, https:\/\/www.proamazonia.org\/ppr\/wp-content\/uploads\/2020\/01\/iconos-restauracion-75x75.png 75w, https:\/\/www.proamazonia.org\/ppr\/wp-content\/uploads\/2020\/01\/iconos-restauracion-100x100.png 100w\" sizes=\"auto, (max-width: 127px) 100vw, 127px\" \/><\/div><div id=\"ultimate-heading-852969e7d2d06b378\" class=\"uvc-heading ult-adjust-bottom-margin ultimate-heading-852969e7d2d06b378 uvc-7637 \" data-hspacer=\"no_spacer\"  data-halign=\"center\" style=\"text-align:center\"><div class=\"uvc-heading-spacer no_spacer\" style=\"top\"><\/div><div class=\"uvc-sub-heading ult-responsive\"  data-ultimate-target='.uvc-heading.ultimate-heading-852969e7d2d06b378 .uvc-sub-heading '  data-responsive-json-new='{\"font-size\":\"desktop:20px;tablet:14px;tablet_portrait:14px;mobile_landscape:14px;mobile:14px;\",\"line-height\":\"\"}'  style=\"font-weight:normal;color:#1b4b65;\"><\/p>\n<p style=\"text-align: center;\">La restauraci\u00f3n forestal es el conjunto de actividades relacionadas con la recuperaci\u00f3n de la funcionalidad de los ecosistemas, el restablecimiento de condiciones que favorezcan la evoluci\u00f3n de los procesos naturales en \u00e1reas degradadas y el mantenimiento de los servicios ecosist\u00e9micos. PROAmazon\u00eda apoya a la Autoridad Ambiental con la implementaci\u00f3n de 15.000 hect\u00e1reas bajo restauraci\u00f3n forestal en las \u00e1reas prioritarias del Programa Nacional de Reforestaci\u00f3n y fortalece las capacidades de los t\u00e9cnicos y comunidades para la sostenibilidad de las acciones de restauraci\u00f3n.<\/p>\n<p><\/div><\/div>[\/vc_column][\/vc_row][vc_row type=\u00bbfull_width_section\u00bb text_align=\u00bbcenter\u00bb][vc_column bg_image=\u00bb61&#8243; column_center=\u00bbtrue\u00bb width=\u00bb1\/1&#8243;]<div class=\"ult-spacer spacer-69e7d2d06b3a5\" data-id=\"69e7d2d06b3a5\" data-height=\"59\" data-height-mobile=\"30\" data-height-tab=\"30\" data-height-tab-portrait=\"30\" data-height-mobile-landscape=\"30\" style=\"clear:both;display:block;\"><\/div>[\/vc_column][\/vc_row][vc_row][vc_column width=\u00bb1\/2&#8243;]<div class=\"ult-spacer spacer-69e7d2d06b3bb\" data-id=\"69e7d2d06b3bb\" data-height=\"100\" data-height-mobile=\"20\" data-height-tab=\"20\" data-height-tab-portrait=\"20\" data-height-mobile-landscape=\"20\" style=\"clear:both;display:block;\"><\/div>[vc_column_text]<iframe loading=\"lazy\" src=\"https:\/\/www.youtube.com\/embed\/LBj58_lhfQc\" width=\"100%\" height=\"349\" frameborder=\"0\" allowfullscreen=\"allowfullscreen\"><\/iframe>[\/vc_column_text][\/vc_column][vc_column width=\u00bb1\/2&#8243;]<div class=\"ult-spacer spacer-69e7d2d06b3cb\" data-id=\"69e7d2d06b3cb\" data-height=\"100\" data-height-mobile=\"20\" data-height-tab=\"20\" data-height-tab-portrait=\"20\" data-height-mobile-landscape=\"20\" style=\"clear:both;display:block;\"><\/div><div class=\"single_image wpb_content_element align-center   \" data-animation=\"none\" data-delay=\"0\"><img loading=\"lazy\" decoding=\"async\" width=\"965\" height=\"600\" src=\"https:\/\/www.proamazonia.org\/ppr\/wp-content\/uploads\/2020\/03\/bosque.jpg\" class=\"attachment-full\" alt=\"\" title=\"bosque\" srcset=\"https:\/\/www.proamazonia.org\/ppr\/wp-content\/uploads\/2020\/03\/bosque.jpg 965w, https:\/\/www.proamazonia.org\/ppr\/wp-content\/uploads\/2020\/03\/bosque-300x187.jpg 300w, https:\/\/www.proamazonia.org\/ppr\/wp-content\/uploads\/2020\/03\/bosque-768x478.jpg 768w\" sizes=\"auto, (max-width: 965px) 100vw, 965px\" \/><\/div>[\/vc_column][\/vc_row][vc_row][vc_column width=\u00bb1\/1&#8243;]<div class=\"ult-spacer spacer-69e7d2d06b852\" data-id=\"69e7d2d06b852\" data-height=\"100\" data-height-mobile=\"20\" data-height-tab=\"20\" data-height-tab-portrait=\"20\" data-height-mobile-landscape=\"20\" style=\"clear:both;display:block;\"><\/div>[\/vc_column][\/vc_row]<\/p>\n<p><\/p>\n<\/div>","protected":false},"excerpt":{"rendered":"<p>[vc_row type=\u00bbfull_width_section\u00bb bg_type=\u00bbimage\u00bb parallax_style=\u00bbvcpb-vz-jquery\u00bb][vc_column bg_image=\u00bb1977&#8243; column_center=\u00bbtrue\u00bb width=\u00bb1\/2&#8243;][\/vc_column][vc_column column_padding=\u00bbpadding-1&#8243; width=\u00bb1\/2&#8243;][\/vc_column][\/vc_row][vc_row type=\u00bbfull_width_section\u00bb text_align=\u00bbcenter\u00bb][vc_column bg_image=\u00bb61&#8243; column_center=\u00bbtrue\u00bb width=\u00bb1\/1&#8243;][\/vc_column][\/vc_row][vc_row][vc_column width=\u00bb1\/2&#8243;][vc_column_text][\/vc_column_text][\/vc_column][vc_column width=\u00bb1\/2&#8243;][\/vc_column][\/vc_row][vc_row][vc_column width=\u00bb1\/1&#8243;][\/vc_column][\/vc_row]<\/p>\n","protected":false},"author":2,"featured_media":0,"parent":33,"menu_order":0,"comment_status":"closed","ping_status":"closed","template":"","meta":{"_uf_show_specific_survey":0,"_uf_disable_surveys":false,"footnotes":""},"class_list":["post-484","page","type-page","status-publish","hentry"],"aioseo_notices":[],"_links":{"self":[{"href":"https:\/\/www.proamazonia.org\/ppr\/wp-json\/wp\/v2\/pages\/484","targetHints":{"allow":["GET"]}}],"collection":[{"href":"https:\/\/www.proamazonia.org\/ppr\/wp-json\/wp\/v2\/pages"}],"about":[{"href":"https:\/\/www.proamazonia.org\/ppr\/wp-json\/wp\/v2\/types\/page"}],"author":[{"embeddable":true,"href":"https:\/\/www.proamazonia.org\/ppr\/wp-json\/wp\/v2\/users\/2"}],"replies":[{"embeddable":true,"href":"https:\/\/www.proamazonia.org\/ppr\/wp-json\/wp\/v2\/comments?post=484"}],"version-history":[{"count":28,"href":"https:\/\/www.proamazonia.org\/ppr\/wp-json\/wp\/v2\/pages\/484\/revisions"}],"predecessor-version":[{"id":3966,"href":"https:\/\/www.proamazonia.org\/ppr\/wp-json\/wp\/v2\/pages\/484\/revisions\/3966"}],"up":[{"embeddable":true,"href":"https:\/\/www.proamazonia.org\/ppr\/wp-json\/wp\/v2\/pages\/33"}],"wp:attachment":[{"href":"https:\/\/www.proamazonia.org\/ppr\/wp-json\/wp\/v2\/media?parent=484"}],"curies":[{"name":"wp","href":"https:\/\/api.w.org\/{rel}","templated":true}]}}