{"id":524,"date":"2019-09-26T22:21:36","date_gmt":"2019-09-26T20:21:36","guid":{"rendered":"http:\/\/2sisdigital.com\/proamazonia\/?page_id=524"},"modified":"2023-03-27T11:29:09","modified_gmt":"2023-03-27T16:29:09","slug":"involucramiento-de-actores","status":"publish","type":"page","link":"https:\/\/www.proamazonia.org\/ppr\/redd\/involucramiento-de-actores\/","title":{"rendered":"INVOLUCRAMIENTO DE ACTORES"},"content":{"rendered":"<div class=\"wpb-content-wrapper\"><p>[vc_row type=\u00bbfull_width_section\u00bb bg_type=\u00bbimage\u00bb parallax_style=\u00bbvcpb-vz-jquery\u00bb][vc_column bg_image=\u00bb2417&#8243; column_center=\u00bbtrue\u00bb width=\u00bb1\/2&#8243;]<div class=\"ult-spacer spacer-69e7bdcb4fff1\" data-id=\"69e7bdcb4fff1\" data-height=\"700\" data-height-mobile=\"300\" data-height-tab=\"300\" data-height-tab-portrait=\"300\" data-height-mobile-landscape=\"300\" style=\"clear:both;display:block;\"><\/div>[\/vc_column][vc_column column_padding=\u00bbpadding-1&#8243; width=\u00bb1\/2&#8243;]<div id=\"ultimate-heading-876569e7bdcb5001a\" class=\"uvc-heading ult-adjust-bottom-margin ultimate-heading-876569e7bdcb5001a uvc-4219 \" data-hspacer=\"no_spacer\"  data-halign=\"center\" style=\"text-align:center\"><div class=\"uvc-heading-spacer no_spacer\" style=\"top\"><\/div><div class=\"uvc-sub-heading ult-responsive\"  data-ultimate-target='.uvc-heading.ultimate-heading-876569e7bdcb5001a .uvc-sub-heading '  data-responsive-json-new='{\"font-size\":\"desktop:40px;tablet:21px;tablet_portrait:21px;mobile_landscape:21px;mobile:21px;\",\"line-height\":\"\"}'  style=\"font-weight:bold;\"><a style=\"color: #013c5b;\">INVOLUCRAMIENTO DE ACTORES<\/a><\/div><\/div><div class=\"ult-spacer spacer-69e7bdcb50042\" data-id=\"69e7bdcb50042\" data-height=\"20\" data-height-mobile=\"20\" data-height-tab=\"20\" data-height-tab-portrait=\"20\" data-height-mobile-landscape=\"20\" style=\"clear:both;display:block;\"><\/div><div class=\"single_image wpb_content_element align-center  animate  image_zoom\" data-animation=\"fade-in-from-bottom\" data-delay=\"0\"><img loading=\"lazy\" decoding=\"async\" width=\"127\" height=\"127\" src=\"https:\/\/www.proamazonia.org\/ppr\/wp-content\/uploads\/2020\/01\/iconos-involucramiento-actores.png\" class=\"attachment-full\" alt=\"\" title=\"iconos-involucramiento-actores\" srcset=\"https:\/\/www.proamazonia.org\/ppr\/wp-content\/uploads\/2020\/01\/iconos-involucramiento-actores.png 127w, https:\/\/www.proamazonia.org\/ppr\/wp-content\/uploads\/2020\/01\/iconos-involucramiento-actores-80x80.png 80w, https:\/\/www.proamazonia.org\/ppr\/wp-content\/uploads\/2020\/01\/iconos-involucramiento-actores-75x75.png 75w, https:\/\/www.proamazonia.org\/ppr\/wp-content\/uploads\/2020\/01\/iconos-involucramiento-actores-100x100.png 100w\" sizes=\"auto, (max-width: 127px) 100vw, 127px\" \/><\/div><div id=\"ultimate-heading-838669e7bdcb50be1\" class=\"uvc-heading ult-adjust-bottom-margin ultimate-heading-838669e7bdcb50be1 uvc-5773 \" data-hspacer=\"no_spacer\"  data-halign=\"center\" style=\"text-align:center\"><div class=\"uvc-heading-spacer no_spacer\" style=\"top\"><\/div><div class=\"uvc-sub-heading ult-responsive\"  data-ultimate-target='.uvc-heading.ultimate-heading-838669e7bdcb50be1 .uvc-sub-heading '  data-responsive-json-new='{\"font-size\":\"desktop:20px;tablet:14px;tablet_portrait:14px;mobile_landscape:14px;mobile:14px;\",\"line-height\":\"\"}'  style=\"font-weight:normal;color:#1b4b65;\">El involucramiento de actores en REDD+ contempla la participaci\u00f3n plena y efectiva de individuos y grupos (gubernamentales de distintos sectores y niveles, organizaciones de la Sociedad Civil, academia, comunidades locales, pueblos afros, montubios y nacionalidades ind\u00edgenas, grupos de mujeres y j\u00f3venes, asociaciones y empresa privada), que tienen inter\u00e9s o derecho sobre los bosques, dentro de todas las fases en el marco de la implementaci\u00f3n del Plan de Acci\u00f3n REDD+ de Ecuador.<\/p>\n<p>PROAmazon\u00eda lleva a cabo mecanismos de participaci\u00f3n, coordinaci\u00f3n y di\u00e1logo, como parte de una estrategia de intervenci\u00f3n territorial que garantice la sostenibilidad de estos espacios a largo plazo.<\/div><\/div>[vc_tta_accordion style=\u00bbflat\u00bb color=\u00bbgreen\u00bb active_section=\u00bb1&#8243; no_fill=\u00bbtrue\u00bb collapsible_all=\u00bbtrue\u00bb css=\u00bb.vc_custom_1679932166955{padding-top: 5% !important;padding-right: 5% !important;padding-bottom: 5% !important;padding-left: 5% !important;}\u00bb][vc_tta_section title=\u00bbCoordinaci\u00f3n Intersectorial Nacional\u00bb tab_id=\u00bb1571689375852-a2520f9e-c90f\u00bb]<div id=\"ultimate-heading-929369e7bdcb50bfe\" class=\"uvc-heading ult-adjust-bottom-margin ultimate-heading-929369e7bdcb50bfe uvc-6396 \" data-hspacer=\"no_spacer\"  data-halign=\"center\" style=\"text-align:center\"><div class=\"uvc-heading-spacer no_spacer\" style=\"top\"><\/div><div class=\"uvc-sub-heading ult-responsive\"  data-ultimate-target='.uvc-heading.ultimate-heading-929369e7bdcb50bfe .uvc-sub-heading '  data-responsive-json-new='{\"font-size\":\"desktop:20px;tablet:14px;tablet_portrait:14px;mobile_landscape:14px;mobile:14px;\",\"line-height\":\"\"}'  style=\"font-weight:normal;\">Espacios de di\u00e1logo pol\u00edtico de tomadores de decisi\u00f3n para la coordinaci\u00f3n de pol\u00edticas y medidas para el cambio clim\u00e1tico a nivel nacional.<\/div><\/div>[\/vc_tta_section][vc_tta_section title=\u00bbPlataforma de di\u00e1logo y gesti\u00f3n de conocimiento\u00bb tab_id=\u00bb1571689428427-c08ffbb4-28b3&#8243;]<div id=\"ultimate-heading-638669e7bdcb50c10\" class=\"uvc-heading ult-adjust-bottom-margin ultimate-heading-638669e7bdcb50c10 uvc-9709 \" data-hspacer=\"no_spacer\"  data-halign=\"center\" style=\"text-align:center\"><div class=\"uvc-heading-spacer no_spacer\" style=\"top\"><\/div><div class=\"uvc-sub-heading ult-responsive\"  data-ultimate-target='.uvc-heading.ultimate-heading-638669e7bdcb50c10 .uvc-sub-heading '  data-responsive-json-new='{\"font-size\":\"desktop:20px;tablet:14px;tablet_portrait:14px;mobile_landscape:14px;mobile:14px;\",\"line-height\":\"\"}'  style=\"font-weight:normal;\">Espacios de participaci\u00f3n clave, donde las partes interesadas del sector privado y sociedad civil (actores) se organizan para dialogar, articular, coordinar acciones, aportar, para definir colectivamente las prioridades de sostenibilidad e incidir en pol\u00edticas desde sus realidades, intereses, y cosmovisi\u00f3n.<\/div><\/div>[\/vc_tta_section][vc_tta_section title=\u00bbCoordinaci\u00f3n Intersectorial Territorial\u00bb tab_id=\u00bb1571689461577-8d4ec1a8-496c\u00bb]<div id=\"ultimate-heading-143569e7bdcb50c1f\" class=\"uvc-heading ult-adjust-bottom-margin ultimate-heading-143569e7bdcb50c1f uvc-9950 \" data-hspacer=\"no_spacer\"  data-halign=\"center\" style=\"text-align:center\"><div class=\"uvc-heading-spacer no_spacer\" style=\"top\"><\/div><div class=\"uvc-sub-heading ult-responsive\"  data-ultimate-target='.uvc-heading.ultimate-heading-143569e7bdcb50c1f .uvc-sub-heading '  data-responsive-json-new='{\"font-size\":\"desktop:20px;tablet:14px;tablet_portrait:14px;mobile_landscape:14px;mobile:14px;\",\"line-height\":\"\"}'  style=\"font-weight:normal;\">Espacios de di\u00e1logo y articulaci\u00f3n ya establecidas localmente por gobierno regional (CTEA), gobiernos locales, direcciones provinciales de MAG y MAE, para el fortalecimiento de la gobernanza territorial y de los actores locales, para la planificaci\u00f3n y gesti\u00f3n local con criterios claves para REDD+ (CC, producci\u00f3n sostenible, entre otros).<\/div><\/div>[\/vc_tta_section][\/vc_tta_accordion]<div class=\"ult-spacer spacer-69e7bdcb50c37\" data-id=\"69e7bdcb50c37\" data-height=\"30\" data-height-mobile=\"10\" data-height-tab=\"20\" data-height-tab-portrait=\"20\" data-height-mobile-landscape=\"10\" style=\"clear:both;display:block;\"><\/div>[\/vc_column][\/vc_row][vc_row type=\u00bbfull_width_section\u00bb text_align=\u00bbcenter\u00bb][vc_column bg_image=\u00bb61&#8243; column_center=\u00bbtrue\u00bb width=\u00bb1\/1&#8243;]<div class=\"ult-spacer spacer-69e7bdcb50c48\" data-id=\"69e7bdcb50c48\" data-height=\"59\" data-height-mobile=\"30\" data-height-tab=\"30\" data-height-tab-portrait=\"30\" data-height-mobile-landscape=\"30\" style=\"clear:both;display:block;\"><\/div>[\/vc_column][\/vc_row][vc_row][vc_column width=\u00bb1\/2&#8243;]<div class=\"ult-spacer spacer-69e7bdcb50c59\" data-id=\"69e7bdcb50c59\" data-height=\"40\" data-height-mobile=\"10\" data-height-tab=\"10\" data-height-tab-portrait=\"10\" data-height-mobile-landscape=\"10\" style=\"clear:both;display:block;\"><\/div>[vc_column_text]<iframe loading=\"lazy\" src=\"https:\/\/www.youtube.com\/embed\/RqtZZAH3Gg8\" width=\"100%\" height=\"349\" frameborder=\"0\" allowfullscreen=\"allowfullscreen\"><\/iframe>[\/vc_column_text]<div class=\"ult-spacer spacer-69e7bdcb50c67\" data-id=\"69e7bdcb50c67\" data-height=\"20\" data-height-mobile=\"10\" data-height-tab=\"10\" data-height-tab-portrait=\"10\" data-height-mobile-landscape=\"10\" style=\"clear:both;display:block;\"><\/div>[\/vc_column][vc_column width=\u00bb1\/2&#8243;]<div class=\"ult-spacer spacer-69e7bdcb50c75\" data-id=\"69e7bdcb50c75\" data-height=\"100\" data-height-mobile=\"20\" data-height-tab=\"20\" data-height-tab-portrait=\"20\" data-height-mobile-landscape=\"20\" style=\"clear:both;display:block;\"><\/div>[vc_hoverbox image=\u00bb5950&#8243; primary_title=\u00bb\u00bb hover_title=\u00bbConoce m\u00e1s sobre la Mesa de Trabajo REDD+\u00bb]<\/p>\n<h2 style=\"text-align: center;\"><a href=\"http:\/\/reddecuador.ambiente.gob.ec\/mesareddmas\" target=\"_blank\" rel=\"noopener\"><strong>M\u00c1S INFORMACI\u00d3N<\/strong><\/a><\/h2>\n<p>[\/vc_hoverbox][\/vc_column][\/vc_row][vc_row type=\u00bbfull_width_section\u00bb text_align=\u00bbcenter\u00bb][vc_column bg_image=\u00bb61&#8243; column_center=\u00bbtrue\u00bb width=\u00bb1\/1&#8243;]<div class=\"ult-spacer spacer-69e7bdcb50c85\" data-id=\"69e7bdcb50c85\" data-height=\"59\" data-height-mobile=\"30\" data-height-tab=\"30\" data-height-tab-portrait=\"30\" data-height-mobile-landscape=\"30\" style=\"clear:both;display:block;\"><\/div>[\/vc_column][\/vc_row][vc_row][vc_column width=\u00bb1\/2&#8243;]<div class=\"ult-spacer spacer-69e7bdcb50c92\" data-id=\"69e7bdcb50c92\" data-height=\"50\" data-height-mobile=\"10\" data-height-tab=\"10\" data-height-tab-portrait=\"10\" data-height-mobile-landscape=\"10\" style=\"clear:both;display:block;\"><\/div>[vc_column_text]<strong>Coordinaci\u00f3n Intersectorial Nacional<\/strong><\/p>\n<p>Espacios de di\u00e1logo pol\u00edtico de tomadores de decisi\u00f3n para la coordinaci\u00f3n de pol\u00edticas y medidas para el cambio clim\u00e1tico a nivel nacional.[\/vc_column_text]<div class=\"ult-spacer spacer-69e7bdcb50c9f\" data-id=\"69e7bdcb50c9f\" data-height=\"180\" data-height-mobile=\"10\" data-height-tab=\"50\" data-height-tab-portrait=\"20\" data-height-mobile-landscape=\"10\" style=\"clear:both;display:block;\"><\/div>[vc_column_text]<strong>Plataforma de di\u00e1logo y gesti\u00f3n de conocimiento<\/strong><\/p>\n<p>Espacios de participaci\u00f3n clave, donde las partes interesadas del sector privado y sociedad civil (actores) se organizan para dialogar, articular, coordinar acciones, aportar, para definir colectivamente las prioridades de sostenibilidad e incidir en pol\u00edticas desde sus realidades, intereses, y cosmovisi\u00f3n.[\/vc_column_text]<div class=\"ult-spacer spacer-69e7bdcb50cac\" data-id=\"69e7bdcb50cac\" data-height=\"70\" data-height-mobile=\"10\" data-height-tab=\"20\" data-height-tab-portrait=\"10\" data-height-mobile-landscape=\"10\" style=\"clear:both;display:block;\"><\/div>[vc_column_text]<strong>Coordinaci\u00f3n Intersectorial Territorial<\/strong><\/p>\n<p>Espacios de di\u00e1logo y articulaci\u00f3n ya establecidas localmente por gobierno regional (CTEA), gobiernos locales, direcciones provinciales de los Ministerios del Ambiente, Agua y Transici\u00f3n Ecol\u00f3gica (MAATE), de Agricultura y Ganader\u00eda (MAG), para el fortalecimiento de la gobernanza territorial y de los actores locales, para la planificaci\u00f3n y gesti\u00f3n local con criterios claves para REDD+ (cambio clim\u00e1tico, producci\u00f3n sostenible, entre otros).[\/vc_column_text][\/vc_column][vc_column width=\u00bb1\/2&#8243;]<div class=\"ult-spacer spacer-69e7bdcb50cb8\" data-id=\"69e7bdcb50cb8\" data-height=\"50\" data-height-mobile=\"10\" data-height-tab=\"10\" data-height-tab-portrait=\"10\" data-height-mobile-landscape=\"10\" style=\"clear:both;display:block;\"><\/div>[vc_hoverbox image=\u00bb4496&#8243; primary_title=\u00bb\u00bb hover_title=\u00bbNotas de Mesa REDD+:\u00bb]<\/p>\n<h2 style=\"text-align: center;\"><a href=\"https:\/\/reddecuador.ambiente.gob.ec\/mesareddmas\/noticias\/\" target=\"_blank\" rel=\"noopener\"><strong>M\u00c1S INFORMACI\u00d3N<\/strong><\/a><\/h2>\n<p>[\/vc_hoverbox]<div class=\"ult-spacer spacer-69e7bdcb50cc4\" data-id=\"69e7bdcb50cc4\" data-height=\"50\" data-height-mobile=\"10\" data-height-tab=\"10\" data-height-tab-portrait=\"10\" data-height-mobile-landscape=\"10\" style=\"clear:both;display:block;\"><\/div>[vc_hoverbox image=\u00bb7147&#8243; primary_title=\u00bb\u00bb hover_title=\u00bbLa Mesa REDD+ concluy\u00f3 la 5ta Reuni\u00f3n Ordinaria para la conservaci\u00f3n de bosques en Ecuador:\u00bb]<\/p>\n<h2 style=\"text-align: center;\"><a href=\"https:\/\/reddecuador.ambiente.gob.ec\/mesareddmas\/noticias\/\" target=\"_blank\" rel=\"noopener\"><strong>M\u00c1S INFORMACI\u00d3N<\/strong><\/a><\/h2>\n<p>[\/vc_hoverbox]<div class=\"ult-spacer spacer-69e7bdcb50ccf\" data-id=\"69e7bdcb50ccf\" data-height=\"50\" data-height-mobile=\"10\" data-height-tab=\"10\" data-height-tab-portrait=\"10\" data-height-mobile-landscape=\"10\" style=\"clear:both;display:block;\"><\/div>[vc_hoverbox image=\u00bb4638&#8243; primary_title=\u00bb\u00bb hover_title=\u00bbLa Mesa de Trabajo REDD+ promueve el di\u00e1logo para la conservaci\u00f3n de los bosques en varias regiones del pa\u00eds:\u00bb]<\/p>\n<h2 style=\"text-align: center;\"><a href=\"https:\/\/reddecuador.ambiente.gob.ec\/mesareddmas\/la-mesa-de-trabajo-redd-promueve-el-dialogo-para-la-conservacion-de-los-bosques-en-varias-regiones-del-pais\/\" target=\"_blank\" rel=\"noopener\"><strong>M\u00c1S INFORMACI\u00d3N<\/strong><\/a><\/h2>\n<p>[\/vc_hoverbox]<div class=\"ult-spacer spacer-69e7bdcb50cde\" data-id=\"69e7bdcb50cde\" data-height=\"50\" data-height-mobile=\"10\" data-height-tab=\"10\" data-height-tab-portrait=\"10\" data-height-mobile-landscape=\"10\" style=\"clear:both;display:block;\"><\/div>[\/vc_column][\/vc_row][vc_row][vc_column width=\u00bb1\/1&#8243;]<div class=\"ult-spacer spacer-69e7bdcb50ce9\" data-id=\"69e7bdcb50ce9\" data-height=\"100\" data-height-mobile=\"20\" data-height-tab=\"20\" data-height-tab-portrait=\"20\" data-height-mobile-landscape=\"20\" style=\"clear:both;display:block;\"><\/div>[\/vc_column][\/vc_row][vc_row][vc_column width=\u00bb1\/1&#8243;][\/vc_column][\/vc_row]<\/p>\n<\/div>","protected":false},"excerpt":{"rendered":"<p>[vc_row type=\u00bbfull_width_section\u00bb bg_type=\u00bbimage\u00bb parallax_style=\u00bbvcpb-vz-jquery\u00bb][vc_column bg_image=\u00bb2417&#8243; column_center=\u00bbtrue\u00bb width=\u00bb1\/2&#8243;][\/vc_column][vc_column column_padding=\u00bbpadding-1&#8243; width=\u00bb1\/2&#8243;][vc_tta_accordion style=\u00bbflat\u00bb color=\u00bbgreen\u00bb active_section=\u00bb1&#8243; no_fill=\u00bbtrue\u00bb collapsible_all=\u00bbtrue\u00bb css=\u00bb.vc_custom_1679932166955{padding-top: 5% !important;padding-right: 5% !important;padding-bottom: 5% !important;padding-left: 5% !important;}\u00bb][vc_tta_section title=\u00bbCoordinaci\u00f3n Intersectorial Nacional\u00bb tab_id=\u00bb1571689375852-a2520f9e-c90f\u00bb][\/vc_tta_section][vc_tta_section title=\u00bbPlataforma de di\u00e1logo y gesti\u00f3n de conocimiento\u00bb tab_id=\u00bb1571689428427-c08ffbb4-28b3&#8243;][\/vc_tta_section][vc_tta_section title=\u00bbCoordinaci\u00f3n Intersectorial Territorial\u00bb tab_id=\u00bb1571689461577-8d4ec1a8-496c\u00bb][\/vc_tta_section][\/vc_tta_accordion][\/vc_column][\/vc_row][vc_row type=\u00bbfull_width_section\u00bb text_align=\u00bbcenter\u00bb][vc_column bg_image=\u00bb61&#8243; column_center=\u00bbtrue\u00bb width=\u00bb1\/1&#8243;][\/vc_column][\/vc_row][vc_row][vc_column width=\u00bb1\/2&#8243;][vc_column_text][\/vc_column_text][\/vc_column][vc_column width=\u00bb1\/2&#8243;][vc_hoverbox image=\u00bb5950&#8243; primary_title=\u00bb\u00bb hover_title=\u00bbConoce m\u00e1s sobre la Mesa de Trabajo REDD+\u00bb] M\u00c1S INFORMACI\u00d3N [\/vc_hoverbox][\/vc_column][\/vc_row][vc_row type=\u00bbfull_width_section\u00bb text_align=\u00bbcenter\u00bb][vc_column bg_image=\u00bb61&#8243; column_center=\u00bbtrue\u00bb width=\u00bb1\/1&#8243;][\/vc_column][\/vc_row][vc_row][vc_column width=\u00bb1\/2&#8243;][vc_column_text]Coordinaci\u00f3n Intersectorial Nacional Espacios de di\u00e1logo pol\u00edtico de tomadores de decisi\u00f3n para la coordinaci\u00f3n de pol\u00edticas y medidas para el cambio clim\u00e1tico a nivel nacional.[\/vc_column_text][vc_column_text]Plataforma de di\u00e1logo y gesti\u00f3n de conocimiento Espacios de participaci\u00f3n clave, donde las partes interesadas del sector privado y sociedad civil (actores) se organizan para dialogar, articular, coordinar acciones, aportar, para definir colectivamente las prioridades de sostenibilidad e incidir en pol\u00edticas desde sus realidades, intereses, y cosmovisi\u00f3n.[\/vc_column_text][vc_column_text]Coordinaci\u00f3n Intersectorial Territorial Espacios de di\u00e1logo y articulaci\u00f3n ya establecidas localmente por gobierno regional (CTEA), gobiernos locales, direcciones provinciales de los Ministerios del Ambiente, Agua y Transici\u00f3n Ecol\u00f3gica (MAATE), de Agricultura y Ganader\u00eda (MAG), para el fortalecimiento de la gobernanza territorial y de los actores locales, para la planificaci\u00f3n y gesti\u00f3n local con criterios claves para REDD+ (cambio clim\u00e1tico, producci\u00f3n sostenible, entre otros).[\/vc_column_text][\/vc_column][vc_column width=\u00bb1\/2&#8243;][vc_hoverbox image=\u00bb4496&#8243; primary_title=\u00bb\u00bb [&hellip;]<\/p>\n","protected":false},"author":2,"featured_media":0,"parent":35,"menu_order":0,"comment_status":"closed","ping_status":"closed","template":"","meta":{"_uf_show_specific_survey":0,"_uf_disable_surveys":false,"footnotes":""},"class_list":["post-524","page","type-page","status-publish","hentry"],"aioseo_notices":[],"_links":{"self":[{"href":"https:\/\/www.proamazonia.org\/ppr\/wp-json\/wp\/v2\/pages\/524","targetHints":{"allow":["GET"]}}],"collection":[{"href":"https:\/\/www.proamazonia.org\/ppr\/wp-json\/wp\/v2\/pages"}],"about":[{"href":"https:\/\/www.proamazonia.org\/ppr\/wp-json\/wp\/v2\/types\/page"}],"author":[{"embeddable":true,"href":"https:\/\/www.proamazonia.org\/ppr\/wp-json\/wp\/v2\/users\/2"}],"replies":[{"embeddable":true,"href":"https:\/\/www.proamazonia.org\/ppr\/wp-json\/wp\/v2\/comments?post=524"}],"version-history":[{"count":47,"href":"https:\/\/www.proamazonia.org\/ppr\/wp-json\/wp\/v2\/pages\/524\/revisions"}],"predecessor-version":[{"id":7282,"href":"https:\/\/www.proamazonia.org\/ppr\/wp-json\/wp\/v2\/pages\/524\/revisions\/7282"}],"up":[{"embeddable":true,"href":"https:\/\/www.proamazonia.org\/ppr\/wp-json\/wp\/v2\/pages\/35"}],"wp:attachment":[{"href":"https:\/\/www.proamazonia.org\/ppr\/wp-json\/wp\/v2\/media?parent=524"}],"curies":[{"name":"wp","href":"https:\/\/api.w.org\/{rel}","templated":true}]}}