{"id":525,"date":"2019-09-26T22:21:33","date_gmt":"2019-09-26T20:21:33","guid":{"rendered":"http:\/\/2sisdigital.com\/proamazonia\/?page_id=525"},"modified":"2023-03-23T17:23:25","modified_gmt":"2023-03-23T22:23:25","slug":"fortalecimiento-de-capacidades","status":"publish","type":"page","link":"https:\/\/www.proamazonia.org\/ppr\/redd\/fortalecimiento-de-capacidades\/","title":{"rendered":"FORTALECIMIENTO DE CAPACIDADES"},"content":{"rendered":"<div class=\"wpb-content-wrapper\"><p>[vc_row type=\u00bbfull_width_section\u00bb bg_type=\u00bbimage\u00bb parallax_style=\u00bbvcpb-vz-jquery\u00bb][vc_column bg_image=\u00bb2060&#8243; column_center=\u00bbtrue\u00bb width=\u00bb1\/2&#8243;]<div class=\"ult-spacer spacer-69e7bdeea8a54\" data-id=\"69e7bdeea8a54\" data-height=\"700\" data-height-mobile=\"300\" data-height-tab=\"300\" data-height-tab-portrait=\"300\" data-height-mobile-landscape=\"300\" style=\"clear:both;display:block;\"><\/div>[\/vc_column][vc_column column_padding=\u00bbpadding-1&#8243; width=\u00bb1\/2&#8243;]<div id=\"ultimate-heading-980569e7bdeea8a91\" class=\"uvc-heading ult-adjust-bottom-margin ultimate-heading-980569e7bdeea8a91 uvc-38 \" data-hspacer=\"no_spacer\"  data-halign=\"center\" style=\"text-align:center\"><div class=\"uvc-heading-spacer no_spacer\" style=\"top\"><\/div><div class=\"uvc-sub-heading ult-responsive\"  data-ultimate-target='.uvc-heading.ultimate-heading-980569e7bdeea8a91 .uvc-sub-heading '  data-responsive-json-new='{\"font-size\":\"desktop:40px;tablet:21px;tablet_portrait:21px;mobile_landscape:21px;mobile:21px;\",\"line-height\":\"\"}'  style=\"font-weight:bold;\"><a style=\"color: #013c5b;\">FORTALECIMIENTO DE CAPACIDADES<\/a><\/div><\/div><div class=\"ult-spacer spacer-69e7bdeea8ab7\" data-id=\"69e7bdeea8ab7\" data-height=\"20\" data-height-mobile=\"20\" data-height-tab=\"20\" data-height-tab-portrait=\"20\" data-height-mobile-landscape=\"20\" style=\"clear:both;display:block;\"><\/div><div class=\"single_image wpb_content_element align-center  animate  image_zoom\" data-animation=\"fade-in-from-bottom\" data-delay=\"0\"><img loading=\"lazy\" decoding=\"async\" width=\"127\" height=\"127\" src=\"https:\/\/www.proamazonia.org\/ppr\/wp-content\/uploads\/2020\/01\/iconos-fortalecimiento-capacidades.png\" class=\"attachment-full\" alt=\"\" title=\"iconos-fortalecimiento-capacidades\" srcset=\"https:\/\/www.proamazonia.org\/ppr\/wp-content\/uploads\/2020\/01\/iconos-fortalecimiento-capacidades.png 127w, https:\/\/www.proamazonia.org\/ppr\/wp-content\/uploads\/2020\/01\/iconos-fortalecimiento-capacidades-80x80.png 80w, https:\/\/www.proamazonia.org\/ppr\/wp-content\/uploads\/2020\/01\/iconos-fortalecimiento-capacidades-75x75.png 75w, https:\/\/www.proamazonia.org\/ppr\/wp-content\/uploads\/2020\/01\/iconos-fortalecimiento-capacidades-100x100.png 100w\" sizes=\"auto, (max-width: 127px) 100vw, 127px\" \/><\/div><div id=\"ultimate-heading-372169e7bdeea8f53\" class=\"uvc-heading ult-adjust-bottom-margin ultimate-heading-372169e7bdeea8f53 uvc-5939 \" data-hspacer=\"no_spacer\"  data-halign=\"center\" style=\"text-align:center\"><div class=\"uvc-heading-spacer no_spacer\" style=\"top\"><\/div><div class=\"uvc-sub-heading ult-responsive\"  data-ultimate-target='.uvc-heading.ultimate-heading-372169e7bdeea8f53 .uvc-sub-heading '  data-responsive-json-new='{\"font-size\":\"desktop:20px;tablet:14px;tablet_portrait:14px;mobile_landscape:14px;mobile:14px;\",\"line-height\":\"\"}'  style=\"font-weight:normal;color:#1b4b65;\">PROAmazon\u00eda cuenta con una estrategia de fortalecimiento de capacidades en cambio clim\u00e1tico y REDD+, con el objetivo de potenciar las destrezas y habilidades en los actores clave, en el marco de la implementaci\u00f3n del programa, a trav\u00e9s de acciones de capacitaci\u00f3n y asistencia t\u00e9cnica para promover el desarrollo sostenible y el cuidado de los bosques.<\/p>\n<p>Este proceso se lleva a cabo mediante la generaci\u00f3n de procesos de aprendizaje a nivel nacional y local, para desarrollar las capacidades en socios implementadores, equipos t\u00e9cnicos, pueblos y nacionalidades ind\u00edgenas, y comunidades locales beneficiarias de PROAmazon\u00eda, e incentivar espacios de di\u00e1logo y participaci\u00f3n con la Autoridad Ambiental REDD+.<\/div><\/div>[\/vc_column][\/vc_row][vc_row type=\u00bbfull_width_section\u00bb text_align=\u00bbcenter\u00bb][vc_column bg_image=\u00bb61&#8243; column_center=\u00bbtrue\u00bb width=\u00bb1\/1&#8243;]<div class=\"ult-spacer spacer-69e7bdeea8f77\" data-id=\"69e7bdeea8f77\" data-height=\"59\" data-height-mobile=\"30\" data-height-tab=\"30\" data-height-tab-portrait=\"30\" data-height-mobile-landscape=\"30\" style=\"clear:both;display:block;\"><\/div>[\/vc_column][\/vc_row][vc_row][vc_column width=\u00bb1\/2&#8243;]<div class=\"ult-spacer spacer-69e7bdeea8f89\" data-id=\"69e7bdeea8f89\" data-height=\"100\" data-height-mobile=\"20\" data-height-tab=\"20\" data-height-tab-portrait=\"20\" data-height-mobile-landscape=\"20\" style=\"clear:both;display:block;\"><\/div>[vc_hoverbox image=\u00bb7211&#8243; primary_title=\u00bb\u00bb hover_title=\u00bbEl desarrollo de capacidades y la gesti\u00f3n del conocimiento aliados para la conservaci\u00f3n de los bosques amaz\u00f3nicos del pa\u00eds\u00bb hover_background_color=\u00bbgreen\u00bb]<\/p>\n<h1 style=\"text-align: center;\"><a href=\"https:\/\/www.proamazonia.org\/el-desarrollo-de-capacidades-y-la-gestion-del-conocimiento-aliados-para-la-conservacion-de-los-bosques-amazonicos-del-pais\/\" target=\"_blank\" rel=\"noopener\"><strong>M\u00c1S INFORMACI\u00d3N<\/strong><\/a><\/h1>\n<p>[\/vc_hoverbox]<div class=\"ult-spacer spacer-69e7bdeea8fa4\" data-id=\"69e7bdeea8fa4\" data-height=\"100\" data-height-mobile=\"20\" data-height-tab=\"20\" data-height-tab-portrait=\"20\" data-height-mobile-landscape=\"20\" style=\"clear:both;display:block;\"><\/div>[\/vc_column][vc_column width=\u00bb1\/2&#8243;]<div class=\"ult-spacer spacer-69e7bdeea8fb3\" data-id=\"69e7bdeea8fb3\" data-height=\"100\" data-height-mobile=\"20\" data-height-tab=\"20\" data-height-tab-portrait=\"20\" data-height-mobile-landscape=\"20\" style=\"clear:both;display:block;\"><\/div>[vc_hoverbox image=\u00bb5736&#8243; primary_title=\u00bb\u00bb hover_title=\u00bbConoce m\u00e1s sobre la oferta gratuita de capacitaci\u00f3n:\u00bb hover_background_color=\u00bbgreen\u00bb]<\/p>\n<h1 style=\"text-align: center;\"><a href=\"https:\/\/www.proamazonia.org\/inicio\/biblioteca\/capacitaciones-redd-mas\/\" target=\"_blank\" rel=\"noopener\"><strong>M\u00c1S INFORMACI\u00d3N<\/strong><\/a><\/h1>\n<p>[\/vc_hoverbox]<div class=\"ult-spacer spacer-69e7bdeea8fc1\" data-id=\"69e7bdeea8fc1\" data-height=\"100\" data-height-mobile=\"20\" data-height-tab=\"20\" data-height-tab-portrait=\"20\" data-height-mobile-landscape=\"20\" style=\"clear:both;display:block;\"><\/div>[\/vc_column][\/vc_row][vc_row type=\u00bbfull_width_section\u00bb text_align=\u00bbcenter\u00bb][vc_column bg_image=\u00bb61&#8243; column_center=\u00bbtrue\u00bb width=\u00bb1\/1&#8243;]<div class=\"ult-spacer spacer-69e7bdeea8fce\" data-id=\"69e7bdeea8fce\" data-height=\"59\" data-height-mobile=\"30\" data-height-tab=\"30\" data-height-tab-portrait=\"30\" data-height-mobile-landscape=\"30\" style=\"clear:both;display:block;\"><\/div>[\/vc_column][\/vc_row][vc_row][vc_column width=\u00bb1\/2&#8243;]<div class=\"ult-spacer spacer-69e7bdeea8fda\" data-id=\"69e7bdeea8fda\" data-height=\"100\" data-height-mobile=\"20\" data-height-tab=\"20\" data-height-tab-portrait=\"20\" data-height-mobile-landscape=\"20\" style=\"clear:both;display:block;\"><\/div>[vc_column_text]<iframe loading=\"lazy\" src=\"https:\/\/www.youtube.com\/embed\/LBj58_lhfQc\" width=\"100%\" height=\"349\" frameborder=\"0\" allowfullscreen=\"allowfullscreen\"><\/iframe>[\/vc_column_text][\/vc_column][vc_column width=\u00bb1\/2&#8243;]<div class=\"ult-spacer spacer-69e7bdeea8fe8\" data-id=\"69e7bdeea8fe8\" data-height=\"100\" data-height-mobile=\"20\" data-height-tab=\"20\" data-height-tab-portrait=\"20\" data-height-mobile-landscape=\"20\" style=\"clear:both;display:block;\"><\/div><div class=\"single_image wpb_content_element align-center   \" data-animation=\"none\" data-delay=\"0\"><img loading=\"lazy\" decoding=\"async\" width=\"965\" height=\"600\" src=\"https:\/\/www.proamazonia.org\/ppr\/wp-content\/uploads\/2020\/03\/bosque.jpg\" class=\"attachment-full\" alt=\"\" title=\"bosque\" srcset=\"https:\/\/www.proamazonia.org\/ppr\/wp-content\/uploads\/2020\/03\/bosque.jpg 965w, https:\/\/www.proamazonia.org\/ppr\/wp-content\/uploads\/2020\/03\/bosque-300x187.jpg 300w, https:\/\/www.proamazonia.org\/ppr\/wp-content\/uploads\/2020\/03\/bosque-768x478.jpg 768w\" sizes=\"auto, (max-width: 965px) 100vw, 965px\" \/><\/div>[\/vc_column][\/vc_row][vc_row][vc_column width=\u00bb1\/1&#8243;]<div class=\"ult-spacer spacer-69e7bdeea93b8\" data-id=\"69e7bdeea93b8\" data-height=\"100\" data-height-mobile=\"20\" data-height-tab=\"20\" data-height-tab-portrait=\"20\" data-height-mobile-landscape=\"20\" style=\"clear:both;display:block;\"><\/div>[\/vc_column][\/vc_row]<\/p>\n<\/div>","protected":false},"excerpt":{"rendered":"<p>[vc_row type=\u00bbfull_width_section\u00bb bg_type=\u00bbimage\u00bb parallax_style=\u00bbvcpb-vz-jquery\u00bb][vc_column bg_image=\u00bb2060&#8243; column_center=\u00bbtrue\u00bb width=\u00bb1\/2&#8243;][\/vc_column][vc_column column_padding=\u00bbpadding-1&#8243; width=\u00bb1\/2&#8243;][\/vc_column][\/vc_row][vc_row type=\u00bbfull_width_section\u00bb text_align=\u00bbcenter\u00bb][vc_column bg_image=\u00bb61&#8243; column_center=\u00bbtrue\u00bb width=\u00bb1\/1&#8243;][\/vc_column][\/vc_row][vc_row][vc_column width=\u00bb1\/2&#8243;][vc_hoverbox image=\u00bb7211&#8243; primary_title=\u00bb\u00bb hover_title=\u00bbEl desarrollo de capacidades y la gesti\u00f3n del conocimiento aliados para la conservaci\u00f3n de los bosques amaz\u00f3nicos del pa\u00eds\u00bb hover_background_color=\u00bbgreen\u00bb] M\u00c1S INFORMACI\u00d3N [\/vc_hoverbox][\/vc_column][vc_column width=\u00bb1\/2&#8243;][vc_hoverbox image=\u00bb5736&#8243; primary_title=\u00bb\u00bb hover_title=\u00bbConoce m\u00e1s sobre la oferta gratuita de capacitaci\u00f3n:\u00bb hover_background_color=\u00bbgreen\u00bb] M\u00c1S INFORMACI\u00d3N [\/vc_hoverbox][\/vc_column][\/vc_row][vc_row type=\u00bbfull_width_section\u00bb text_align=\u00bbcenter\u00bb][vc_column bg_image=\u00bb61&#8243; column_center=\u00bbtrue\u00bb width=\u00bb1\/1&#8243;][\/vc_column][\/vc_row][vc_row][vc_column width=\u00bb1\/2&#8243;][vc_column_text][\/vc_column_text][\/vc_column][vc_column width=\u00bb1\/2&#8243;][\/vc_column][\/vc_row][vc_row][vc_column width=\u00bb1\/1&#8243;][\/vc_column][\/vc_row]<\/p>\n","protected":false},"author":2,"featured_media":0,"parent":35,"menu_order":0,"comment_status":"closed","ping_status":"closed","template":"","meta":{"_uf_show_specific_survey":0,"_uf_disable_surveys":false,"footnotes":""},"class_list":["post-525","page","type-page","status-publish","hentry"],"aioseo_notices":[],"_links":{"self":[{"href":"https:\/\/www.proamazonia.org\/ppr\/wp-json\/wp\/v2\/pages\/525","targetHints":{"allow":["GET"]}}],"collection":[{"href":"https:\/\/www.proamazonia.org\/ppr\/wp-json\/wp\/v2\/pages"}],"about":[{"href":"https:\/\/www.proamazonia.org\/ppr\/wp-json\/wp\/v2\/types\/page"}],"author":[{"embeddable":true,"href":"https:\/\/www.proamazonia.org\/ppr\/wp-json\/wp\/v2\/users\/2"}],"replies":[{"embeddable":true,"href":"https:\/\/www.proamazonia.org\/ppr\/wp-json\/wp\/v2\/comments?post=525"}],"version-history":[{"count":31,"href":"https:\/\/www.proamazonia.org\/ppr\/wp-json\/wp\/v2\/pages\/525\/revisions"}],"predecessor-version":[{"id":7271,"href":"https:\/\/www.proamazonia.org\/ppr\/wp-json\/wp\/v2\/pages\/525\/revisions\/7271"}],"up":[{"embeddable":true,"href":"https:\/\/www.proamazonia.org\/ppr\/wp-json\/wp\/v2\/pages\/35"}],"wp:attachment":[{"href":"https:\/\/www.proamazonia.org\/ppr\/wp-json\/wp\/v2\/media?parent=525"}],"curies":[{"name":"wp","href":"https:\/\/api.w.org\/{rel}","templated":true}]}}