{"id":526,"date":"2019-09-26T22:21:31","date_gmt":"2019-09-26T20:21:31","guid":{"rendered":"http:\/\/2sisdigital.com\/proamazonia\/?page_id=526"},"modified":"2023-03-27T12:45:04","modified_gmt":"2023-03-27T17:45:04","slug":"salvaguardas","status":"publish","type":"page","link":"https:\/\/www.proamazonia.org\/ppr\/redd\/salvaguardas\/","title":{"rendered":"SALVAGUARDAS"},"content":{"rendered":"<div class=\"wpb-content-wrapper\"><p>[vc_row type=\u00bbfull_width_section\u00bb bg_type=\u00bbimage\u00bb parallax_style=\u00bbvcpb-vz-jquery\u00bb][vc_column bg_image=\u00bb2096&#8243; column_center=\u00bbtrue\u00bb width=\u00bb1\/2&#8243;]<div class=\"ult-spacer spacer-69e7bdf66d6a2\" data-id=\"69e7bdf66d6a2\" data-height=\"700\" data-height-mobile=\"300\" data-height-tab=\"300\" data-height-tab-portrait=\"300\" data-height-mobile-landscape=\"300\" style=\"clear:both;display:block;\"><\/div>[\/vc_column][vc_column column_padding=\u00bbpadding-1&#8243; width=\u00bb1\/2&#8243;]<div id=\"ultimate-heading-981569e7bdf66d6d2\" class=\"uvc-heading ult-adjust-bottom-margin ultimate-heading-981569e7bdf66d6d2 uvc-8531 \" data-hspacer=\"no_spacer\"  data-halign=\"center\" style=\"text-align:center\"><div class=\"uvc-heading-spacer no_spacer\" style=\"top\"><\/div><div class=\"uvc-sub-heading ult-responsive\"  data-ultimate-target='.uvc-heading.ultimate-heading-981569e7bdf66d6d2 .uvc-sub-heading '  data-responsive-json-new='{\"font-size\":\"desktop:40px;tablet:21px;tablet_portrait:21px;mobile_landscape:21px;mobile:21px;\",\"line-height\":\"\"}'  style=\"font-weight:bold;\"><a style=\"color: #013c5b;\">SALVAGUARDAS<\/a><\/div><\/div><div class=\"ult-spacer spacer-69e7bdf66d6fd\" data-id=\"69e7bdf66d6fd\" data-height=\"20\" data-height-mobile=\"20\" data-height-tab=\"20\" data-height-tab-portrait=\"20\" data-height-mobile-landscape=\"20\" style=\"clear:both;display:block;\"><\/div><div class=\"single_image wpb_content_element align-center  animate  image_zoom\" data-animation=\"fade-in-from-bottom\" data-delay=\"0\"><img loading=\"lazy\" decoding=\"async\" width=\"127\" height=\"127\" src=\"https:\/\/www.proamazonia.org\/ppr\/wp-content\/uploads\/2020\/01\/iconos-salvaguardas.png\" class=\"attachment-full\" alt=\"\" title=\"iconos-salvaguardas\" srcset=\"https:\/\/www.proamazonia.org\/ppr\/wp-content\/uploads\/2020\/01\/iconos-salvaguardas.png 127w, https:\/\/www.proamazonia.org\/ppr\/wp-content\/uploads\/2020\/01\/iconos-salvaguardas-80x80.png 80w, https:\/\/www.proamazonia.org\/ppr\/wp-content\/uploads\/2020\/01\/iconos-salvaguardas-75x75.png 75w, https:\/\/www.proamazonia.org\/ppr\/wp-content\/uploads\/2020\/01\/iconos-salvaguardas-100x100.png 100w\" sizes=\"auto, (max-width: 127px) 100vw, 127px\" \/><\/div><div id=\"ultimate-heading-471069e7bdf66dba2\" class=\"uvc-heading ult-adjust-bottom-margin ultimate-heading-471069e7bdf66dba2 uvc-5444 \" data-hspacer=\"no_spacer\"  data-halign=\"center\" style=\"text-align:center\"><div class=\"uvc-heading-spacer no_spacer\" style=\"top\"><\/div><div class=\"uvc-sub-heading ult-responsive\"  data-ultimate-target='.uvc-heading.ultimate-heading-471069e7bdf66dba2 .uvc-sub-heading '  data-responsive-json-new='{\"font-size\":\"desktop:20px;tablet:14px;tablet_portrait:14px;mobile_landscape:14px;mobile:14px;\",\"line-height\":\"\"}'  style=\"font-weight:normal;color:#1b4b65;\">Las Salvaguardas Ambientales y Sociales, acordadas en el contexto de la Convenci\u00f3n Marco de Naciones Unidas para el Cambio Clim\u00e1tico (CMNUCC), son un conjunto de normas que deben ser tomadas en cuenta para garantizar el respeto de los derechos individuales y colectivos de las comunidades locales, pueblos y nacionalidades ind\u00edgenas en el marco de la implementaci\u00f3n del Plan de Acci\u00f3n REDD+ de Ecuador, esto con el objetivo de que las acciones emprendidas generen cobeneficios para las comunidades locales beneficiarias.<\/div><\/div>[\/vc_column][\/vc_row][vc_row type=\u00bbfull_width_section\u00bb text_align=\u00bbcenter\u00bb][vc_column bg_image=\u00bb61&#8243; column_center=\u00bbtrue\u00bb width=\u00bb1\/1&#8243;]<div class=\"ult-spacer spacer-69e7bdf66dbcb\" data-id=\"69e7bdf66dbcb\" data-height=\"59\" data-height-mobile=\"30\" data-height-tab=\"30\" data-height-tab-portrait=\"30\" data-height-mobile-landscape=\"30\" style=\"clear:both;display:block;\"><\/div>[\/vc_column][\/vc_row][vc_row][vc_column width=\u00bb1\/2&#8243;]<div class=\"ult-spacer spacer-69e7bdf66dbe1\" data-id=\"69e7bdf66dbe1\" data-height=\"100\" data-height-mobile=\"20\" data-height-tab=\"20\" data-height-tab-portrait=\"20\" data-height-mobile-landscape=\"20\" style=\"clear:both;display:block;\"><\/div>[vc_column_text]<strong>PROAmazon\u00eda<\/strong> articula varias acciones para asegurar el cumplimiento de las Salvaguardas Sociales y Ambientales, entre las que se destaca: la consulta previa libre e informada, el fortalecimiento de espacios de toma de decisiones en territorio, el respeto a los sistemas de vida locales, la transparencia en el uso de recursos financieros a trav\u00e9s de licitaciones p\u00fablicas, el acceso a informaci\u00f3n por diferentes canales de informaci\u00f3n, el fortalecimiento de capacidades en temas clave como cambio clim\u00e1tico, producci\u00f3n sostenible, planificaci\u00f3n territorial, el trabajo articulado con diversos niveles de gobierno local, la inclusi\u00f3n de los pueblos y nacionalidades ind\u00edgenas en la implementaci\u00f3n de medidas REDD+, entre otras.<\/p>\n<p>&nbsp;<\/p>\n<p>Dichas acciones cumplen con el objetivo de garantizar tanto el cumplimiento de las salvaguardas REDD+, como generar un impacto real en la calidad de vida de las personas que habitan en la Amazon\u00eda ecuatoriana y fortalece las capacidades de las instituciones locales con miras a conservar los bosques y sus recursos naturales.[\/vc_column_text][\/vc_column][vc_column width=\u00bb1\/2&#8243;]<div class=\"ult-spacer spacer-69e7bdf66dbf3\" data-id=\"69e7bdf66dbf3\" data-height=\"100\" data-height-mobile=\"20\" data-height-tab=\"20\" data-height-tab-portrait=\"20\" data-height-mobile-landscape=\"20\" style=\"clear:both;display:block;\"><\/div>[vc_column_text]<iframe loading=\"lazy\" src=\"https:\/\/www.youtube.com\/embed\/v0CqetLkIOQ\" width=\"100%\" height=\"349\" frameborder=\"0\" allowfullscreen=\"allowfullscreen\"><\/iframe>[\/vc_column_text]<div class=\"ult-spacer spacer-69e7bdf66dc08\" data-id=\"69e7bdf66dc08\" data-height=\"10\" data-height-mobile=\"10\" data-height-tab=\"10\" data-height-tab-portrait=\"10\" data-height-mobile-landscape=\"10\" style=\"clear:both;display:block;\"><\/div>[vc_hoverbox image=\u00bb6649&#8243; primary_title=\u00bb\u00bb hover_title=\u00bbDescargar nuestra cartilla sobre Salvaguardas Ambientales y Sociales:\u00bb]<\/p>\n<h2 style=\"text-align: center;\"><a href=\"https:\/\/www.proamazonia.org\/wp-content\/uploads\/2022\/04\/CARTILLA-4-V17-CGS.pdf\" target=\"_blank\" rel=\"noopener\"><strong>M\u00e1s informaci\u00f3n<\/strong><\/a><\/h2>\n<p>[\/vc_hoverbox][\/vc_column][\/vc_row][vc_row][vc_column width=\u00bb1\/1&#8243;]<div class=\"ult-spacer spacer-69e7bdf66dc18\" data-id=\"69e7bdf66dc18\" data-height=\"100\" data-height-mobile=\"20\" data-height-tab=\"20\" data-height-tab-portrait=\"20\" data-height-mobile-landscape=\"20\" style=\"clear:both;display:block;\"><\/div>[\/vc_column][\/vc_row]<\/p>\n<\/div>","protected":false},"excerpt":{"rendered":"<p>[vc_row type=\u00bbfull_width_section\u00bb bg_type=\u00bbimage\u00bb parallax_style=\u00bbvcpb-vz-jquery\u00bb][vc_column bg_image=\u00bb2096&#8243; column_center=\u00bbtrue\u00bb width=\u00bb1\/2&#8243;][\/vc_column][vc_column column_padding=\u00bbpadding-1&#8243; width=\u00bb1\/2&#8243;][\/vc_column][\/vc_row][vc_row type=\u00bbfull_width_section\u00bb text_align=\u00bbcenter\u00bb][vc_column bg_image=\u00bb61&#8243; column_center=\u00bbtrue\u00bb width=\u00bb1\/1&#8243;][\/vc_column][\/vc_row][vc_row][vc_column width=\u00bb1\/2&#8243;][vc_column_text]PROAmazon\u00eda articula varias acciones para asegurar el cumplimiento de las Salvaguardas Sociales y Ambientales, entre las que se destaca: la consulta previa libre e informada, el fortalecimiento de espacios de toma de decisiones en territorio, el respeto a los sistemas de vida locales, la transparencia en el uso de recursos financieros a trav\u00e9s de licitaciones p\u00fablicas, el acceso a informaci\u00f3n por diferentes canales de informaci\u00f3n, el fortalecimiento de capacidades en temas clave como cambio clim\u00e1tico, producci\u00f3n sostenible, planificaci\u00f3n territorial, el trabajo articulado con diversos niveles de gobierno local, la inclusi\u00f3n de los pueblos y nacionalidades ind\u00edgenas en la implementaci\u00f3n de medidas REDD+, entre otras. &nbsp; Dichas acciones cumplen con el objetivo de garantizar tanto el cumplimiento de las salvaguardas REDD+, como generar un impacto real en la calidad de vida de las personas que habitan en la Amazon\u00eda ecuatoriana y fortalece las capacidades de las instituciones locales con miras a conservar los bosques y sus recursos naturales.[\/vc_column_text][\/vc_column][vc_column width=\u00bb1\/2&#8243;][vc_column_text][\/vc_column_text][vc_hoverbox image=\u00bb6649&#8243; primary_title=\u00bb\u00bb hover_title=\u00bbDescargar nuestra cartilla sobre Salvaguardas Ambientales y Sociales:\u00bb] M\u00e1s informaci\u00f3n [\/vc_hoverbox][\/vc_column][\/vc_row][vc_row][vc_column width=\u00bb1\/1&#8243;][\/vc_column][\/vc_row]<\/p>\n","protected":false},"author":2,"featured_media":0,"parent":35,"menu_order":0,"comment_status":"closed","ping_status":"closed","template":"","meta":{"_uf_show_specific_survey":0,"_uf_disable_surveys":false,"footnotes":""},"class_list":["post-526","page","type-page","status-publish","hentry"],"aioseo_notices":[],"_links":{"self":[{"href":"https:\/\/www.proamazonia.org\/ppr\/wp-json\/wp\/v2\/pages\/526","targetHints":{"allow":["GET"]}}],"collection":[{"href":"https:\/\/www.proamazonia.org\/ppr\/wp-json\/wp\/v2\/pages"}],"about":[{"href":"https:\/\/www.proamazonia.org\/ppr\/wp-json\/wp\/v2\/types\/page"}],"author":[{"embeddable":true,"href":"https:\/\/www.proamazonia.org\/ppr\/wp-json\/wp\/v2\/users\/2"}],"replies":[{"embeddable":true,"href":"https:\/\/www.proamazonia.org\/ppr\/wp-json\/wp\/v2\/comments?post=526"}],"version-history":[{"count":28,"href":"https:\/\/www.proamazonia.org\/ppr\/wp-json\/wp\/v2\/pages\/526\/revisions"}],"predecessor-version":[{"id":7285,"href":"https:\/\/www.proamazonia.org\/ppr\/wp-json\/wp\/v2\/pages\/526\/revisions\/7285"}],"up":[{"embeddable":true,"href":"https:\/\/www.proamazonia.org\/ppr\/wp-json\/wp\/v2\/pages\/35"}],"wp:attachment":[{"href":"https:\/\/www.proamazonia.org\/ppr\/wp-json\/wp\/v2\/media?parent=526"}],"curies":[{"name":"wp","href":"https:\/\/api.w.org\/{rel}","templated":true}]}}