{"id":528,"date":"2019-09-26T22:21:27","date_gmt":"2019-09-26T20:21:27","guid":{"rendered":"http:\/\/2sisdigital.com\/proamazonia\/?page_id=528"},"modified":"2023-03-23T17:10:42","modified_gmt":"2023-03-23T22:10:42","slug":"finanzas-sostenibles","status":"publish","type":"page","link":"https:\/\/www.proamazonia.org\/ppr\/redd\/finanzas-sostenibles\/","title":{"rendered":"FINANZAS SOSTENIBLES"},"content":{"rendered":"<div class=\"wpb-content-wrapper\"><p>[vc_row type=\u00bbfull_width_section\u00bb bg_type=\u00bbimage\u00bb parallax_style=\u00bbvcpb-vz-jquery\u00bb][vc_column bg_image=\u00bb2125&#8243; column_center=\u00bbtrue\u00bb width=\u00bb1\/2&#8243;]<div class=\"ult-spacer spacer-69e7bdec81ef3\" data-id=\"69e7bdec81ef3\" data-height=\"700\" data-height-mobile=\"300\" data-height-tab=\"300\" data-height-tab-portrait=\"300\" data-height-mobile-landscape=\"300\" style=\"clear:both;display:block;\"><\/div>[\/vc_column][vc_column column_padding=\u00bbpadding-1&#8243; width=\u00bb1\/2&#8243;]<div id=\"ultimate-heading-842469e7bdec81f35\" class=\"uvc-heading ult-adjust-bottom-margin ultimate-heading-842469e7bdec81f35 uvc-3091 \" data-hspacer=\"no_spacer\"  data-halign=\"center\" style=\"text-align:center\"><div class=\"uvc-heading-spacer no_spacer\" style=\"top\"><\/div><div class=\"uvc-sub-heading ult-responsive\"  data-ultimate-target='.uvc-heading.ultimate-heading-842469e7bdec81f35 .uvc-sub-heading '  data-responsive-json-new='{\"font-size\":\"desktop:40px;tablet:21px;tablet_portrait:21px;mobile_landscape:21px;mobile:21px;\",\"line-height\":\"\"}'  style=\"font-weight:bold;\"><a style=\"color: #013c5b;\">FINANZAS SOSTENIBLES<\/a><\/div><\/div><div class=\"ult-spacer spacer-69e7bdec81f60\" data-id=\"69e7bdec81f60\" data-height=\"20\" data-height-mobile=\"20\" data-height-tab=\"20\" data-height-tab-portrait=\"20\" data-height-mobile-landscape=\"20\" style=\"clear:both;display:block;\"><\/div><div class=\"single_image wpb_content_element align-center  animate  image_zoom\" data-animation=\"fade-in-from-bottom\" data-delay=\"0\"><img loading=\"lazy\" decoding=\"async\" width=\"127\" height=\"127\" src=\"https:\/\/www.proamazonia.org\/ppr\/wp-content\/uploads\/2020\/01\/iconos-finanzas-sostenibles.png\" class=\"attachment-full\" alt=\"\" title=\"iconos-finanzas-sostenibles\" srcset=\"https:\/\/www.proamazonia.org\/ppr\/wp-content\/uploads\/2020\/01\/iconos-finanzas-sostenibles.png 127w, https:\/\/www.proamazonia.org\/ppr\/wp-content\/uploads\/2020\/01\/iconos-finanzas-sostenibles-80x80.png 80w, https:\/\/www.proamazonia.org\/ppr\/wp-content\/uploads\/2020\/01\/iconos-finanzas-sostenibles-75x75.png 75w, https:\/\/www.proamazonia.org\/ppr\/wp-content\/uploads\/2020\/01\/iconos-finanzas-sostenibles-100x100.png 100w\" sizes=\"auto, (max-width: 127px) 100vw, 127px\" \/><\/div><div id=\"ultimate-heading-874969e7bdec824b4\" class=\"uvc-heading ult-adjust-bottom-margin ultimate-heading-874969e7bdec824b4 uvc-7195 \" data-hspacer=\"no_spacer\"  data-halign=\"center\" style=\"text-align:center\"><div class=\"uvc-heading-spacer no_spacer\" style=\"top\"><\/div><div class=\"uvc-sub-heading ult-responsive\"  data-ultimate-target='.uvc-heading.ultimate-heading-874969e7bdec824b4 .uvc-sub-heading '  data-responsive-json-new='{\"font-size\":\"desktop:22px;tablet:14px;tablet_portrait:14px;mobile_landscape:14px;mobile:14px;\",\"line-height\":\"\"}'  style=\"font-weight:normal;color:#1b4b65;\"><\/p>\n<p style=\"text-align: center;\">PROAmazon\u00eda trabaja junto a los actores del sistema financiero nacional, para promover la acci\u00f3n clim\u00e1tica, con el objetivo de operativizar la arquitectura financiera en el marco de la implementaci\u00f3n del Plan de Acci\u00f3n REDD+, pol\u00edtica p\u00fablica que contribuye a los esfuerzos nacionales para reducir la deforestaci\u00f3n y la degradaci\u00f3n de los bosques, bajo un enfoque de g\u00e9nero e interculturalidad.<\/p>\n<p><\/div><\/div>[\/vc_column][\/vc_row][vc_row type=\u00bbfull_width_section\u00bb text_align=\u00bbcenter\u00bb][vc_column bg_image=\u00bb61&#8243; column_center=\u00bbtrue\u00bb width=\u00bb1\/1&#8243;]<div class=\"ult-spacer spacer-69e7bdec824db\" data-id=\"69e7bdec824db\" data-height=\"59\" data-height-mobile=\"30\" data-height-tab=\"30\" data-height-tab-portrait=\"30\" data-height-mobile-landscape=\"30\" style=\"clear:both;display:block;\"><\/div>[\/vc_column][\/vc_row][vc_row][vc_column width=\u00bb1\/2&#8243;]<div class=\"ult-spacer spacer-69e7bdec824ee\" data-id=\"69e7bdec824ee\" data-height=\"100\" data-height-mobile=\"20\" data-height-tab=\"20\" data-height-tab-portrait=\"20\" data-height-mobile-landscape=\"20\" style=\"clear:both;display:block;\"><\/div><div class=\"minti_list wpb_content_element color-grey circle\" style=\"\">En esta l\u00ednea, se aborda la estructuraci\u00f3n de marcos habilitantes para incentivar las compras responsables en el sector p\u00fablico, la inclusi\u00f3n de criterios de sostenibilidad en instituciones financieras para la generaci\u00f3n de una cartera de cr\u00e9ditos verdes, con el objetivo de fomentar una producci\u00f3n sostenible y libre de deforestaci\u00f3n en el pa\u00eds.<\/p>\n<p>Hasta el momento se ha brindado apoyo t\u00e9cnico a instituciones financieras de la Econom\u00eda Popular y Solidaria (EPS), al Servicio Nacional de Compras P\u00fablicas (SERCOP); al Servicio de Rentas Internas (SRI), a instituciones de la Banca p\u00fablica y privada, y a organizaciones de cooperaci\u00f3n internacional.<\/div>[\/vc_column][vc_column width=\u00bb1\/2&#8243;]<div class=\"ult-spacer spacer-69e7bdec82511\" data-id=\"69e7bdec82511\" data-height=\"100\" data-height-mobile=\"20\" data-height-tab=\"20\" data-height-tab-portrait=\"20\" data-height-mobile-landscape=\"20\" style=\"clear:both;display:block;\"><\/div><div class=\"flexslider wpb_content_element\"><ul class=\"slides\"><li><img decoding=\"async\" src=\"https:\/\/www.proamazonia.org\/ppr\/wp-content\/uploads\/2022\/06\/15.Dina_.proamazonia.ganaderia.sostenible.produccion.ambiente.ecuador.bosque.jpg\" alt=\"\" \/><\/li><li><img decoding=\"async\" src=\"https:\/\/www.proamazonia.org\/ppr\/wp-content\/uploads\/2022\/06\/3.Dina_.proamazonia.ganaderia.sostenible.produccion.ambiente.ecuador.bosque.jpg\" alt=\"\" \/><\/li><li><img decoding=\"async\" src=\"https:\/\/www.proamazonia.org\/ppr\/wp-content\/uploads\/2022\/06\/21.Dina_.proamazonia.ganaderia.sostenible.produccion.ambiente.ecuador.bosque.jpg\" alt=\"\" \/><\/li><li><img decoding=\"async\" src=\"https:\/\/www.proamazonia.org\/ppr\/wp-content\/uploads\/2022\/06\/20.Dina_.proamazonia.ganaderia.sostenible.produccion.ambiente.ecuador.bosque.jpg\" alt=\"\" \/><\/li><\/ul><\/div>[\/vc_column][\/vc_row][vc_row][vc_column width=\u00bb1\/1&#8243;]<div class=\"ult-spacer spacer-69e7bdec83b26\" data-id=\"69e7bdec83b26\" data-height=\"100\" data-height-mobile=\"20\" data-height-tab=\"20\" data-height-tab-portrait=\"20\" data-height-mobile-landscape=\"20\" style=\"clear:both;display:block;\"><\/div>[vc_hoverbox image=\u00bb7112&#8243; primary_title=\u00bbNoticia\u00bb hover_title=\u00bbRetos y oportunidades del Ecuador al contar con una entidad nacional acreditada ante el GCF\u00bb hover_background_color=\u00bbgreen\u00bb]<\/p>\n<h2 style=\"text-align: center;\"><span style=\"color: #ffffff;\"><strong><a style=\"color: #ffffff;\" href=\"https:\/\/www.proamazonia.org\/retos-y-oportunidades-de-ecuador-al-contar-con-una-entidad-nacional-acreditada-ante-el-fvc\/\" target=\"_blank\" rel=\"noopener\">M\u00e1s informaci\u00f3n<\/a><\/strong><\/span><\/h2>\n<p>[\/vc_hoverbox][\/vc_column][\/vc_row][vc_row][vc_column width=\u00bb1\/2&#8243;]<div class=\"ult-spacer spacer-69e7bdec83b3b\" data-id=\"69e7bdec83b3b\" data-height=\"100\" data-height-mobile=\"20\" data-height-tab=\"20\" data-height-tab-portrait=\"20\" data-height-mobile-landscape=\"20\" style=\"clear:both;display:block;\"><\/div>[vc_column_text]<iframe loading=\"lazy\" src=\"https:\/\/www.youtube.com\/embed\/8cHHV4Y-bYE\" width=\"100%\" height=\"350\" frameborder=\"0\" allowfullscreen=\"allowfullscreen\"><\/iframe>[\/vc_column_text][\/vc_column][vc_column width=\u00bb1\/2&#8243;]<div class=\"ult-spacer spacer-69e7bdec83b57\" data-id=\"69e7bdec83b57\" data-height=\"100\" data-height-mobile=\"20\" data-height-tab=\"20\" data-height-tab-portrait=\"20\" data-height-mobile-landscape=\"20\" style=\"clear:both;display:block;\"><\/div>[vc_column_text]<iframe loading=\"lazy\" src=\"https:\/\/www.youtube.com\/embed\/4ubzU81qKdY\" width=\"100%\" height=\"350\" frameborder=\"0\" allowfullscreen=\"allowfullscreen\"><\/iframe>[\/vc_column_text][\/vc_column][\/vc_row]<\/p>\n<\/div>","protected":false},"excerpt":{"rendered":"<p>[vc_row type=\u00bbfull_width_section\u00bb bg_type=\u00bbimage\u00bb parallax_style=\u00bbvcpb-vz-jquery\u00bb][vc_column bg_image=\u00bb2125&#8243; column_center=\u00bbtrue\u00bb width=\u00bb1\/2&#8243;][\/vc_column][vc_column column_padding=\u00bbpadding-1&#8243; width=\u00bb1\/2&#8243;][\/vc_column][\/vc_row][vc_row type=\u00bbfull_width_section\u00bb text_align=\u00bbcenter\u00bb][vc_column bg_image=\u00bb61&#8243; column_center=\u00bbtrue\u00bb width=\u00bb1\/1&#8243;][\/vc_column][\/vc_row][vc_row][vc_column width=\u00bb1\/2&#8243;][\/vc_column][vc_column width=\u00bb1\/2&#8243;][\/vc_column][\/vc_row][vc_row][vc_column width=\u00bb1\/1&#8243;][vc_hoverbox image=\u00bb7112&#8243; primary_title=\u00bbNoticia\u00bb hover_title=\u00bbRetos y oportunidades del Ecuador al contar con una entidad nacional acreditada ante el GCF\u00bb hover_background_color=\u00bbgreen\u00bb] M\u00e1s informaci\u00f3n [\/vc_hoverbox][\/vc_column][\/vc_row][vc_row][vc_column width=\u00bb1\/2&#8243;][vc_column_text][\/vc_column_text][\/vc_column][vc_column width=\u00bb1\/2&#8243;][vc_column_text][\/vc_column_text][\/vc_column][\/vc_row]<\/p>\n","protected":false},"author":2,"featured_media":0,"parent":35,"menu_order":0,"comment_status":"closed","ping_status":"closed","template":"","meta":{"_uf_show_specific_survey":0,"_uf_disable_surveys":false,"footnotes":""},"class_list":["post-528","page","type-page","status-publish","hentry"],"aioseo_notices":[],"_links":{"self":[{"href":"https:\/\/www.proamazonia.org\/ppr\/wp-json\/wp\/v2\/pages\/528","targetHints":{"allow":["GET"]}}],"collection":[{"href":"https:\/\/www.proamazonia.org\/ppr\/wp-json\/wp\/v2\/pages"}],"about":[{"href":"https:\/\/www.proamazonia.org\/ppr\/wp-json\/wp\/v2\/types\/page"}],"author":[{"embeddable":true,"href":"https:\/\/www.proamazonia.org\/ppr\/wp-json\/wp\/v2\/users\/2"}],"replies":[{"embeddable":true,"href":"https:\/\/www.proamazonia.org\/ppr\/wp-json\/wp\/v2\/comments?post=528"}],"version-history":[{"count":33,"href":"https:\/\/www.proamazonia.org\/ppr\/wp-json\/wp\/v2\/pages\/528\/revisions"}],"predecessor-version":[{"id":7267,"href":"https:\/\/www.proamazonia.org\/ppr\/wp-json\/wp\/v2\/pages\/528\/revisions\/7267"}],"up":[{"embeddable":true,"href":"https:\/\/www.proamazonia.org\/ppr\/wp-json\/wp\/v2\/pages\/35"}],"wp:attachment":[{"href":"https:\/\/www.proamazonia.org\/ppr\/wp-json\/wp\/v2\/media?parent=528"}],"curies":[{"name":"wp","href":"https:\/\/api.w.org\/{rel}","templated":true}]}}