{"id":5936,"date":"2022-02-04T14:58:24","date_gmt":"2022-02-04T19:58:24","guid":{"rendered":"https:\/\/www.proamazonia.org\/?page_id=5936"},"modified":"2025-10-16T00:31:04","modified_gmt":"2025-10-16T05:31:04","slug":"capacitaciones-redd-mas","status":"publish","type":"page","link":"https:\/\/www.proamazonia.org\/ppr\/inicio\/biblioteca\/capacitaciones-redd-mas\/","title":{"rendered":"Capacitaciones REDD+"},"content":{"rendered":"<div class=\"wpb-content-wrapper\"><p>[vc_row][vc_column width=\u00bb1\/1&#8243;]<div class=\" ubtn-ctn-center \"><button type=\"button\" id=\"ubtn-8608\" class=\"ubtn ult-adjust-bottom-margin ult-responsive ubtn-large ubtn-no-hover-bg  none  ubtn-center   tooltip-69e7d2dc3c9fd\"  data-hover=\"\" data-border-color=\"\" data-bg=\"#ef711c\" data-hover-bg=\"#e09b11\" data-border-hover=\"\" data-shadow-hover=\"\" data-shadow-click=\"none\" data-shadow=\"\" data-shd-shadow=\"\"  data-ultimate-target='#ubtn-8608'  data-responsive-json-new='{\"font-size\":\"\",\"line-height\":\"\"}'  style=\"font-weight:normal;border:none;background: #ef711c;color: #000000;\"><span class=\"ubtn-data ubtn-icon\"><i class=\"none\" style=\"font-size:32px;color:;\"><\/i><\/span><span class=\"ubtn-hover\" style=\"background-color:#e09b11\"><\/span><span class=\"ubtn-data ubtn-text \" >CURSOS GRATUITOS DE CAPACITACI\u00d3N<\/span><\/button><\/div><div class=\"ult-spacer spacer-69e7d2dc3ca67\" data-id=\"69e7d2dc3ca67\" data-height=\"30\" data-height-mobile=\"20\" data-height-tab=\"20\" data-height-tab-portrait=\"20\" data-height-mobile-landscape=\"20\" style=\"clear:both;display:block;\"><\/div>[\/vc_column][\/vc_row][vc_row][vc_column width=\u00bb2\/3&#8243;][vc_column_text css_animation=\u00bbbounceInLeft\u00bb]<\/p>\n<h2 style=\"text-align: left;\" align=\"center\"><strong>CURSO No. 1: Interculturalidad y REDD+<\/strong><\/h2>\n<table style=\"height: 118px;\" width=\"582\">\n<tbody>\n<tr>\n<td width=\"94\"><strong>Duraci<\/strong><strong>\u00f3n:<\/strong><\/td>\n<td width=\"429\">55 horas<\/td>\n<\/tr>\n<tr>\n<td width=\"94\"><strong>Modalidad:<\/strong><\/td>\n<td width=\"429\">Virtual<\/td>\n<\/tr>\n<tr>\n<td width=\"94\"><strong>Fecha:<\/strong><\/td>\n<td width=\"429\">Oferta permanente<\/td>\n<\/tr>\n<tr>\n<td width=\"94\"><strong>Valor:<\/strong><\/td>\n<td width=\"429\">Gratuito<\/td>\n<\/tr>\n<tr>\n<td width=\"94\"><strong>Inscripci\u00f3n:<\/strong><\/td>\n<td width=\"429\"><a href=\"https:\/\/docs.google.com\/forms\/d\/e\/1FAIpQLSeCZiq4-5fFrEMxAeAVbP5q3-f7kfvUoiYgENmWbs60BCmJkA\/viewform\" target=\"_blank\" rel=\"noopener\">Ir a enlace<\/a><\/td>\n<\/tr>\n<tr>\n<td width=\"94\"><strong>Informaci\u00f3n:<\/strong><\/td>\n<td width=\"429\">Env\u00eda un correo a:\u00a0<a href=\"mailto:capacitaciones.scc@ambiente.gob.ec\">capacitaciones.scc@ambiente.gob.ec<\/a><\/td>\n<\/tr>\n<\/tbody>\n<\/table>\n<p>[\/vc_column_text]<a href=\"https:\/\/www.proamazonia.org\/ppr\/wp-content\/uploads\/2025\/10\/Brochure_Curso-Interculturalidad-y-REDD.pdf\" target=\"_blank\" class=\"button button-appear green medium \" style=\"border-radius: 2px;\"><span>VER FICHA DEL CURSO<\/span><\/a>[\/vc_column][vc_column width=\u00bb1\/3&#8243;][vc_hoverbox image=\u00bb10866&#8243; primary_title=\u00bb\u00bb hover_title=\u00bbCurso sobre Interculturalidad y REDD+\u00bb css_animation=\u00bbbounceInRight\u00bb]<\/p>\n<div class=\"page\" title=\"Page 4\">\n<div class=\"layoutArea\">\n<div class=\"column\">\n<p>Este curso busca fortalecer las capacidades de tomadores de decisiones, te\u0301cnicos, li\u0301deres comunitarios y actores sociales para que comprendan la relacio\u0301n entre justicia clima\u0301tica, equidad cultural y sostenibilidad ecolo\u0301gica.<\/p>\n<\/div>\n<\/div>\n<\/div>\n<p>[\/vc_hoverbox][\/vc_column][\/vc_row][vc_row][vc_column width=\u00bb1\/1&#8243;]<div class=\"ult-spacer spacer-69e7d2dc3cade\" data-id=\"69e7d2dc3cade\" data-height=\"30\" data-height-mobile=\"20\" data-height-tab=\"20\" data-height-tab-portrait=\"20\" data-height-mobile-landscape=\"20\" style=\"clear:both;display:block;\"><\/div>[\/vc_column][\/vc_row][vc_row][vc_column width=\u00bb2\/3&#8243;][vc_column_text css_animation=\u00bbbounceInLeft\u00bb]<\/p>\n<h2 style=\"text-align: left;\" align=\"center\"><strong>CURSO No. 2: Curso sobre cambio clim\u00e1tico, bosques y REDD+<\/strong><\/h2>\n<table style=\"height: 118px;\" width=\"582\">\n<tbody>\n<tr>\n<td width=\"94\"><strong>Duraci<\/strong><strong>\u00f3n:<\/strong><\/td>\n<td width=\"429\">40 horas<\/td>\n<\/tr>\n<tr>\n<td width=\"94\"><strong>Modalidad:<\/strong><\/td>\n<td width=\"429\">Virtual<\/td>\n<\/tr>\n<tr>\n<td width=\"94\"><strong>Fecha:<\/strong><\/td>\n<td width=\"429\">Oferta permanente<\/td>\n<\/tr>\n<tr>\n<td width=\"94\"><strong>Valor:<\/strong><\/td>\n<td width=\"429\">Gratuito<\/td>\n<\/tr>\n<tr>\n<td width=\"94\"><strong>Inscripci\u00f3n:<\/strong><\/td>\n<td width=\"429\"><a href=\"https:\/\/forms.gle\/woLLgUsW31fshaD37\" target=\"_blank\" rel=\"noopener\">Ir a enlace<\/a><\/td>\n<\/tr>\n<tr>\n<td width=\"94\"><strong>Enlace:<\/strong><\/td>\n<td width=\"429\"><a href=\"https:\/\/maateduca.ambiente.gob.ec\/\" target=\"_blank\" rel=\"noopener\">Ir a enlace<\/a><\/td>\n<\/tr>\n<\/tbody>\n<\/table>\n<p>[\/vc_column_text]<a href=\"https:\/\/www.proamazonia.org\/ppr\/wp-content\/uploads\/2025\/05\/Brochure_curso_redd.pdf\" target=\"_blank\" class=\"button button-appear green medium \" style=\"border-radius: 2px;\"><span>VER FICHA DEL CURSO<\/span><\/a>[\/vc_column][vc_column width=\u00bb1\/3&#8243;][vc_hoverbox image=\u00bb5959&#8243; primary_title=\u00bb\u00bb hover_title=\u00bbCurso sobre cambio clim\u00e1tico, bosques y REDD+\u00bb css_animation=\u00bbbounceInRight\u00bb]Dirigido al p\u00fablico en general con inter\u00e9s en adquirir nociones fundamentales sobre el cambio clim\u00e1tico, la contribuci\u00f3n de los bosques y el mecanismo REDD+.[\/vc_hoverbox][\/vc_column][\/vc_row][vc_row][vc_column width=\u00bb1\/1&#8243;]<div class=\"ult-spacer spacer-69e7d2dc3cb28\" data-id=\"69e7d2dc3cb28\" data-height=\"30\" data-height-mobile=\"20\" data-height-tab=\"20\" data-height-tab-portrait=\"20\" data-height-mobile-landscape=\"20\" style=\"clear:both;display:block;\"><\/div>[\/vc_column][\/vc_row][vc_row][vc_column width=\u00bb2\/3&#8243;][vc_column_text css_animation=\u00bbbounceInLeft\u00bb]<\/p>\n<h2 style=\"text-align: left;\" align=\"center\"><strong>CURSO No. 3: G\u00e9nero y REDD+<\/strong><\/h2>\n<table style=\"height: 118px;\" width=\"582\">\n<tbody>\n<tr>\n<td width=\"94\"><strong>Duraci<\/strong><strong>\u00f3n:<\/strong><\/td>\n<td width=\"429\">40 horas<\/td>\n<\/tr>\n<tr>\n<td width=\"94\"><strong>Modalidad:<\/strong><\/td>\n<td width=\"429\">Virtual<\/td>\n<\/tr>\n<tr>\n<td width=\"94\"><strong>Fecha:<\/strong><\/td>\n<td width=\"429\">Oferta permanente, vinculado a cronograma<\/td>\n<\/tr>\n<tr>\n<td width=\"94\"><strong>Valor:<\/strong><\/td>\n<td width=\"429\">Gratuito<\/td>\n<\/tr>\n<tr>\n<td width=\"94\"><strong>Inscripci\u00f3n:<\/strong><\/td>\n<td width=\"429\"><a href=\"https:\/\/forms.gle\/YzbcEuTuDkn8nsaX7\" target=\"_blank\" rel=\"noopener\">Ir a enlace<\/a><\/td>\n<\/tr>\n<tr>\n<td width=\"94\"><strong>Enlace:<\/strong><\/td>\n<td width=\"429\"><a href=\"https:\/\/maateduca.ambiente.gob.ec\/\" target=\"_blank\" rel=\"noopener\">Ir a enlace<\/a><\/td>\n<\/tr>\n<\/tbody>\n<\/table>\n<p>[\/vc_column_text]<a href=\"https:\/\/www.proamazonia.org\/ppr\/wp-content\/uploads\/2025\/05\/Brouchure-curso-Genero-y-REDD_final.pdf\" target=\"_blank\" class=\"button button-appear green medium \" style=\"border-radius: 2px;\"><span>VER FICHA DEL CURSO<\/span><\/a>[\/vc_column][vc_column width=\u00bb1\/3&#8243;][vc_hoverbox image=\u00bb10064&#8243; primary_title=\u00bb\u00bb hover_title=\u00bbG\u00e9nero y REDD+\u00bb css_animation=\u00bbbounceInRight\u00bb]Se ha desarrollado el curso \u201cG\u00e9nero y REDD+\u201d, para fortalecer las capacidades de las personas interesadas en el tema, as\u00ed como personas involucradas en la implementaci\u00f3n del PA REDD+, en la comprensi\u00f3n y transversalizaci\u00f3n del enfoque de g\u00e9nero en materia de mitigaci\u00f3n del Cambio Clim\u00e1tico.[\/vc_hoverbox][\/vc_column][\/vc_row][vc_row][vc_column width=\u00bb1\/1&#8243;]<div class=\"ult-spacer spacer-69e7d2dc3cb6a\" data-id=\"69e7d2dc3cb6a\" data-height=\"30\" data-height-mobile=\"20\" data-height-tab=\"20\" data-height-tab-portrait=\"20\" data-height-mobile-landscape=\"20\" style=\"clear:both;display:block;\"><\/div>[\/vc_column][\/vc_row][vc_row][vc_column width=\u00bb2\/3&#8243;][vc_column_text css_animation=\u00bbbounceInLeft\u00bb]<\/p>\n<h2 style=\"text-align: left;\" align=\"center\"><strong>CURSO No. 4: Salvaguardas Sociales y Ambientales REDD+<\/strong><\/h2>\n<table style=\"height: 118px;\" width=\"582\">\n<tbody>\n<tr>\n<td width=\"94\"><strong>Duraci<\/strong><strong>\u00f3n:<\/strong><\/td>\n<td width=\"429\">55 horas<\/td>\n<\/tr>\n<tr>\n<td width=\"94\"><strong>Modalidad:<\/strong><\/td>\n<td width=\"429\">Virtual<\/td>\n<\/tr>\n<tr>\n<td width=\"94\"><strong>Fecha:<\/strong><\/td>\n<td width=\"429\">Oferta permanente, vinculado a cronograma<\/td>\n<\/tr>\n<tr>\n<td width=\"94\"><strong>Valor:<\/strong><\/td>\n<td width=\"429\">Gratuito<\/td>\n<\/tr>\n<tr>\n<td width=\"94\"><strong>Inscripci\u00f3n:<\/strong><\/td>\n<td width=\"429\"><a href=\"https:\/\/forms.gle\/6rtZFwh718pShEQK9\" target=\"_blank\" rel=\"noopener\">Ir a enlace<\/a><\/td>\n<\/tr>\n<tr>\n<td width=\"94\"><strong>Enlace:<\/strong><\/td>\n<td width=\"429\"><a href=\"https:\/\/maateduca.ambiente.gob.ec\/\" target=\"_blank\" rel=\"noopener\">Ir a enlace<\/a><\/td>\n<\/tr>\n<\/tbody>\n<\/table>\n<p>[\/vc_column_text]<a href=\"https:\/\/www.proamazonia.org\/ppr\/wp-content\/uploads\/2025\/05\/Brochure_SALVAGUARDAS.pdf\" target=\"_blank\" class=\"button button-appear green medium \" style=\"border-radius: 2px;\"><span>VER FICHA DEL CURSO<\/span><\/a>[\/vc_column][vc_column width=\u00bb1\/3&#8243;][vc_hoverbox image=\u00bb9845&#8243; primary_title=\u00bb\u00bb hover_title=\u00bbSalvaguardas Sociales y Ambientales REED+\u00bb css_animation=\u00bbbounceInRight\u00bb]El curso est\u00e1 dirigido a profesionales, estudiantes, instituciones y p\u00fablico en general que quiera formar parte de la comunidad comprometida con la conservaci\u00f3n de los bosques, aprendiendo o fortaleciendo sus conocimientos sobre la interpretaci\u00f3n y aplicaci\u00f3n de las Salvaguardas Sociales y Ambientales REED+ en Ecuador.[\/vc_hoverbox][\/vc_column][\/vc_row][vc_row][vc_column width=\u00bb1\/1&#8243;]<div class=\"ult-spacer spacer-69e7d2dc3cba7\" data-id=\"69e7d2dc3cba7\" data-height=\"30\" data-height-mobile=\"20\" data-height-tab=\"20\" data-height-tab-portrait=\"20\" data-height-mobile-landscape=\"20\" style=\"clear:both;display:block;\"><\/div>[\/vc_column][\/vc_row][vc_row][vc_column width=\u00bb2\/3&#8243;][vc_column_text css_animation=\u00bbbounceInLeft\u00bb]<\/p>\n<h2 style=\"text-align: left;\" align=\"center\"><strong>CURSO No. 5: Formador de formadores: metodolog\u00edas y herramientas de formaci\u00f3n y facilitaci\u00f3n<\/strong><\/h2>\n<table style=\"height: 118px;\" width=\"582\">\n<tbody>\n<tr>\n<td width=\"94\"><strong>Duraci<\/strong><strong>\u00f3n:<\/strong><\/td>\n<td width=\"429\">66 horas totales: 50 virtuales y 16 presenciales<\/td>\n<\/tr>\n<tr>\n<td width=\"94\"><strong>Modalidad:<\/strong><\/td>\n<td width=\"429\">Semipresencial<\/td>\n<\/tr>\n<tr>\n<td width=\"94\"><strong>Fecha:<\/strong><\/td>\n<td width=\"429\">Por definir<\/td>\n<\/tr>\n<tr>\n<td width=\"94\"><strong>Valor:<\/strong><\/td>\n<td width=\"429\">Gratuito<\/td>\n<\/tr>\n<tr>\n<td width=\"94\"><strong>Inscripci\u00f3n:<\/strong><\/td>\n<td width=\"429\">Por definir<\/td>\n<\/tr>\n<tr>\n<td width=\"94\"><strong>Enlace:<\/strong><\/td>\n<td width=\"429\"><a href=\"https:\/\/maateduca.ambiente.gob.ec\/\" target=\"_blank\" rel=\"noopener\">Ir a enlace<\/a><\/td>\n<\/tr>\n<\/tbody>\n<\/table>\n<p>[\/vc_column_text]<a href=\"https:\/\/www.proamazonia.org\/wp-content\/uploads\/2022\/04\/curso-3-formador-de-formadores-proamazonia.pdf\" target=\"_blank\" class=\"button button-appear green medium \" style=\"border-radius: 2px;\"><span>VER FICHA DEL CURSO<\/span><\/a>[\/vc_column][vc_column width=\u00bb1\/3&#8243;][vc_hoverbox image=\u00bb5950&#8243; primary_title=\u00bb\u00bb hover_title=\u00bbFormador de formadores: metodolog\u00edas y herramientas de formaci\u00f3n y facilitaci\u00f3n\u00bb css_animation=\u00bbbounceInRight\u00bb]El programa est\u00e1 dirigido al equipo t\u00e9cnico de los cuatro componentes de PROAmazon\u00eda y personal del MAATE, MAG y GAD, con quienes el Programa trabaja.[\/vc_hoverbox][\/vc_column][\/vc_row][vc_row][vc_column width=\u00bb1\/1&#8243;]<div class=\"ult-spacer spacer-69e7d2dc3cbfc\" data-id=\"69e7d2dc3cbfc\" data-height=\"30\" data-height-mobile=\"20\" data-height-tab=\"20\" data-height-tab-portrait=\"20\" data-height-mobile-landscape=\"20\" style=\"clear:both;display:block;\"><\/div>[\/vc_column][\/vc_row][vc_row][vc_column width=\u00bb2\/3&#8243;][vc_column_text css_animation=\u00bbbounceInLeft\u00bb]<\/p>\n<h2 style=\"text-align: left;\" align=\"center\"><strong>CURSO No. 6: Monitoreo Comunitario<\/strong><\/h2>\n<table style=\"height: 118px;\" width=\"582\">\n<tbody>\n<tr>\n<td width=\"94\"><strong>Duraci<\/strong><strong>\u00f3n:<\/strong><\/td>\n<td width=\"429\">28 horas<\/td>\n<\/tr>\n<tr>\n<td width=\"94\"><strong>Modalidad:<\/strong><\/td>\n<td width=\"429\">Virtual<\/td>\n<\/tr>\n<tr>\n<td width=\"94\"><strong>Fecha:<\/strong><\/td>\n<td width=\"429\">Oferta permanente<\/td>\n<\/tr>\n<tr>\n<td width=\"94\"><strong>Valor:<\/strong><\/td>\n<td width=\"429\">Gratuito<\/td>\n<\/tr>\n<tr>\n<td width=\"94\"><strong>Inscripci\u00f3n:<\/strong><\/td>\n<td width=\"429\"><a href=\"https:\/\/forms.gle\/m6xJ4Vp7dmozvzby7\" target=\"_blank\" rel=\"noopener\">Ir a enlace<\/a><\/td>\n<\/tr>\n<tr>\n<td width=\"94\"><strong>Enlace:<\/strong><\/td>\n<td width=\"429\"><a href=\"https:\/\/maateduca.ambiente.gob.ec\/\" target=\"_blank\" rel=\"noopener\">Ir a enlace<\/a><\/td>\n<\/tr>\n<\/tbody>\n<\/table>\n<p>[\/vc_column_text]<a href=\"https:\/\/www.proamazonia.org\/wp-content\/uploads\/2022\/04\/curso-4-monitoreo-comunitario-proamazonia.pdf\" target=\"_blank\" class=\"button button-appear green medium \" style=\"border-radius: 2px;\"><span>VER FICHA DEL CURSO<\/span><\/a>[\/vc_column][vc_column width=\u00bb1\/3&#8243;][vc_hoverbox image=\u00bb6188&#8243; primary_title=\u00bb\u00bb hover_title=\u00bbMonitoreo Comunitario\u00bb css_animation=\u00bbbounceInRight\u00bb]El Programa de Formaci\u00f3n de Monitoreo Comunitario en su fase virtual est\u00e1 dirigido a t\u00e9cnicos\/as locales del Ministerio de Ambiente, Agua y Transici\u00f3n Ecol\u00f3gica, Gobiernos Aut\u00f3nomos Descentralizados del \u00e1mbito parroquial, cantonal y provincial, Confederaci\u00f3n de Nacionalidades Ind\u00edgenas de la Amazon\u00eda-CONFENIAE y a la sociedad civil interesada en desarrollar manejo de los recursos naturales.[\/vc_hoverbox][\/vc_column][\/vc_row][vc_row][vc_column width=\u00bb1\/1&#8243;]<div class=\"ult-spacer spacer-69e7d2dc3cc35\" data-id=\"69e7d2dc3cc35\" data-height=\"30\" data-height-mobile=\"20\" data-height-tab=\"20\" data-height-tab-portrait=\"20\" data-height-mobile-landscape=\"20\" style=\"clear:both;display:block;\"><\/div>[\/vc_column][\/vc_row][vc_row][vc_column width=\u00bb2\/3&#8243;][vc_column_text css_animation=\u00bbbounceInLeft\u00bb]<\/p>\n<h2 style=\"text-align: left;\" align=\"center\"><strong>CURSO No. 7: Frontera Agr\u00edcola<\/strong><\/h2>\n<table style=\"height: 118px;\" width=\"582\">\n<tbody>\n<tr>\n<td width=\"94\"><strong>Duraci<\/strong><strong>\u00f3n:<\/strong><\/td>\n<td width=\"429\">40 horas<\/td>\n<\/tr>\n<tr>\n<td width=\"94\"><strong>Modalidad:<\/strong><\/td>\n<td width=\"429\">Virtual<\/td>\n<\/tr>\n<tr>\n<td width=\"94\"><strong>Fecha:<\/strong><\/td>\n<td width=\"429\">Oferta permanente<\/td>\n<\/tr>\n<tr>\n<td width=\"94\"><strong>Valor:<\/strong><\/td>\n<td width=\"429\">Gratuito<\/td>\n<\/tr>\n<tr>\n<td width=\"94\"><strong>Inscripci\u00f3n:<\/strong><\/td>\n<td width=\"429\"><a href=\"https:\/\/sepuede.com.ec\/registro.php\" target=\"_blank\" rel=\"noopener\">Ir a enlace<\/a><\/td>\n<\/tr>\n<tr>\n<td width=\"94\"><strong>Enlace:<\/strong><\/td>\n<td width=\"429\"><a href=\"https:\/\/sepuede.com.ec\/informacion-curso.php?id=841\" target=\"_blank\" rel=\"noopener\">Ir a enlace<\/a><\/td>\n<\/tr>\n<\/tbody>\n<\/table>\n<p>[\/vc_column_text]<a href=\"https:\/\/www.proamazonia.org\/wp-content\/uploads\/2022\/04\/curso-2-forntera-agricola-proamazonia.pdf\" target=\"_blank\" class=\"button button-appear green medium \" style=\"border-radius: 2px;\"><span>VER FICHA DEL CURSO<\/span><\/a>[\/vc_column][vc_column width=\u00bb1\/3&#8243;][vc_hoverbox image=\u00bb6024&#8243; primary_title=\u00bb\u00bb hover_title=\u00bbFrontera Agr\u00edcola\u00bb css_animation=\u00bbbounceInRight\u00bb]Dirigido al p\u00fablico en general interesado en comprender las consecuencias de la frontera agr\u00edcola y el impacto en el cambio clim\u00e1tico.[\/vc_hoverbox][\/vc_column][\/vc_row][vc_row][vc_column width=\u00bb1\/1&#8243;]<div class=\"ult-spacer spacer-69e7d2dc3cc69\" data-id=\"69e7d2dc3cc69\" data-height=\"30\" data-height-mobile=\"20\" data-height-tab=\"20\" data-height-tab-portrait=\"20\" data-height-mobile-landscape=\"20\" style=\"clear:both;display:block;\"><\/div>[\/vc_column][\/vc_row][vc_row][vc_column width=\u00bb2\/3&#8243;][vc_column_text css_animation=\u00bbbounceInLeft\u00bb]<\/p>\n<h2 style=\"text-align: left;\" align=\"center\"><strong>CURSO No. 8: Ganader\u00eda sostenible<\/strong><\/h2>\n<table style=\"height: 118px;\" width=\"582\">\n<tbody>\n<tr>\n<td width=\"94\"><strong>Duraci<\/strong><strong>\u00f3n:<\/strong><\/td>\n<td width=\"429\">40 horas<\/td>\n<\/tr>\n<tr>\n<td width=\"94\"><strong>Modalidad:<\/strong><\/td>\n<td width=\"429\">Virtual<\/td>\n<\/tr>\n<tr>\n<td width=\"94\"><strong>Fecha:<\/strong><\/td>\n<td width=\"429\">Oferta permanente<\/td>\n<\/tr>\n<tr>\n<td width=\"94\"><strong>Valor:<\/strong><\/td>\n<td width=\"429\">Gratuito<\/td>\n<\/tr>\n<tr>\n<td width=\"94\"><strong>Inscripci\u00f3n:<\/strong><\/td>\n<td width=\"429\"><a href=\"https:\/\/sepuede.com.ec\/registro.php\" target=\"_blank\" rel=\"noopener\">Ir a enlace<\/a><\/td>\n<\/tr>\n<tr>\n<td width=\"94\"><strong>Enlace:<\/strong><\/td>\n<td width=\"429\"><a href=\"https:\/\/sepuede.com.ec\/informacion-curso.php?id=842\" target=\"_blank\" rel=\"noopener\">Ir a enlace<\/a><\/td>\n<\/tr>\n<\/tbody>\n<\/table>\n<p>[\/vc_column_text]<a href=\"https:\/\/www.proamazonia.org\/wp-content\/uploads\/2022\/04\/curso-5-ganaderia-sostenible-proamazonia.pdf\" target=\"_blank\" class=\"button button-appear green medium \" style=\"border-radius: 2px;\"><span>VER FICHA DEL CURSO<\/span><\/a>[\/vc_column][vc_column width=\u00bb1\/3&#8243;][vc_hoverbox image=\u00bb5952&#8243; primary_title=\u00bb\u00bb hover_title=\u00bbGanader\u00eda sostenible\u00bb css_animation=\u00bbbounceInRight\u00bb]Dirigido al p\u00fablico en general interesado en comprender las caracter\u00edsticas de los procesos de la ganader\u00eda sostenible y las buenas pr\u00e1cticas pecuarias.[\/vc_hoverbox][\/vc_column][\/vc_row][vc_row][vc_column width=\u00bb1\/1&#8243;]<div class=\"ult-spacer spacer-69e7d2dc3cc9b\" data-id=\"69e7d2dc3cc9b\" data-height=\"30\" data-height-mobile=\"20\" data-height-tab=\"20\" data-height-tab-portrait=\"20\" data-height-mobile-landscape=\"20\" style=\"clear:both;display:block;\"><\/div>[\/vc_column][\/vc_row]<\/p>\n<\/div>","protected":false},"excerpt":{"rendered":"<p>[vc_row][vc_column width=\u00bb1\/1&#8243;][\/vc_column][\/vc_row][vc_row][vc_column width=\u00bb2\/3&#8243;][vc_column_text css_animation=\u00bbbounceInLeft\u00bb] CURSO No. 1: Interculturalidad y REDD+ Duraci\u00f3n: 55 horas Modalidad: Virtual Fecha: Oferta permanente Valor: Gratuito Inscripci\u00f3n: Ir a enlace Informaci\u00f3n: Env\u00eda un correo a:\u00a0capacitaciones.scc@ambiente.gob.ec [\/vc_column_text][\/vc_column][vc_column width=\u00bb1\/3&#8243;][vc_hoverbox image=\u00bb10866&#8243; primary_title=\u00bb\u00bb hover_title=\u00bbCurso sobre Interculturalidad y REDD+\u00bb css_animation=\u00bbbounceInRight\u00bb] Este curso busca fortalecer las capacidades de tomadores de decisiones, te\u0301cnicos, li\u0301deres comunitarios y actores sociales para que comprendan la relacio\u0301n entre justicia clima\u0301tica, equidad cultural y sostenibilidad ecolo\u0301gica. [\/vc_hoverbox][\/vc_column][\/vc_row][vc_row][vc_column width=\u00bb1\/1&#8243;][\/vc_column][\/vc_row][vc_row][vc_column width=\u00bb2\/3&#8243;][vc_column_text css_animation=\u00bbbounceInLeft\u00bb] CURSO No. 2: Curso sobre cambio clim\u00e1tico, bosques y REDD+ Duraci\u00f3n: 40 horas Modalidad: Virtual Fecha: Oferta permanente Valor: Gratuito Inscripci\u00f3n: Ir a enlace Enlace: Ir a enlace [\/vc_column_text][\/vc_column][vc_column width=\u00bb1\/3&#8243;][vc_hoverbox image=\u00bb5959&#8243; primary_title=\u00bb\u00bb hover_title=\u00bbCurso sobre cambio clim\u00e1tico, bosques y REDD+\u00bb css_animation=\u00bbbounceInRight\u00bb]Dirigido al p\u00fablico en general con inter\u00e9s en adquirir nociones fundamentales sobre el cambio clim\u00e1tico, la contribuci\u00f3n de los bosques y el mecanismo REDD+.[\/vc_hoverbox][\/vc_column][\/vc_row][vc_row][vc_column width=\u00bb1\/1&#8243;][\/vc_column][\/vc_row][vc_row][vc_column width=\u00bb2\/3&#8243;][vc_column_text css_animation=\u00bbbounceInLeft\u00bb] CURSO No. 3: G\u00e9nero y REDD+ Duraci\u00f3n: 40 horas Modalidad: Virtual Fecha: Oferta permanente, vinculado a cronograma Valor: Gratuito Inscripci\u00f3n: Ir a enlace Enlace: Ir a enlace [\/vc_column_text][\/vc_column][vc_column width=\u00bb1\/3&#8243;][vc_hoverbox image=\u00bb10064&#8243; primary_title=\u00bb\u00bb hover_title=\u00bbG\u00e9nero y REDD+\u00bb css_animation=\u00bbbounceInRight\u00bb]Se ha desarrollado el curso \u201cG\u00e9nero y REDD+\u201d, para fortalecer las capacidades de las personas interesadas en el tema, as\u00ed como personas involucradas en la implementaci\u00f3n del PA [&hellip;]<\/p>\n","protected":false},"author":2,"featured_media":0,"parent":39,"menu_order":0,"comment_status":"closed","ping_status":"closed","template":"","meta":{"_uf_show_specific_survey":0,"_uf_disable_surveys":false,"footnotes":""},"class_list":["post-5936","page","type-page","status-publish","hentry"],"aioseo_notices":[],"_links":{"self":[{"href":"https:\/\/www.proamazonia.org\/ppr\/wp-json\/wp\/v2\/pages\/5936","targetHints":{"allow":["GET"]}}],"collection":[{"href":"https:\/\/www.proamazonia.org\/ppr\/wp-json\/wp\/v2\/pages"}],"about":[{"href":"https:\/\/www.proamazonia.org\/ppr\/wp-json\/wp\/v2\/types\/page"}],"author":[{"embeddable":true,"href":"https:\/\/www.proamazonia.org\/ppr\/wp-json\/wp\/v2\/users\/2"}],"replies":[{"embeddable":true,"href":"https:\/\/www.proamazonia.org\/ppr\/wp-json\/wp\/v2\/comments?post=5936"}],"version-history":[{"count":53,"href":"https:\/\/www.proamazonia.org\/ppr\/wp-json\/wp\/v2\/pages\/5936\/revisions"}],"predecessor-version":[{"id":10870,"href":"https:\/\/www.proamazonia.org\/ppr\/wp-json\/wp\/v2\/pages\/5936\/revisions\/10870"}],"up":[{"embeddable":true,"href":"https:\/\/www.proamazonia.org\/ppr\/wp-json\/wp\/v2\/pages\/39"}],"wp:attachment":[{"href":"https:\/\/www.proamazonia.org\/ppr\/wp-json\/wp\/v2\/media?parent=5936"}],"curies":[{"name":"wp","href":"https:\/\/api.w.org\/{rel}","templated":true}]}}